{"id":1056,"date":"2024-03-20T02:43:40","date_gmt":"2024-03-20T02:43:40","guid":{"rendered":"https:\/\/unt.edu.rs\/?page_id=1056"},"modified":"2026-03-31T12:24:09","modified_gmt":"2026-03-31T10:24:09","slug":"fakulteti","status":"publish","type":"page","link":"https:\/\/unt.edu.rs\/en\/o-univerzitetu\/fakulteti\/","title":{"rendered":"Faculties"},"content":{"rendered":"<div data-elementor-type=\"wp-page\" data-elementor-id=\"1056\" class=\"elementor elementor-1056\" data-elementor-post-type=\"page\">\n\t\t\t\t<main class=\"elementor-element elementor-element-f13bc10 e-flex e-con-boxed e-con e-parent\" data-id=\"f13bc10\" data-element_type=\"container\" data-e-type=\"container\" data-settings=\"{&quot;background_background&quot;:&quot;classic&quot;}\">\n\t\t\t\t\t<div class=\"e-con-inner\">\n\t\t<div class=\"elementor-element elementor-element-4a1403b e-con-full e-flex e-con e-child\" data-id=\"4a1403b\" data-element_type=\"container\" data-e-type=\"container\">\n\t\t\t\t<div class=\"elementor-element elementor-element-6f9f0a1 elementor-widget elementor-widget-template\" data-id=\"6f9f0a1\" data-element_type=\"widget\" data-e-type=\"widget\" data-widget_type=\"template.default\">\n\t\t\t\t<div class=\"elementor-widget-container\">\n\t\t\t\t\t\t\t<div class=\"elementor-template\">\n\t\t\t\t\t<div data-elementor-type=\"container\" data-elementor-id=\"1711\" class=\"elementor elementor-1711\" data-elementor-post-type=\"elementor_library\">\n\t\t\t\t<section class=\"elementor-element elementor-element-30524144 e-con-full e-flex e-con e-child\" data-id=\"30524144\" data-element_type=\"container\" data-e-type=\"container\">\n\t\t<div class=\"elementor-element elementor-element-4bca8df3 e-con-full e-flex e-con e-child\" data-id=\"4bca8df3\" data-element_type=\"container\" data-e-type=\"container\" data-settings=\"{&quot;background_background&quot;:&quot;classic&quot;}\">\n\t\t<div class=\"elementor-element elementor-element-62683539 e-flex e-con-boxed e-con e-child\" data-id=\"62683539\" data-element_type=\"container\" data-e-type=\"container\">\n\t\t\t\t\t<div class=\"e-con-inner\">\n\t\t\t\t<div class=\"elementor-element elementor-element-24b9f11 elementor-widget elementor-widget-heading\" data-id=\"24b9f11\" data-element_type=\"widget\" data-e-type=\"widget\" data-widget_type=\"heading.default\">\n\t\t\t\t<div class=\"elementor-widget-container\">\n\t\t\t\t\t<h1 class=\"elementor-heading-title elementor-size-default\">Faculties<\/h1>\t\t\t\t<\/div>\n\t\t\t\t<\/div>\n\t\t\t\t\t<\/div>\n\t\t\t\t<\/div>\n\t\t\t\t<\/div>\n\t\t<div class=\"elementor-element elementor-element-21437c9a e-flex e-con-boxed e-con e-child\" data-id=\"21437c9a\" data-element_type=\"container\" data-e-type=\"container\">\n\t\t\t\t\t<div class=\"e-con-inner\">\n\t\t<div class=\"elementor-element elementor-element-7435cc29 e-con-full e-flex e-con e-child\" data-id=\"7435cc29\" data-element_type=\"container\" data-e-type=\"container\">\n\t\t\t\t<div class=\"elementor-element elementor-element-408b0d06 elementor-widget__width-inherit elementor-widget elementor-widget-shortcode\" data-id=\"408b0d06\" data-element_type=\"widget\" data-e-type=\"widget\" data-widget_type=\"shortcode.default\">\n\t\t\t\t<div class=\"elementor-widget-container\">\n\t\t\t\t\t\t\t<div class=\"elementor-shortcode\"><span property=\"itemListElement\" typeof=\"ListItem\"><a property=\"item\" typeof=\"WebPage\" title=\"Go to Union Nikola Tesla University.\" href=\"https:\/\/unt.edu.rs\/en\" class=\"home\" ><span property=\"name\">University of \"Union-Nikola Tesla\"<\/span><\/a><meta property=\"position\" content=\"1\"><\/span> &gt; <span property=\"itemListElement\" typeof=\"ListItem\"><a property=\"item\" typeof=\"WebPage\" title=\"Go to News.\" href=\"https:\/\/unt.edu.rs\/en\/vesti\/\" class=\"post-root post post-post\" aria-current=\"page\"><span property=\"name\">News<\/span><\/a><meta property=\"position\" content=\"2\"><\/span><\/div>\n\t\t\t\t\t\t<\/div>\n\t\t\t\t<\/div>\n\t\t\t\t<\/div>\n\t\t\t\t\t<\/div>\n\t\t\t\t<\/div>\n\t\t\t\t<\/section>\n\t\t\t\t<\/div>\n\t\t\t\t<\/div>\n\t\t\t\t\t\t<\/div>\n\t\t\t\t<\/div>\n\t\t\t\t<\/div>\n\t\t<section class=\"elementor-element elementor-element-be7872e e-flex e-con-boxed e-con e-child\" data-id=\"be7872e\" data-element_type=\"container\" data-e-type=\"container\">\n\t\t\t\t\t<div class=\"e-con-inner\">\n\t\t<div class=\"elementor-element elementor-element-2ed2fda e-grid e-con-boxed e-con e-child\" data-id=\"2ed2fda\" data-element_type=\"container\" data-e-type=\"container\">\n\t\t\t\t\t<div class=\"e-con-inner\">\n\t\t<a class=\"elementor-element elementor-element-e15756e e-con-full e-flex e-con e-child\" data-id=\"e15756e\" data-element_type=\"container\" data-e-type=\"container\" href=\"https:\/\/unt.edu.rs\/en\/o-univerzitetu\/fakulteti\/fakultet-za-graditeljski-menadzment\/\">\n\t\t<div class=\"elementor-element elementor-element-de287c2 e-con-full e-flex e-con e-child\" data-id=\"de287c2\" data-element_type=\"container\" data-e-type=\"container\" data-settings=\"{&quot;background_background&quot;:&quot;classic&quot;}\">\n\t\t\t\t<div class=\"elementor-element elementor-element-feb3098 elementor-widget elementor-widget-image\" data-id=\"feb3098\" data-element_type=\"widget\" data-e-type=\"widget\" data-widget_type=\"image.default\">\n\t\t\t\t<div class=\"elementor-widget-container\">\n\t\t\t\t\t\t\t\t\t\t\t\t\t\t\t<img fetchpriority=\"high\" decoding=\"async\" width=\"400\" height=\"366\" src=\"https:\/\/unt.edu.rs\/wp-content\/uploads\/2024\/04\/Fakultet-za-graditeljski-menadzment-copy.webp\" class=\"attachment-full size-full wp-image-10698\" alt=\"Fakultet za graditeljski menad\u017ement\" srcset=\"https:\/\/unt.edu.rs\/wp-content\/uploads\/2024\/04\/Fakultet-za-graditeljski-menadzment-copy.webp 400w, https:\/\/unt.edu.rs\/wp-content\/uploads\/2024\/04\/Fakultet-za-graditeljski-menadzment-copy-300x275.webp 300w, https:\/\/unt.edu.rs\/wp-content\/uploads\/2024\/04\/Fakultet-za-graditeljski-menadzment-copy-13x12.webp 13w\" sizes=\"(max-width: 400px) 100vw, 400px\" \/>\t\t\t\t\t\t\t\t\t\t\t\t\t\t\t<\/div>\n\t\t\t\t<\/div>\n\t\t\t\t<\/div>\n\t\t\t\t<div class=\"elementor-element elementor-element-6519921 elementor-widget elementor-widget-heading\" data-id=\"6519921\" data-element_type=\"widget\" data-e-type=\"widget\" data-widget_type=\"heading.default\">\n\t\t\t\t<div class=\"elementor-widget-container\">\n\t\t\t\t\t<h2 class=\"elementor-heading-title elementor-size-default\">Faculty of  Construction Management<\/h2>\t\t\t\t<\/div>\n\t\t\t\t<\/div>\n\t\t\t\t<\/a>\n\t\t<a class=\"elementor-element elementor-element-aac3122 e-con-full e-flex e-con e-child\" data-id=\"aac3122\" data-element_type=\"container\" data-e-type=\"container\" href=\"https:\/\/unt.edu.rs\/en\/o-univerzitetu\/fakulteti\/fakultet-za-ekologiju-i-zastitu-zivotne-sredine\/\">\n\t\t<div class=\"elementor-element elementor-element-070ec56 e-con-full e-flex e-con e-child\" data-id=\"070ec56\" data-element_type=\"container\" data-e-type=\"container\" data-settings=\"{&quot;background_background&quot;:&quot;classic&quot;}\">\n\t\t\t\t<div class=\"elementor-element elementor-element-633e6f9 elementor-widget elementor-widget-image\" data-id=\"633e6f9\" data-element_type=\"widget\" data-e-type=\"widget\" data-widget_type=\"image.default\">\n\t\t\t\t<div class=\"elementor-widget-container\">\n\t\t\t\t\t\t\t\t\t\t\t\t\t\t\t<img decoding=\"async\" width=\"400\" height=\"365\" src=\"https:\/\/unt.edu.rs\/wp-content\/uploads\/2024\/04\/Fakultet-za-ekologiju-i-zastitu-zivotne-sredine-copy.webp\" class=\"attachment-full size-full wp-image-10696\" alt=\"Fakultet za ekologiju i za\u0161titu \u017eivotne sredine\" srcset=\"https:\/\/unt.edu.rs\/wp-content\/uploads\/2024\/04\/Fakultet-za-ekologiju-i-zastitu-zivotne-sredine-copy.webp 400w, https:\/\/unt.edu.rs\/wp-content\/uploads\/2024\/04\/Fakultet-za-ekologiju-i-zastitu-zivotne-sredine-copy-300x274.webp 300w, https:\/\/unt.edu.rs\/wp-content\/uploads\/2024\/04\/Fakultet-za-ekologiju-i-zastitu-zivotne-sredine-copy-13x12.webp 13w\" sizes=\"(max-width: 400px) 100vw, 400px\" \/>\t\t\t\t\t\t\t\t\t\t\t\t\t\t\t<\/div>\n\t\t\t\t<\/div>\n\t\t\t\t<\/div>\n\t\t\t\t<div class=\"elementor-element elementor-element-b929637 elementor-widget elementor-widget-heading\" data-id=\"b929637\" data-element_type=\"widget\" data-e-type=\"widget\" data-widget_type=\"heading.default\">\n\t\t\t\t<div class=\"elementor-widget-container\">\n\t\t\t\t\t<h2 class=\"elementor-heading-title elementor-size-default\">Faculty of Ecology and Environmental Protection<\/h2>\t\t\t\t<\/div>\n\t\t\t\t<\/div>\n\t\t\t\t<\/a>\n\t\t<a class=\"elementor-element elementor-element-2619c4e e-con-full e-flex e-con e-child\" data-id=\"2619c4e\" data-element_type=\"container\" data-e-type=\"container\" href=\"https:\/\/unt.edu.rs\/en\/o-univerzitetu\/fakulteti\/fakultet-za-ekonomiju-i-finansije\/\">\n\t\t<div class=\"elementor-element elementor-element-cdf23fb e-con-full e-flex e-con e-child\" data-id=\"cdf23fb\" data-element_type=\"container\" data-e-type=\"container\" data-settings=\"{&quot;background_background&quot;:&quot;classic&quot;}\">\n\t\t\t\t<div class=\"elementor-element elementor-element-64c79d1 elementor-widget elementor-widget-image\" data-id=\"64c79d1\" data-element_type=\"widget\" data-e-type=\"widget\" data-widget_type=\"image.default\">\n\t\t\t\t<div class=\"elementor-widget-container\">\n\t\t\t\t\t\t\t\t\t\t\t\t\t\t\t<img decoding=\"async\" width=\"400\" height=\"365\" src=\"https:\/\/unt.edu.rs\/wp-content\/uploads\/2024\/04\/Fakultet-za-ekonomiju-i-finansije-copy.webp\" class=\"attachment-full size-full wp-image-10697\" alt=\"Fakultet za ekonomiju i finansije\" srcset=\"https:\/\/unt.edu.rs\/wp-content\/uploads\/2024\/04\/Fakultet-za-ekonomiju-i-finansije-copy.webp 400w, https:\/\/unt.edu.rs\/wp-content\/uploads\/2024\/04\/Fakultet-za-ekonomiju-i-finansije-copy-300x274.webp 300w, https:\/\/unt.edu.rs\/wp-content\/uploads\/2024\/04\/Fakultet-za-ekonomiju-i-finansije-copy-13x12.webp 13w\" sizes=\"(max-width: 400px) 100vw, 400px\" \/>\t\t\t\t\t\t\t\t\t\t\t\t\t\t\t<\/div>\n\t\t\t\t<\/div>\n\t\t\t\t<\/div>\n\t\t\t\t<div class=\"elementor-element elementor-element-d1acb5f elementor-widget elementor-widget-heading\" data-id=\"d1acb5f\" data-element_type=\"widget\" data-e-type=\"widget\" data-widget_type=\"heading.default\">\n\t\t\t\t<div class=\"elementor-widget-container\">\n\t\t\t\t\t<h2 class=\"elementor-heading-title elementor-size-default\">Faculty of Economics<\/h2>\t\t\t\t<\/div>\n\t\t\t\t<\/div>\n\t\t\t\t<\/a>\n\t\t<a class=\"elementor-element elementor-element-7344b3e e-con-full e-flex e-con e-child\" data-id=\"7344b3e\" data-element_type=\"container\" data-e-type=\"container\" href=\"https:\/\/unt.edu.rs\/en\/o-univerzitetu\/fakulteti\/fakultet-za-preduzetnicki-biznis-i-menadzment-nekretnina\/\">\n\t\t<div class=\"elementor-element elementor-element-ae3f2b9 e-con-full e-flex e-con e-child\" data-id=\"ae3f2b9\" data-element_type=\"container\" data-e-type=\"container\" data-settings=\"{&quot;background_background&quot;:&quot;classic&quot;}\">\n\t\t\t\t<div class=\"elementor-element elementor-element-a42fdcf elementor-widget elementor-widget-image\" data-id=\"a42fdcf\" data-element_type=\"widget\" data-e-type=\"widget\" data-widget_type=\"image.default\">\n\t\t\t\t<div class=\"elementor-widget-container\">\n\t\t\t\t\t\t\t\t\t\t\t\t\t\t\t<img loading=\"lazy\" decoding=\"async\" width=\"400\" height=\"365\" src=\"https:\/\/unt.edu.rs\/wp-content\/uploads\/2024\/04\/Fakultet-za-preduzetnicki-biznis-i-menadzment-nekretnina-copy.webp\" class=\"attachment-full size-full wp-image-10701\" alt=\"Fakultet za preduzetni\u010dki biznis i menad\u017ement nekretnina\" srcset=\"https:\/\/unt.edu.rs\/wp-content\/uploads\/2024\/04\/Fakultet-za-preduzetnicki-biznis-i-menadzment-nekretnina-copy.webp 400w, https:\/\/unt.edu.rs\/wp-content\/uploads\/2024\/04\/Fakultet-za-preduzetnicki-biznis-i-menadzment-nekretnina-copy-300x274.webp 300w, https:\/\/unt.edu.rs\/wp-content\/uploads\/2024\/04\/Fakultet-za-preduzetnicki-biznis-i-menadzment-nekretnina-copy-13x12.webp 13w\" sizes=\"(max-width: 400px) 100vw, 400px\" \/>\t\t\t\t\t\t\t\t\t\t\t\t\t\t\t<\/div>\n\t\t\t\t<\/div>\n\t\t\t\t<\/div>\n\t\t\t\t<div class=\"elementor-element elementor-element-9c27af0 elementor-widget elementor-widget-heading\" data-id=\"9c27af0\" data-element_type=\"widget\" data-e-type=\"widget\" data-widget_type=\"heading.default\">\n\t\t\t\t<div class=\"elementor-widget-container\">\n\t\t\t\t\t<h2 class=\"elementor-heading-title elementor-size-default\">Faculty of Entrepreneurial Business and Real Estate Management<\/h2>\t\t\t\t<\/div>\n\t\t\t\t<\/div>\n\t\t\t\t<\/a>\n\t\t<a class=\"elementor-element elementor-element-c775543 e-con-full e-flex e-con e-child\" data-id=\"c775543\" data-element_type=\"container\" data-e-type=\"container\" href=\"https:\/\/unt.edu.rs\/en\/o-univerzitetu\/fakulteti\/fakultet-za-medunarodnu-politiku-i-bezbednost\/\">\n\t\t<div class=\"elementor-element elementor-element-b47cc0a e-con-full e-flex e-con e-child\" data-id=\"b47cc0a\" data-element_type=\"container\" data-e-type=\"container\" data-settings=\"{&quot;background_background&quot;:&quot;classic&quot;}\">\n\t\t\t\t<div class=\"elementor-element elementor-element-947eafc elementor-widget elementor-widget-image\" data-id=\"947eafc\" data-element_type=\"widget\" data-e-type=\"widget\" data-widget_type=\"image.default\">\n\t\t\t\t<div class=\"elementor-widget-container\">\n\t\t\t\t\t\t\t\t\t\t\t\t\t\t\t<img loading=\"lazy\" decoding=\"async\" width=\"400\" height=\"365\" src=\"https:\/\/unt.edu.rs\/wp-content\/uploads\/2024\/04\/Fakultet-za-medunarodnu-politiku-i-bezbednost-copy-1.webp\" class=\"attachment-full size-full wp-image-10700\" alt=\"Fakultet za me\u0111unarodnu politiku i bezbednost\" srcset=\"https:\/\/unt.edu.rs\/wp-content\/uploads\/2024\/04\/Fakultet-za-medunarodnu-politiku-i-bezbednost-copy-1.webp 400w, https:\/\/unt.edu.rs\/wp-content\/uploads\/2024\/04\/Fakultet-za-medunarodnu-politiku-i-bezbednost-copy-1-300x274.webp 300w, https:\/\/unt.edu.rs\/wp-content\/uploads\/2024\/04\/Fakultet-za-medunarodnu-politiku-i-bezbednost-copy-1-13x12.webp 13w\" sizes=\"(max-width: 400px) 100vw, 400px\" \/>\t\t\t\t\t\t\t\t\t\t\t\t\t\t\t<\/div>\n\t\t\t\t<\/div>\n\t\t\t\t<\/div>\n\t\t\t\t<div class=\"elementor-element elementor-element-5bafe81 elementor-widget elementor-widget-heading\" data-id=\"5bafe81\" data-element_type=\"widget\" data-e-type=\"widget\" data-widget_type=\"heading.default\">\n\t\t\t\t<div class=\"elementor-widget-container\">\n\t\t\t\t\t<h2 class=\"elementor-heading-title elementor-size-default\">Faculty of International Politics and Security <\/h2>\t\t\t\t<\/div>\n\t\t\t\t<\/div>\n\t\t\t\t<\/a>\n\t\t<a class=\"elementor-element elementor-element-18094fc e-con-full e-flex e-con e-child\" data-id=\"18094fc\" data-element_type=\"container\" data-e-type=\"container\" href=\"https:\/\/unt.edu.rs\/en\/o-univerzitetu\/fakulteti\/fakultet-za-informatiku-i-racunarstvo\/\">\n\t\t<div class=\"elementor-element elementor-element-80177e0 e-con-full e-flex e-con e-child\" data-id=\"80177e0\" data-element_type=\"container\" data-e-type=\"container\" data-settings=\"{&quot;background_background&quot;:&quot;classic&quot;}\">\n\t\t\t\t<div class=\"elementor-element elementor-element-f32ff6d elementor-widget elementor-widget-image\" data-id=\"f32ff6d\" data-element_type=\"widget\" data-e-type=\"widget\" data-widget_type=\"image.default\">\n\t\t\t\t<div class=\"elementor-widget-container\">\n\t\t\t\t\t\t\t\t\t\t\t\t\t\t\t<img loading=\"lazy\" decoding=\"async\" width=\"400\" height=\"365\" src=\"https:\/\/unt.edu.rs\/wp-content\/uploads\/2024\/04\/Fakultet-za-informatiku-i-racunarstvo-copy.webp\" class=\"attachment-full size-full wp-image-10699\" alt=\"Fakultet za informatiku i ra\u010dunarstvo\" srcset=\"https:\/\/unt.edu.rs\/wp-content\/uploads\/2024\/04\/Fakultet-za-informatiku-i-racunarstvo-copy.webp 400w, https:\/\/unt.edu.rs\/wp-content\/uploads\/2024\/04\/Fakultet-za-informatiku-i-racunarstvo-copy-300x274.webp 300w, https:\/\/unt.edu.rs\/wp-content\/uploads\/2024\/04\/Fakultet-za-informatiku-i-racunarstvo-copy-13x12.webp 13w\" sizes=\"(max-width: 400px) 100vw, 400px\" \/>\t\t\t\t\t\t\t\t\t\t\t\t\t\t\t<\/div>\n\t\t\t\t<\/div>\n\t\t\t\t<\/div>\n\t\t\t\t<div class=\"elementor-element elementor-element-14d131a elementor-widget elementor-widget-heading\" data-id=\"14d131a\" data-element_type=\"widget\" data-e-type=\"widget\" data-widget_type=\"heading.default\">\n\t\t\t\t<div class=\"elementor-widget-container\">\n\t\t\t\t\t<h2 class=\"elementor-heading-title elementor-size-default\">Faculty of Informatics and Computer science<\/h2>\t\t\t\t<\/div>\n\t\t\t\t<\/div>\n\t\t\t\t<\/a>\n\t\t\t\t\t<\/div>\n\t\t\t\t<\/div>\n\t\t\t\t\t<\/div>\n\t\t\t\t<\/section>\n\t\t\t\t\t<\/div>\n\t\t\t\t<\/main>\n\t\t\t\t<\/div>","protected":false},"excerpt":{"rendered":"<p>Fakultet za graditeljski menad\u017ement Fakultet za ekologiju i za\u0161titu \u017eivotne sredine Fakultet za ekonomiju i finansije Fakultet za preduzetni\u010dki biznis i menad\u017ement nekretnina Fakultet za me\u0111unarodnu politiku i bezbednost Fakultet za informatiku i ra\u010dunarstvo<\/p>","protected":false},"author":1,"featured_media":0,"parent":91,"menu_order":0,"comment_status":"closed","ping_status":"closed","template":"elementor_header_footer","meta":{"_acf_changed":false,"_monsterinsights_skip_tracking":false,"_monsterinsights_sitenote_active":false,"_monsterinsights_sitenote_note":"","_monsterinsights_sitenote_category":0,"footnotes":""},"class_list":["post-1056","page","type-page","status-publish","hentry"],"acf":[],"aioseo_notices":[],"_links":{"self":[{"href":"https:\/\/unt.edu.rs\/en\/wp-json\/wp\/v2\/pages\/1056","targetHints":{"allow":["GET"]}}],"collection":[{"href":"https:\/\/unt.edu.rs\/en\/wp-json\/wp\/v2\/pages"}],"about":[{"href":"https:\/\/unt.edu.rs\/en\/wp-json\/wp\/v2\/types\/page"}],"author":[{"embeddable":true,"href":"https:\/\/unt.edu.rs\/en\/wp-json\/wp\/v2\/users\/1"}],"replies":[{"embeddable":true,"href":"https:\/\/unt.edu.rs\/en\/wp-json\/wp\/v2\/comments?post=1056"}],"version-history":[{"count":1,"href":"https:\/\/unt.edu.rs\/en\/wp-json\/wp\/v2\/pages\/1056\/revisions"}],"predecessor-version":[{"id":17256,"href":"https:\/\/unt.edu.rs\/en\/wp-json\/wp\/v2\/pages\/1056\/revisions\/17256"}],"up":[{"embeddable":true,"href":"https:\/\/unt.edu.rs\/en\/wp-json\/wp\/v2\/pages\/91"}],"wp:attachment":[{"href":"https:\/\/unt.edu.rs\/en\/wp-json\/wp\/v2\/media?parent=1056"}],"curies":[{"name":"wp","href":"https:\/\/api.w.org\/{rel}","templated":true}]}}