{"id":11272,"date":"2024-04-17T20:43:15","date_gmt":"2024-04-17T18:43:15","guid":{"rendered":"https:\/\/unt.edu.rs\/?page_id=11272"},"modified":"2025-04-07T17:14:44","modified_gmt":"2025-04-07T15:14:44","slug":"program-naucnoistrazivackog-rada-za-period-2023-2028","status":"publish","type":"page","link":"https:\/\/unt.edu.rs\/en\/program-naucnoistrazivackog-rada-za-period-2023-2028\/","title":{"rendered":"Program of scientific research work for the period 2023-2028"},"content":{"rendered":"<div data-elementor-type=\"wp-page\" data-elementor-id=\"11272\" class=\"elementor elementor-11272\" data-elementor-post-type=\"page\">\n\t\t\t\t<main class=\"elementor-element elementor-element-d21a499 e-con-full e-flex e-con e-parent\" data-id=\"d21a499\" data-element_type=\"container\" data-e-type=\"container\" data-settings=\"{&quot;background_background&quot;:&quot;classic&quot;}\">\n\t\t<div class=\"elementor-element elementor-element-51d7abb e-con-full e-flex e-con e-child\" data-id=\"51d7abb\" data-element_type=\"container\" data-e-type=\"container\">\n\t\t\t\t<div class=\"elementor-element elementor-element-789569f elementor-widget elementor-widget-template\" data-id=\"789569f\" data-element_type=\"widget\" data-e-type=\"widget\" data-widget_type=\"template.default\">\n\t\t\t\t<div class=\"elementor-widget-container\">\n\t\t\t\t\t\t\t<div class=\"elementor-template\">\n\t\t\t\t\t<div data-elementor-type=\"container\" data-elementor-id=\"1711\" class=\"elementor elementor-1711\" data-elementor-post-type=\"elementor_library\">\n\t\t\t\t<section class=\"elementor-element elementor-element-30524144 e-con-full e-flex e-con e-child\" data-id=\"30524144\" data-element_type=\"container\" data-e-type=\"container\">\n\t\t<div class=\"elementor-element elementor-element-4bca8df3 e-con-full e-flex e-con e-child\" data-id=\"4bca8df3\" data-element_type=\"container\" data-e-type=\"container\" data-settings=\"{&quot;background_background&quot;:&quot;classic&quot;}\">\n\t\t<div class=\"elementor-element elementor-element-62683539 e-flex e-con-boxed e-con e-child\" data-id=\"62683539\" data-element_type=\"container\" data-e-type=\"container\">\n\t\t\t\t\t<div class=\"e-con-inner\">\n\t\t\t\t<div class=\"elementor-element elementor-element-24b9f11 elementor-widget elementor-widget-heading\" data-id=\"24b9f11\" data-element_type=\"widget\" data-e-type=\"widget\" data-widget_type=\"heading.default\">\n\t\t\t\t<div class=\"elementor-widget-container\">\n\t\t\t\t\t<h1 class=\"elementor-heading-title elementor-size-default\">Program of scientific research work for the period 2022-2026<\/h1>\t\t\t\t<\/div>\n\t\t\t\t<\/div>\n\t\t\t\t\t<\/div>\n\t\t\t\t<\/div>\n\t\t\t\t<\/div>\n\t\t<div class=\"elementor-element elementor-element-21437c9a e-flex e-con-boxed e-con e-child\" data-id=\"21437c9a\" data-element_type=\"container\" data-e-type=\"container\">\n\t\t\t\t\t<div class=\"e-con-inner\">\n\t\t<div class=\"elementor-element elementor-element-7435cc29 e-con-full e-flex e-con e-child\" data-id=\"7435cc29\" data-element_type=\"container\" data-e-type=\"container\">\n\t\t\t\t<div class=\"elementor-element elementor-element-408b0d06 elementor-widget__width-inherit elementor-widget elementor-widget-shortcode\" data-id=\"408b0d06\" data-element_type=\"widget\" data-e-type=\"widget\" data-widget_type=\"shortcode.default\">\n\t\t\t\t<div class=\"elementor-widget-container\">\n\t\t\t\t\t\t\t<div class=\"elementor-shortcode\"><span property=\"itemListElement\" typeof=\"ListItem\"><a property=\"item\" typeof=\"WebPage\" title=\"Go to Union Nikola Tesla University.\" href=\"https:\/\/unt.edu.rs\/en\" class=\"home\" ><span property=\"name\">University of \"Union-Nikola Tesla\"<\/span><\/a><meta property=\"position\" content=\"1\"><\/span> &gt; <span property=\"itemListElement\" typeof=\"ListItem\"><a property=\"item\" typeof=\"WebPage\" title=\"Go to News.\" href=\"https:\/\/unt.edu.rs\/en\/vesti\/\" class=\"post-root post post-post\" aria-current=\"page\"><span property=\"name\">News<\/span><\/a><meta property=\"position\" content=\"2\"><\/span><\/div>\n\t\t\t\t\t\t<\/div>\n\t\t\t\t<\/div>\n\t\t\t\t<\/div>\n\t\t\t\t\t<\/div>\n\t\t\t\t<\/div>\n\t\t\t\t<\/section>\n\t\t\t\t<\/div>\n\t\t\t\t<\/div>\n\t\t\t\t\t\t<\/div>\n\t\t\t\t<\/div>\n\t\t\t\t<\/div>\n\t\t<div class=\"elementor-element elementor-element-b892986 e-flex e-con-boxed e-con e-child\" data-id=\"b892986\" data-element_type=\"container\" data-e-type=\"container\">\n\t\t\t\t\t<div class=\"e-con-inner\">\n\t\t\t\t<div class=\"elementor-element elementor-element-3dbfdb4 elementor-widget-tablet__width-inherit elementor-widget elementor-widget-text-editor\" data-id=\"3dbfdb4\" data-element_type=\"widget\" data-e-type=\"widget\" data-widget_type=\"text-editor.default\">\n\t\t\t\t<div class=\"elementor-widget-container\">\n\t\t\t\t\t\t\t\t\t<p><span style=\"text-decoration: underline;\"><a href=\"https:\/\/unt.edu.rs\/wp-content\/uploads\/2024\/05\/\u041f\u0440\u043e\u0433\u0440\u0430\u043c-\u043d\u0430\u0443\u0447\u043d\u043e-\u0438\u0441\u0442\u0440\u0430\u0436\u0438\u0432\u0430\u0447\u043a\u043e\u0433-\u0440\u0430\u0434\u0430-2023-2028.pdf\">Program nau\u010dnogistra\u017eiva\u010dkog rada za period 2023-2028<\/a><\/span><\/p><p><span style=\"text-decoration: underline;\"><a href=\"https:\/\/unt.edu.rs\/wp-content\/uploads\/2024\/05\/Odluka-o-usvajanju-Programa-NIR.pdf\">Decision on the adoption of the NIR program<\/a><\/span><\/p>\t\t\t\t\t\t\t\t<\/div>\n\t\t\t\t<\/div>\n\t\t\t\t\t<\/div>\n\t\t\t\t<\/div>\n\t\t\t\t<\/main>\n\t\t\t\t<\/div>","protected":false},"excerpt":{"rendered":"<p>Program nau\u010dnogistra\u017eiva\u010dkog rada za period 2023-2028 Odluka o usvajanju programa NIR<\/p>","protected":false},"author":3,"featured_media":0,"parent":0,"menu_order":0,"comment_status":"closed","ping_status":"closed","template":"elementor_header_footer","meta":{"_acf_changed":false,"_monsterinsights_skip_tracking":false,"_monsterinsights_sitenote_active":false,"_monsterinsights_sitenote_note":"","_monsterinsights_sitenote_category":0,"footnotes":""},"class_list":["post-11272","page","type-page","status-publish","hentry"],"acf":[],"aioseo_notices":[],"_links":{"self":[{"href":"https:\/\/unt.edu.rs\/en\/wp-json\/wp\/v2\/pages\/11272","targetHints":{"allow":["GET"]}}],"collection":[{"href":"https:\/\/unt.edu.rs\/en\/wp-json\/wp\/v2\/pages"}],"about":[{"href":"https:\/\/unt.edu.rs\/en\/wp-json\/wp\/v2\/types\/page"}],"author":[{"embeddable":true,"href":"https:\/\/unt.edu.rs\/en\/wp-json\/wp\/v2\/users\/3"}],"replies":[{"embeddable":true,"href":"https:\/\/unt.edu.rs\/en\/wp-json\/wp\/v2\/comments?post=11272"}],"version-history":[{"count":6,"href":"https:\/\/unt.edu.rs\/en\/wp-json\/wp\/v2\/pages\/11272\/revisions"}],"predecessor-version":[{"id":15707,"href":"https:\/\/unt.edu.rs\/en\/wp-json\/wp\/v2\/pages\/11272\/revisions\/15707"}],"wp:attachment":[{"href":"https:\/\/unt.edu.rs\/en\/wp-json\/wp\/v2\/media?parent=11272"}],"curies":[{"name":"wp","href":"https:\/\/api.w.org\/{rel}","templated":true}]}}