{"id":1880,"date":"2024-03-25T16:47:08","date_gmt":"2024-03-25T15:47:08","guid":{"rendered":"https:\/\/unt.edu.rs\/?page_id=1880"},"modified":"2026-04-16T09:31:46","modified_gmt":"2026-04-16T07:31:46","slug":"cenovnik","status":"publish","type":"page","link":"https:\/\/unt.edu.rs\/en\/upis\/cenovnik\/","title":{"rendered":"Pricelist"},"content":{"rendered":"<div data-elementor-type=\"wp-page\" data-elementor-id=\"1880\" class=\"elementor elementor-1880\" data-elementor-post-type=\"page\">\n\t\t\t\t<div class=\"elementor-element elementor-element-18b9e8c e-con-full e-flex e-con e-parent\" data-id=\"18b9e8c\" data-element_type=\"container\" data-e-type=\"container\" data-settings=\"{&quot;background_background&quot;:&quot;classic&quot;}\">\n\t\t<div class=\"elementor-element elementor-element-133724a e-con-full e-flex e-con e-child\" data-id=\"133724a\" data-element_type=\"container\" data-e-type=\"container\">\n\t\t\t\t<div class=\"elementor-element elementor-element-f934d5e elementor-widget elementor-widget-template\" data-id=\"f934d5e\" data-element_type=\"widget\" data-e-type=\"widget\" data-widget_type=\"template.default\">\n\t\t\t\t<div class=\"elementor-widget-container\">\n\t\t\t\t\t\t\t<div class=\"elementor-template\">\n\t\t\t\t\t<div data-elementor-type=\"container\" data-elementor-id=\"1711\" class=\"elementor elementor-1711\" data-elementor-post-type=\"elementor_library\">\n\t\t\t\t<section class=\"elementor-element elementor-element-30524144 e-con-full e-flex e-con e-child\" data-id=\"30524144\" data-element_type=\"container\" data-e-type=\"container\">\n\t\t<div class=\"elementor-element elementor-element-4bca8df3 e-con-full e-flex e-con e-child\" data-id=\"4bca8df3\" data-element_type=\"container\" data-e-type=\"container\" data-settings=\"{&quot;background_background&quot;:&quot;classic&quot;}\">\n\t\t<div class=\"elementor-element elementor-element-62683539 e-flex e-con-boxed e-con e-child\" data-id=\"62683539\" data-element_type=\"container\" data-e-type=\"container\">\n\t\t\t\t\t<div class=\"e-con-inner\">\n\t\t\t\t<div class=\"elementor-element elementor-element-24b9f11 elementor-widget elementor-widget-heading\" data-id=\"24b9f11\" data-element_type=\"widget\" data-e-type=\"widget\" data-widget_type=\"heading.default\">\n\t\t\t\t<div class=\"elementor-widget-container\">\n\t\t\t\t\t<h1 class=\"elementor-heading-title elementor-size-default\">Pricelist<\/h1>\t\t\t\t<\/div>\n\t\t\t\t<\/div>\n\t\t\t\t\t<\/div>\n\t\t\t\t<\/div>\n\t\t\t\t<\/div>\n\t\t<div class=\"elementor-element elementor-element-21437c9a e-flex e-con-boxed e-con e-child\" data-id=\"21437c9a\" data-element_type=\"container\" data-e-type=\"container\">\n\t\t\t\t\t<div class=\"e-con-inner\">\n\t\t<div class=\"elementor-element elementor-element-7435cc29 e-con-full e-flex e-con e-child\" data-id=\"7435cc29\" data-element_type=\"container\" data-e-type=\"container\">\n\t\t\t\t<div class=\"elementor-element elementor-element-408b0d06 elementor-widget__width-inherit elementor-widget elementor-widget-shortcode\" data-id=\"408b0d06\" data-element_type=\"widget\" data-e-type=\"widget\" data-widget_type=\"shortcode.default\">\n\t\t\t\t<div class=\"elementor-widget-container\">\n\t\t\t\t\t\t\t<div class=\"elementor-shortcode\"><span property=\"itemListElement\" typeof=\"ListItem\"><a property=\"item\" typeof=\"WebPage\" title=\"Go to Union Nikola Tesla University.\" href=\"https:\/\/unt.edu.rs\/en\" class=\"home\" ><span property=\"name\">University of \"Union-Nikola Tesla\"<\/span><\/a><meta property=\"position\" content=\"1\"><\/span> &gt; <span property=\"itemListElement\" typeof=\"ListItem\"><a property=\"item\" typeof=\"WebPage\" title=\"Go to News.\" href=\"https:\/\/unt.edu.rs\/en\/vesti\/\" class=\"post-root post post-post\" aria-current=\"page\"><span property=\"name\">News<\/span><\/a><meta property=\"position\" content=\"2\"><\/span><\/div>\n\t\t\t\t\t\t<\/div>\n\t\t\t\t<\/div>\n\t\t\t\t<\/div>\n\t\t\t\t\t<\/div>\n\t\t\t\t<\/div>\n\t\t\t\t<\/section>\n\t\t\t\t<\/div>\n\t\t\t\t<\/div>\n\t\t\t\t\t\t<\/div>\n\t\t\t\t<\/div>\n\t\t\t\t<\/div>\n\t\t<section class=\"elementor-element elementor-element-c5b9465 e-flex e-con-boxed e-con e-child\" data-id=\"c5b9465\" data-element_type=\"container\" data-e-type=\"container\" data-settings=\"{&quot;background_background&quot;:&quot;classic&quot;}\">\n\t\t\t\t\t<div class=\"e-con-inner\">\n\t\t\t\t<div class=\"elementor-element elementor-element-f8f4a51 elementor-widget__width-initial elementor-widget elementor-widget-heading\" data-id=\"f8f4a51\" data-element_type=\"widget\" data-e-type=\"widget\" data-widget_type=\"heading.default\">\n\t\t\t\t<div class=\"elementor-widget-container\">\n\t\t\t\t\t<h2 class=\"elementor-heading-title elementor-size-default\">Price list - University of \"Union-Nikola Tesla\"<\/h2>\t\t\t\t<\/div>\n\t\t\t\t<\/div>\n\t\t\t\t<div class=\"elementor-element elementor-element-15ce3ed elementor-widget__width-initial elementor-widget-tablet__width-inherit elementor-widget elementor-widget-text-editor\" data-id=\"15ce3ed\" data-element_type=\"widget\" data-e-type=\"widget\" data-widget_type=\"text-editor.default\">\n\t\t\t\t<div class=\"elementor-widget-container\">\n\t\t\t\t\t\t\t\t\t<p>While others raise prices, we grow with knowledge. Tuition fees at &quot;Union-Nikola Tesla&quot; University will remain unchanged during the next school year! With favorable conditions, we provide you with a high-quality study program, modern teaching methods that will be guided by our professional staff.<\/p>\t\t\t\t\t\t\t\t<\/div>\n\t\t\t\t<\/div>\n\t\t\t\t<div class=\"elementor-element elementor-element-8b4b3e1 elementor-widget__width-initial elementor-widget elementor-widget-heading\" data-id=\"8b4b3e1\" data-element_type=\"widget\" data-e-type=\"widget\" data-widget_type=\"heading.default\">\n\t\t\t\t<div class=\"elementor-widget-container\">\n\t\t\t\t\t<h3 class=\"elementor-heading-title elementor-size-default\">Cene studiranja po godini studija za \u0161kolsku 2026\/2027 godinu prikazane su u tabeli:<\/h3>\t\t\t\t<\/div>\n\t\t\t\t<\/div>\n\t\t\t\t<div class=\"elementor-element elementor-element-baaffdc elementor-widget__width-inherit elementor-widget-tablet__width-inherit elementor-hidden-mobile elementor-widget elementor-widget-text-editor\" data-id=\"baaffdc\" data-element_type=\"widget\" data-e-type=\"widget\" data-widget_type=\"text-editor.default\">\n\t\t\t\t<div class=\"elementor-widget-container\">\n\t\t\t\t\t\t\t\t\t<table><tbody><tr><th>The purpose of the study program<\/th><th>Bachelor studies<\/th><th>Master studies<\/th><\/tr><tr><td>Faculty of Construction Management major - Architecture<\/td><td style=\"text-align: right;\">3300 \u20ac<\/td><td style=\"text-align: right;\">3500 \u20ac<\/td><\/tr><tr><td>Faculty of Construction Management major - Civil Engineering<\/td><td style=\"text-align: right;\">2700 \u20ac<\/td><td style=\"text-align: right;\">3000 \u20ac<\/td><\/tr><tr><td>Faculty of Economics<\/td><td style=\"text-align: right;\">1200 \u20ac<\/td><td style=\"text-align: right;\">1500 \u20ac<\/td><\/tr><tr><td>Faculty of International Politics and Security<\/td><td style=\"text-align: right;\">1600 \u20ac<\/td><td style=\"text-align: right;\">2000 \u20ac<\/td><\/tr><tr><td>Faculty of Entrepreneurial Business and Real Estate Management<\/td><td style=\"text-align: right;\">1200 \u20ac<\/td><td style=\"text-align: right;\">1500 \u20ac<\/td><\/tr><tr><td>Faculty of Ecology and Environmental Protection<\/td><td style=\"text-align: right;\">\u00a01500 \u20ac<\/td><td style=\"text-align: right;\">2000 \u20ac<\/td><\/tr><tr><td>Faculty of Informatics and Computer science<\/td><td style=\"text-align: right;\">1500 \u20ac<\/td><td style=\"text-align: right;\">2000 \u20ac<\/td><\/tr><\/tbody><\/table>\t\t\t\t\t\t\t\t<\/div>\n\t\t\t\t<\/div>\n\t\t\t\t<div class=\"elementor-element elementor-element-f03b080 elementor-widget__width-initial elementor-widget elementor-widget-heading\" data-id=\"f03b080\" data-element_type=\"widget\" data-e-type=\"widget\" data-widget_type=\"heading.default\">\n\t\t\t\t<div class=\"elementor-widget-container\">\n\t\t\t\t\t<h3 class=\"elementor-heading-title elementor-size-default\">Cena studiranja po godini doktorskih akademskih studija za \u0161kolsku 2026\/2027 godinu iznosi 3000 evra.<\/h3>\t\t\t\t<\/div>\n\t\t\t\t<\/div>\n\t\t\t\t<div class=\"elementor-element elementor-element-6f6d998 elementor-widget__width-inherit elementor-widget-tablet__width-inherit elementor-hidden-desktop elementor-hidden-tablet elementor-widget elementor-widget-text-editor\" data-id=\"6f6d998\" data-element_type=\"widget\" data-e-type=\"widget\" data-widget_type=\"text-editor.default\">\n\t\t\t\t<div class=\"elementor-widget-container\">\n\t\t\t\t\t\t\t\t\t<p><style>\n  .tabela-osnovne-studije {<br \/>    width: 100%;<br \/>    border-collapse: collapse;<br \/>  }<br \/>  .tabela-osnovne-studije th, .tabela-osnovne-studije td {<br \/>    width: 50%;<br \/>    text-align: center;<br \/>    vertical-align: middle;<br \/>    border: 1px solid black;<br \/>    padding: 10px;<br \/>  }<\/p>\n<p>  .tabela-master-studije {<br \/>    width: 100%;<br \/>    border-collapse: collapse;<br \/>  }<br \/>  .tabela-master-studije th, .tabela-master-studije td {<br \/>    width: 50%;<br \/>    text-align: center;<br \/>    vertical-align: center;<br \/>    border: 1px solid black;<br \/>    padding: 10px;<br \/>  }<br \/><\/style><\/p><table class=\"tabela-osnovne-studije\"><tbody><tr><th>The purpose of the study program<\/th><th>Bachelor studies<\/th><\/tr><tr><td>Faculty of Construction Management major - Architecture<\/td><td style=\"text-align: right;\">3300 \u20ac<\/td><\/tr><tr><td>Faculty of Construction Management major - Civil Engineering<\/td><td style=\"text-align: right;\">2700 \u20ac<\/td><\/tr><tr><td>Faculty of Economics<\/td><td style=\"text-align: right;\">1200 \u20ac<\/td><\/tr><tr><td>Faculty of International Politics and Security<\/td><td style=\"text-align: right;\">1600 \u20ac<\/td><\/tr><tr><td>Faculty of Entrepreneurial Business and Real Estate Management<\/td><td style=\"text-align: right;\">1200 \u20ac<\/td><\/tr><tr><td>Faculty of Ecology and Environmental Protection<\/td><td style=\"text-align: right;\">1500 \u20ac<\/td><\/tr><tr><td>Faculty of Informatics and Computer science<\/td><td style=\"text-align: right;\">1500 \u20ac<\/td><\/tr><\/tbody><\/table>\t\t\t\t\t\t\t\t<\/div>\n\t\t\t\t<\/div>\n\t\t\t\t<div class=\"elementor-element elementor-element-289a2eb elementor-widget__width-inherit elementor-widget-tablet__width-inherit elementor-hidden-desktop elementor-hidden-tablet elementor-widget elementor-widget-text-editor\" data-id=\"289a2eb\" data-element_type=\"widget\" data-e-type=\"widget\" data-widget_type=\"text-editor.default\">\n\t\t\t\t<div class=\"elementor-widget-container\">\n\t\t\t\t\t\t\t\t\t<p><style>\n  .tabela-osnovne-studije {<br \/>    width: 100%;<br \/>    border-collapse: collapse;<br \/>  }<br \/>  .tabela-osnovne-studije th, .tabela-osnovne-studije td {<br \/>    width: 50%;<br \/>    text-align: center;<br \/>    vertical-align: middle;<br \/>    border: 1px solid black;<br \/>    padding: 10px;<br \/>  }<\/p>\n<p>  .tabela-master-studije {<br \/>    width: 100%;<br \/>    border-collapse: collapse;<br \/>  }<br \/>  .tabela-master-studije th, .tabela-master-studije td {<br \/>    width: 50%;<br \/>    text-align: center;<br \/>    vertical-align: center;<br \/>    border: 1px solid black;<br \/>    padding: 10px;<br \/>  }<br \/><\/style><\/p><table class=\"tabela-master-studije\"><tbody><tr><th>The purpose of the study program<\/th><th>Master studies<\/th><\/tr><tr><td>Faculty of Construction Management major - Architecture<\/td><td style=\"text-align: right;\">3500 \u20ac<\/td><\/tr><tr><td>Faculty of Construction Management major - Civil Engineering<\/td><td style=\"text-align: right;\">3000 \u20ac<\/td><\/tr><tr><td>Faculty of Economics<\/td><td style=\"text-align: right;\">1500 \u20ac<\/td><\/tr><tr><td>Faculty of International Politics and Security<\/td><td style=\"text-align: right;\">2000 \u20ac<\/td><\/tr><tr><td>Faculty of Entrepreneurial Business and Real Estate Management<\/td><td style=\"text-align: right;\">1500 \u20ac<\/td><\/tr><tr><td>Faculty of Ecology and Environmental Protection<\/td><td style=\"text-align: right;\">2000 \u20ac<\/td><\/tr><tr><td>Faculty of Informatics and Computer science<\/td><td style=\"text-align: right;\">2000 \u20ac<\/td><\/tr><\/tbody><\/table>\t\t\t\t\t\t\t\t<\/div>\n\t\t\t\t<\/div>\n\t\t\t\t<div class=\"elementor-element elementor-element-35bfff0 elementor-widget__width-initial elementor-widget elementor-widget-heading\" data-id=\"35bfff0\" data-element_type=\"widget\" data-e-type=\"widget\" data-widget_type=\"heading.default\">\n\t\t\t\t<div class=\"elementor-widget-container\">\n\t\t\t\t\t<h3 class=\"elementor-heading-title elementor-size-default\">\u00a0Information for foreign citizens interested in enrollment<\/h3>\t\t\t\t<\/div>\n\t\t\t\t<\/div>\n\t\t\t\t<div class=\"elementor-element elementor-element-f6f727e elementor-widget__width-initial elementor-widget-tablet__width-inherit elementor-widget elementor-widget-text-editor\" data-id=\"f6f727e\" data-element_type=\"widget\" data-e-type=\"widget\" data-widget_type=\"text-editor.default\">\n\t\t\t\t<div class=\"elementor-widget-container\">\n\t\t\t\t\t\t\t\t\t<p>A foreign citizen can enroll in a study program under the same conditions as our citizen, if the acquired foreign school or higher education document is recognized in accordance with the Law and the general act of the University. A foreign citizen can enroll in a study program if he provides proof of knowledge of the Serbian language (except for citizens from the former republics of the SFRY) in accordance with the University Statute.<\/p><p>A foreign citizen can conditionally enroll in a study program in the event that the procedure for the recognition of a foreign school or higher education document has not been completed before the deadline for submitting an application for enrollment, with confirmation that the recognition procedure has begun. If the request for recognition is rejected or if the recognition of a foreign school or higher education document does not give the right to enroll in the study program for which the person applied, the enrollment will be canceled in accordance with the Law and the general act of the University.<\/p>\t\t\t\t\t\t\t\t<\/div>\n\t\t\t\t<\/div>\n\t\t\t\t<div class=\"elementor-element elementor-element-04639bc elementor-widget__width-initial elementor-widget-tablet__width-inherit elementor-widget elementor-widget-text-editor\" data-id=\"04639bc\" data-element_type=\"widget\" data-e-type=\"widget\" data-widget_type=\"text-editor.default\">\n\t\t\t\t<div class=\"elementor-widget-container\">\n\t\t\t\t\t\t\t\t\t<p>Cena studiranja svih studijskih programa po godini za \u0161kolsku 2026\/2027 godinu za strane dr\u017eavljanje iznosi 5000 evra, osim za studente &#8211; dr\u017eavljane iz biv\u0161ih republika SFRJ za koji va\u017ei isti cenovnik kao i za doma\u0107e studente.<\/p>\t\t\t\t\t\t\t\t<\/div>\n\t\t\t\t<\/div>\n\t\t\t\t<div class=\"elementor-element elementor-element-86f7a47 elementor-widget__width-initial elementor-widget elementor-widget-heading\" data-id=\"86f7a47\" data-element_type=\"widget\" data-e-type=\"widget\" data-widget_type=\"heading.default\">\n\t\t\t\t<div class=\"elementor-widget-container\">\n\t\t\t\t\t<h3 class=\"elementor-heading-title elementor-size-default\">The tuition fee can be paid in 4 equal annual installments (at the middle NBS exchange rate on the day of payment) to the current account of the University.<\/h3>\t\t\t\t<\/div>\n\t\t\t\t<\/div>\n\t\t\t\t\t<\/div>\n\t\t\t\t<\/section>\n\t\t\t\t<\/div>\n\t\t\t\t<\/div>","protected":false},"excerpt":{"rendered":"<p>Cenovnik &#8211; Univerzitet Union Nikola Tesla Dok drugi podi\u017eu cene, mi rastemo uz znanje. Cene \u0161kolarina na Univerzitetu &#8222;Union-Nikola Tesla&#8220; osta\u0107e nepromenjene tokom naredne \u0161kolske godine! Uz povoljne uslove, pru\u017eamo vam kvalitetan studijski program, savremene metode u nastavi kroz koju \u0107e vas voditi na\u0161 stru\u010dni kadar. Cene studiranja po godini studija za \u0161kolsku 2026\/2027 godinu [&hellip;]<\/p>\n","protected":false},"author":1,"featured_media":0,"parent":96,"menu_order":0,"comment_status":"closed","ping_status":"closed","template":"elementor_header_footer","meta":{"_acf_changed":false,"_monsterinsights_skip_tracking":false,"_monsterinsights_sitenote_active":false,"_monsterinsights_sitenote_note":"","_monsterinsights_sitenote_category":0,"footnotes":""},"class_list":["post-1880","page","type-page","status-publish","hentry"],"acf":[],"aioseo_notices":[],"_links":{"self":[{"href":"https:\/\/unt.edu.rs\/en\/wp-json\/wp\/v2\/pages\/1880","targetHints":{"allow":["GET"]}}],"collection":[{"href":"https:\/\/unt.edu.rs\/en\/wp-json\/wp\/v2\/pages"}],"about":[{"href":"https:\/\/unt.edu.rs\/en\/wp-json\/wp\/v2\/types\/page"}],"author":[{"embeddable":true,"href":"https:\/\/unt.edu.rs\/en\/wp-json\/wp\/v2\/users\/1"}],"replies":[{"embeddable":true,"href":"https:\/\/unt.edu.rs\/en\/wp-json\/wp\/v2\/comments?post=1880"}],"version-history":[{"count":27,"href":"https:\/\/unt.edu.rs\/en\/wp-json\/wp\/v2\/pages\/1880\/revisions"}],"predecessor-version":[{"id":20006,"href":"https:\/\/unt.edu.rs\/en\/wp-json\/wp\/v2\/pages\/1880\/revisions\/20006"}],"up":[{"embeddable":true,"href":"https:\/\/unt.edu.rs\/en\/wp-json\/wp\/v2\/pages\/96"}],"wp:attachment":[{"href":"https:\/\/unt.edu.rs\/en\/wp-json\/wp\/v2\/media?parent=1880"}],"curies":[{"name":"wp","href":"https:\/\/api.w.org\/{rel}","templated":true}]}}