{"id":1890,"date":"2024-03-25T16:49:07","date_gmt":"2024-03-25T15:49:07","guid":{"rendered":"https:\/\/unt.edu.rs\/?page_id=1890"},"modified":"2024-04-04T21:48:03","modified_gmt":"2024-04-04T19:48:03","slug":"pravilnici-univerziteta-union-nikola-tesla","status":"publish","type":"page","link":"https:\/\/unt.edu.rs\/en\/nauka\/pravilnici-univerziteta-union-nikola-tesla\/","title":{"rendered":"Regulations of the University &quot;Union-Nikola Tesla&quot;"},"content":{"rendered":"<div data-elementor-type=\"wp-page\" data-elementor-id=\"1890\" class=\"elementor elementor-1890\" data-elementor-post-type=\"page\">\n\t\t\t\t<main class=\"elementor-element elementor-element-aeee744 e-con-full e-flex e-con e-parent\" data-id=\"aeee744\" data-element_type=\"container\" data-e-type=\"container\" data-settings=\"{&quot;background_background&quot;:&quot;classic&quot;}\">\n\t\t<div class=\"elementor-element elementor-element-88a6a6d e-con-full e-flex e-con e-child\" data-id=\"88a6a6d\" data-element_type=\"container\" data-e-type=\"container\">\n\t\t\t\t<div class=\"elementor-element elementor-element-48a644d elementor-widget elementor-widget-template\" data-id=\"48a644d\" data-element_type=\"widget\" data-e-type=\"widget\" data-widget_type=\"template.default\">\n\t\t\t\t<div class=\"elementor-widget-container\">\n\t\t\t\t\t\t\t<div class=\"elementor-template\">\n\t\t\t\t\t<div data-elementor-type=\"container\" data-elementor-id=\"1711\" class=\"elementor elementor-1711\" data-elementor-post-type=\"elementor_library\">\n\t\t\t\t<section class=\"elementor-element elementor-element-30524144 e-con-full e-flex e-con e-child\" data-id=\"30524144\" data-element_type=\"container\" data-e-type=\"container\">\n\t\t<div class=\"elementor-element elementor-element-4bca8df3 e-con-full e-flex e-con e-child\" data-id=\"4bca8df3\" data-element_type=\"container\" data-e-type=\"container\" data-settings=\"{&quot;background_background&quot;:&quot;classic&quot;}\">\n\t\t<div class=\"elementor-element elementor-element-62683539 e-flex e-con-boxed e-con e-child\" data-id=\"62683539\" data-element_type=\"container\" data-e-type=\"container\">\n\t\t\t\t\t<div class=\"e-con-inner\">\n\t\t\t\t<div class=\"elementor-element elementor-element-24b9f11 elementor-widget elementor-widget-heading\" data-id=\"24b9f11\" data-element_type=\"widget\" data-e-type=\"widget\" data-widget_type=\"heading.default\">\n\t\t\t\t<div class=\"elementor-widget-container\">\n\t\t\t\t\t<h1 class=\"elementor-heading-title elementor-size-default\">Regulations of the University &quot;Union-Nikola Tesla&quot;<\/h1>\t\t\t\t<\/div>\n\t\t\t\t<\/div>\n\t\t\t\t\t<\/div>\n\t\t\t\t<\/div>\n\t\t\t\t<\/div>\n\t\t<div class=\"elementor-element elementor-element-21437c9a e-flex e-con-boxed e-con e-child\" data-id=\"21437c9a\" data-element_type=\"container\" data-e-type=\"container\">\n\t\t\t\t\t<div class=\"e-con-inner\">\n\t\t<div class=\"elementor-element elementor-element-7435cc29 e-con-full e-flex e-con e-child\" data-id=\"7435cc29\" data-element_type=\"container\" data-e-type=\"container\">\n\t\t\t\t<div class=\"elementor-element elementor-element-408b0d06 elementor-widget__width-inherit elementor-widget elementor-widget-shortcode\" data-id=\"408b0d06\" data-element_type=\"widget\" data-e-type=\"widget\" data-widget_type=\"shortcode.default\">\n\t\t\t\t<div class=\"elementor-widget-container\">\n\t\t\t\t\t\t\t<div class=\"elementor-shortcode\"><span property=\"itemListElement\" typeof=\"ListItem\"><a property=\"item\" typeof=\"WebPage\" title=\"Go to Union Nikola Tesla University.\" href=\"https:\/\/unt.edu.rs\/en\" class=\"home\" ><span property=\"name\">University of \"Union-Nikola Tesla\"<\/span><\/a><meta property=\"position\" content=\"1\"><\/span> &gt; <span property=\"itemListElement\" typeof=\"ListItem\"><a property=\"item\" typeof=\"WebPage\" title=\"Go to News.\" href=\"https:\/\/unt.edu.rs\/en\/vesti\/\" class=\"post-root post post-post\" aria-current=\"page\"><span property=\"name\">News<\/span><\/a><meta property=\"position\" content=\"2\"><\/span><\/div>\n\t\t\t\t\t\t<\/div>\n\t\t\t\t<\/div>\n\t\t\t\t<\/div>\n\t\t\t\t\t<\/div>\n\t\t\t\t<\/div>\n\t\t\t\t<\/section>\n\t\t\t\t<\/div>\n\t\t\t\t<\/div>\n\t\t\t\t\t\t<\/div>\n\t\t\t\t<\/div>\n\t\t\t\t<\/div>\n\t\t<section class=\"elementor-element elementor-element-df0e8c3 e-flex e-con-boxed e-con e-child\" data-id=\"df0e8c3\" data-element_type=\"container\" data-e-type=\"container\" data-settings=\"{&quot;background_background&quot;:&quot;classic&quot;}\">\n\t\t\t\t\t<div class=\"e-con-inner\">\n\t\t<div class=\"elementor-element elementor-element-6ed099f e-con-full e-flex e-con e-child\" data-id=\"6ed099f\" data-element_type=\"container\" data-e-type=\"container\">\n\t\t\t\t<div class=\"elementor-element elementor-element-d7d9c4c elementor-widget elementor-widget-heading\" data-id=\"d7d9c4c\" data-element_type=\"widget\" data-e-type=\"widget\" data-widget_type=\"heading.default\">\n\t\t\t\t<div class=\"elementor-widget-container\">\n\t\t\t\t\t<h2 class=\"elementor-heading-title elementor-size-default\">Regulations of the University &quot;Union-Nikola Tesla&quot;<\/h2>\t\t\t\t<\/div>\n\t\t\t\t<\/div>\n\t\t\t\t<div class=\"elementor-element elementor-element-405e49f elementor-widget-tablet__width-inherit elementor-widget elementor-widget-text-editor\" data-id=\"405e49f\" data-element_type=\"widget\" data-e-type=\"widget\" data-widget_type=\"text-editor.default\">\n\t\t\t\t<div class=\"elementor-widget-container\">\n\t\t\t\t\t\t\t\t\t<p><a href=\"https:\/\/unt.edu.rs\/wp-content\/uploads\/2024\/04\/Pravilnik-o-nacinu-i-postupku-zasnivanja-radnog-osnosa-nastavnika-i-saradnika-1.pdf\"><u>Rulebook on choosing a title and establishing an employment relationship at the University &quot;Union - Nikola Tesla&quot;<\/u><\/a><\/p><p><a href=\"https:\/\/unt.edu.rs\/wp-content\/uploads\/2024\/04\/Pravilnik-o-izdavastvu-UUNT.pdf\"><u>Rulebook on publishing of the University &quot;Union - Nikola Tesla&quot;<\/u><\/a><\/p><p><a href=\"https:\/\/unt.edu.rs\/wp-content\/uploads\/2024\/04\/Pravilnik-o-postupku-nacinu-vrednovanja-i-kvantitativnom-iskazivanju-naucnoistrazivackih-rezultata-istrazivaca2017.pdf\"><u>Rulebook on the procedure, method of evaluation and quantitative expression of scientific research results of researchers in 2017<\/u><\/a><\/p><p><a href=\"https:\/\/unt.edu.rs\/wp-content\/uploads\/2024\/04\/Pravilnik-o-postupku-izbora-i-finansiranja-naucnih-projekata-UUNT.pdf\"><u>Rulebook on the procedure for selection and financing of scientific research projects of &quot;Union Nikola Tesla&quot; University<\/u><\/a><\/p>\t\t\t\t\t\t\t\t<\/div>\n\t\t\t\t<\/div>\n\t\t\t\t<\/div>\n\t\t\t\t\t<\/div>\n\t\t\t\t<\/section>\n\t\t\t\t<\/main>\n\t\t\t\t<\/div>","protected":false},"excerpt":{"rendered":"<p>Pravilnici Univerziteta \u201cUnion- Nikola Tesla\u201c Pravilnik o izboru zvanja i zasnivanju radnog odnosa na Univerzitetu \u201cUnion &#8211; Nikola Tesla\u201c Pravilnik o izdava\u0161tvu Univerzitetu \u201cUnion &#8211; Nikola Tesla\u201c Pravilnik o postupku, na\u010dinu vrednovanja i kvantitativnom iskazivanju nau\u010dno-istra\u017eiva\u010dkih rezultata istra\u017eiva\u010da 2017 Pravilnik o postupku izbora i finansiranja nau\u010dno-istra\u017eiva\u010dkih projekata Univerziteta &#8222;Union Nikola Tesla&#8220;<\/p>","protected":false},"author":1,"featured_media":0,"parent":105,"menu_order":0,"comment_status":"closed","ping_status":"closed","template":"elementor_header_footer","meta":{"_acf_changed":false,"_monsterinsights_skip_tracking":false,"_monsterinsights_sitenote_active":false,"_monsterinsights_sitenote_note":"","_monsterinsights_sitenote_category":0,"footnotes":""},"class_list":["post-1890","page","type-page","status-publish","hentry"],"acf":[],"aioseo_notices":[],"_links":{"self":[{"href":"https:\/\/unt.edu.rs\/en\/wp-json\/wp\/v2\/pages\/1890","targetHints":{"allow":["GET"]}}],"collection":[{"href":"https:\/\/unt.edu.rs\/en\/wp-json\/wp\/v2\/pages"}],"about":[{"href":"https:\/\/unt.edu.rs\/en\/wp-json\/wp\/v2\/types\/page"}],"author":[{"embeddable":true,"href":"https:\/\/unt.edu.rs\/en\/wp-json\/wp\/v2\/users\/1"}],"replies":[{"embeddable":true,"href":"https:\/\/unt.edu.rs\/en\/wp-json\/wp\/v2\/comments?post=1890"}],"version-history":[{"count":0,"href":"https:\/\/unt.edu.rs\/en\/wp-json\/wp\/v2\/pages\/1890\/revisions"}],"up":[{"embeddable":true,"href":"https:\/\/unt.edu.rs\/en\/wp-json\/wp\/v2\/pages\/105"}],"wp:attachment":[{"href":"https:\/\/unt.edu.rs\/en\/wp-json\/wp\/v2\/media?parent=1890"}],"curies":[{"name":"wp","href":"https:\/\/api.w.org\/{rel}","templated":true}]}}