{"id":1900,"date":"2024-03-25T16:50:40","date_gmt":"2024-03-25T15:50:40","guid":{"rendered":"https:\/\/unt.edu.rs\/?page_id=1900"},"modified":"2024-10-08T23:08:52","modified_gmt":"2024-10-08T21:08:52","slug":"economics-entrepreneurship-and-management-research","status":"publish","type":"page","link":"https:\/\/unt.edu.rs\/en\/nauka\/izdavastvo\/casopisi\/economics-entrepreneurship-and-management-research\/","title":{"rendered":"Economics, Entrepreneurship and Management Research"},"content":{"rendered":"<div data-elementor-type=\"wp-page\" data-elementor-id=\"1900\" class=\"elementor elementor-1900\" data-elementor-post-type=\"page\">\n\t\t\t\t<main class=\"elementor-element elementor-element-50056a8 e-con-full e-flex e-con e-parent\" data-id=\"50056a8\" data-element_type=\"container\" data-e-type=\"container\" data-settings=\"{&quot;background_background&quot;:&quot;classic&quot;}\">\n\t\t<div class=\"elementor-element elementor-element-f20e661 e-con-full e-flex e-con e-child\" data-id=\"f20e661\" data-element_type=\"container\" data-e-type=\"container\">\n\t\t\t\t<div class=\"elementor-element elementor-element-3fd4d53 elementor-widget elementor-widget-template\" data-id=\"3fd4d53\" data-element_type=\"widget\" data-e-type=\"widget\" data-widget_type=\"template.default\">\n\t\t\t\t<div class=\"elementor-widget-container\">\n\t\t\t\t\t\t\t<div class=\"elementor-template\">\n\t\t\t\t\t<div data-elementor-type=\"container\" data-elementor-id=\"1711\" class=\"elementor elementor-1711\" data-elementor-post-type=\"elementor_library\">\n\t\t\t\t<section class=\"elementor-element elementor-element-30524144 e-con-full e-flex e-con e-child\" data-id=\"30524144\" data-element_type=\"container\" data-e-type=\"container\">\n\t\t<div class=\"elementor-element elementor-element-4bca8df3 e-con-full e-flex e-con e-child\" data-id=\"4bca8df3\" data-element_type=\"container\" data-e-type=\"container\" data-settings=\"{&quot;background_background&quot;:&quot;classic&quot;}\">\n\t\t<div class=\"elementor-element elementor-element-62683539 e-flex e-con-boxed e-con e-child\" data-id=\"62683539\" data-element_type=\"container\" data-e-type=\"container\">\n\t\t\t\t\t<div class=\"e-con-inner\">\n\t\t\t\t<div class=\"elementor-element elementor-element-24b9f11 elementor-widget elementor-widget-heading\" data-id=\"24b9f11\" data-element_type=\"widget\" data-e-type=\"widget\" data-widget_type=\"heading.default\">\n\t\t\t\t<div class=\"elementor-widget-container\">\n\t\t\t\t\t<h1 class=\"elementor-heading-title elementor-size-default\">Economics, Entrepreneurship and Management Research<\/h1>\t\t\t\t<\/div>\n\t\t\t\t<\/div>\n\t\t\t\t\t<\/div>\n\t\t\t\t<\/div>\n\t\t\t\t<\/div>\n\t\t<div class=\"elementor-element elementor-element-21437c9a e-flex e-con-boxed e-con e-child\" data-id=\"21437c9a\" data-element_type=\"container\" data-e-type=\"container\">\n\t\t\t\t\t<div class=\"e-con-inner\">\n\t\t<div class=\"elementor-element elementor-element-7435cc29 e-con-full e-flex e-con e-child\" data-id=\"7435cc29\" data-element_type=\"container\" data-e-type=\"container\">\n\t\t\t\t<div class=\"elementor-element elementor-element-408b0d06 elementor-widget__width-inherit elementor-widget elementor-widget-shortcode\" data-id=\"408b0d06\" data-element_type=\"widget\" data-e-type=\"widget\" data-widget_type=\"shortcode.default\">\n\t\t\t\t<div class=\"elementor-widget-container\">\n\t\t\t\t\t\t\t<div class=\"elementor-shortcode\"><span property=\"itemListElement\" typeof=\"ListItem\"><a property=\"item\" typeof=\"WebPage\" title=\"Go to Union Nikola Tesla University.\" href=\"https:\/\/unt.edu.rs\/en\" class=\"home\" ><span property=\"name\">University of \"Union-Nikola Tesla\"<\/span><\/a><meta property=\"position\" content=\"1\"><\/span> &gt; <span property=\"itemListElement\" typeof=\"ListItem\"><a property=\"item\" typeof=\"WebPage\" title=\"Go to News.\" href=\"https:\/\/unt.edu.rs\/en\/vesti\/\" class=\"post-root post post-post\" aria-current=\"page\"><span property=\"name\">News<\/span><\/a><meta property=\"position\" content=\"2\"><\/span><\/div>\n\t\t\t\t\t\t<\/div>\n\t\t\t\t<\/div>\n\t\t\t\t<\/div>\n\t\t\t\t\t<\/div>\n\t\t\t\t<\/div>\n\t\t\t\t<\/section>\n\t\t\t\t<\/div>\n\t\t\t\t<\/div>\n\t\t\t\t\t\t<\/div>\n\t\t\t\t<\/div>\n\t\t\t\t<\/div>\n\t\t<div class=\"elementor-element elementor-element-6a00a34 e-flex e-con-boxed e-con e-child\" data-id=\"6a00a34\" data-element_type=\"container\" data-e-type=\"container\" data-settings=\"{&quot;background_background&quot;:&quot;classic&quot;}\">\n\t\t\t\t\t<div class=\"e-con-inner\">\n\t\t<div class=\"elementor-element elementor-element-bd0c97d e-con-full e-flex e-con e-child\" data-id=\"bd0c97d\" data-element_type=\"container\" data-e-type=\"container\">\n\t\t\t\t<div class=\"elementor-element elementor-element-33a6bdc elementor-widget elementor-widget-heading\" data-id=\"33a6bdc\" data-element_type=\"widget\" data-e-type=\"widget\" data-widget_type=\"heading.default\">\n\t\t\t\t<div class=\"elementor-widget-container\">\n\t\t\t\t\t<h2 class=\"elementor-heading-title elementor-size-default\">Economics, Entrepreneurship and Management Research<\/h2>\t\t\t\t<\/div>\n\t\t\t\t<\/div>\n\t\t\t\t<div class=\"elementor-element elementor-element-005d031 elementor-widget-tablet__width-inherit elementor-widget elementor-widget-text-editor\" data-id=\"005d031\" data-element_type=\"widget\" data-e-type=\"widget\" data-widget_type=\"text-editor.default\">\n\t\t\t\t<div class=\"elementor-widget-container\">\n\t\t\t\t\t\t\t\t\t<p>You can see more about the journal Economics, Entrepreneurship and Management Research at the following <a href=\"https:\/\/eemr.unionnikolatesla.edu.rs\/\"><u><span style=\"font-weight: bold;\">LINK<\/span><\/u>.<\/a><\/p>\t\t\t\t\t\t\t\t<\/div>\n\t\t\t\t<\/div>\n\t\t\t\t<\/div>\n\t\t\t\t\t<\/div>\n\t\t\t\t<\/div>\n\t\t\t\t<\/main>\n\t\t\t\t<\/div>","protected":false},"excerpt":{"rendered":"<p>Economics, Entrepreneurship and Management Research Vi\u0161e o \u010dasopisu Economics, Entrepreneurship and Management Research mo\u017eete videti na slede\u0107em LINKU.<\/p>","protected":false},"author":1,"featured_media":0,"parent":1894,"menu_order":0,"comment_status":"closed","ping_status":"closed","template":"elementor_header_footer","meta":{"_acf_changed":false,"_monsterinsights_skip_tracking":false,"_monsterinsights_sitenote_active":false,"_monsterinsights_sitenote_note":"","_monsterinsights_sitenote_category":0,"footnotes":""},"class_list":["post-1900","page","type-page","status-publish","hentry"],"acf":[],"aioseo_notices":[],"_links":{"self":[{"href":"https:\/\/unt.edu.rs\/en\/wp-json\/wp\/v2\/pages\/1900","targetHints":{"allow":["GET"]}}],"collection":[{"href":"https:\/\/unt.edu.rs\/en\/wp-json\/wp\/v2\/pages"}],"about":[{"href":"https:\/\/unt.edu.rs\/en\/wp-json\/wp\/v2\/types\/page"}],"author":[{"embeddable":true,"href":"https:\/\/unt.edu.rs\/en\/wp-json\/wp\/v2\/users\/1"}],"replies":[{"embeddable":true,"href":"https:\/\/unt.edu.rs\/en\/wp-json\/wp\/v2\/comments?post=1900"}],"version-history":[{"count":3,"href":"https:\/\/unt.edu.rs\/en\/wp-json\/wp\/v2\/pages\/1900\/revisions"}],"predecessor-version":[{"id":13567,"href":"https:\/\/unt.edu.rs\/en\/wp-json\/wp\/v2\/pages\/1900\/revisions\/13567"}],"up":[{"embeddable":true,"href":"https:\/\/unt.edu.rs\/en\/wp-json\/wp\/v2\/pages\/1894"}],"wp:attachment":[{"href":"https:\/\/unt.edu.rs\/en\/wp-json\/wp\/v2\/media?parent=1900"}],"curies":[{"name":"wp","href":"https:\/\/api.w.org\/{rel}","templated":true}]}}