{"id":1902,"date":"2024-03-25T16:51:04","date_gmt":"2024-03-25T15:51:04","guid":{"rendered":"https:\/\/unt.edu.rs\/?page_id=1902"},"modified":"2024-04-05T09:07:19","modified_gmt":"2024-04-05T07:07:19","slug":"politikologija","status":"publish","type":"page","link":"https:\/\/unt.edu.rs\/en\/nauka\/izdavastvo\/casopisi\/politikologija\/","title":{"rendered":"Political science"},"content":{"rendered":"<div data-elementor-type=\"wp-page\" data-elementor-id=\"1902\" class=\"elementor elementor-1902\" data-elementor-post-type=\"page\">\n\t\t\t\t<main class=\"elementor-element elementor-element-839fb2e e-con-full e-flex e-con e-parent\" data-id=\"839fb2e\" data-element_type=\"container\" data-e-type=\"container\" data-settings=\"{&quot;background_background&quot;:&quot;classic&quot;}\">\n\t\t<div class=\"elementor-element elementor-element-e883cc4 e-con-full e-flex e-con e-child\" data-id=\"e883cc4\" data-element_type=\"container\" data-e-type=\"container\">\n\t\t\t\t<div class=\"elementor-element elementor-element-9d4e07e elementor-widget elementor-widget-template\" data-id=\"9d4e07e\" data-element_type=\"widget\" data-e-type=\"widget\" data-widget_type=\"template.default\">\n\t\t\t\t<div class=\"elementor-widget-container\">\n\t\t\t\t\t\t\t<div class=\"elementor-template\">\n\t\t\t\t\t<div data-elementor-type=\"container\" data-elementor-id=\"1711\" class=\"elementor elementor-1711\" data-elementor-post-type=\"elementor_library\">\n\t\t\t\t<section class=\"elementor-element elementor-element-30524144 e-con-full e-flex e-con e-child\" data-id=\"30524144\" data-element_type=\"container\" data-e-type=\"container\">\n\t\t<div class=\"elementor-element elementor-element-4bca8df3 e-con-full e-flex e-con e-child\" data-id=\"4bca8df3\" data-element_type=\"container\" data-e-type=\"container\" data-settings=\"{&quot;background_background&quot;:&quot;classic&quot;}\">\n\t\t<div class=\"elementor-element elementor-element-62683539 e-flex e-con-boxed e-con e-child\" data-id=\"62683539\" data-element_type=\"container\" data-e-type=\"container\">\n\t\t\t\t\t<div class=\"e-con-inner\">\n\t\t\t\t<div class=\"elementor-element elementor-element-24b9f11 elementor-widget elementor-widget-heading\" data-id=\"24b9f11\" data-element_type=\"widget\" data-e-type=\"widget\" data-widget_type=\"heading.default\">\n\t\t\t\t<div class=\"elementor-widget-container\">\n\t\t\t\t\t<h1 class=\"elementor-heading-title elementor-size-default\">Political science<\/h1>\t\t\t\t<\/div>\n\t\t\t\t<\/div>\n\t\t\t\t\t<\/div>\n\t\t\t\t<\/div>\n\t\t\t\t<\/div>\n\t\t<div class=\"elementor-element elementor-element-21437c9a e-flex e-con-boxed e-con e-child\" data-id=\"21437c9a\" data-element_type=\"container\" data-e-type=\"container\">\n\t\t\t\t\t<div class=\"e-con-inner\">\n\t\t<div class=\"elementor-element elementor-element-7435cc29 e-con-full e-flex e-con e-child\" data-id=\"7435cc29\" data-element_type=\"container\" data-e-type=\"container\">\n\t\t\t\t<div class=\"elementor-element elementor-element-408b0d06 elementor-widget__width-inherit elementor-widget elementor-widget-shortcode\" data-id=\"408b0d06\" data-element_type=\"widget\" data-e-type=\"widget\" data-widget_type=\"shortcode.default\">\n\t\t\t\t<div class=\"elementor-widget-container\">\n\t\t\t\t\t\t\t<div class=\"elementor-shortcode\"><span property=\"itemListElement\" typeof=\"ListItem\"><a property=\"item\" typeof=\"WebPage\" title=\"Go to Union Nikola Tesla University.\" href=\"https:\/\/unt.edu.rs\/en\" class=\"home\" ><span property=\"name\">University of \"Union-Nikola Tesla\"<\/span><\/a><meta property=\"position\" content=\"1\"><\/span> &gt; <span property=\"itemListElement\" typeof=\"ListItem\"><a property=\"item\" typeof=\"WebPage\" title=\"Go to News.\" href=\"https:\/\/unt.edu.rs\/en\/vesti\/\" class=\"post-root post post-post\" aria-current=\"page\"><span property=\"name\">News<\/span><\/a><meta property=\"position\" content=\"2\"><\/span><\/div>\n\t\t\t\t\t\t<\/div>\n\t\t\t\t<\/div>\n\t\t\t\t<\/div>\n\t\t\t\t\t<\/div>\n\t\t\t\t<\/div>\n\t\t\t\t<\/section>\n\t\t\t\t<\/div>\n\t\t\t\t<\/div>\n\t\t\t\t\t\t<\/div>\n\t\t\t\t<\/div>\n\t\t\t\t<\/div>\n\t\t<div class=\"elementor-element elementor-element-4b32967 e-flex e-con-boxed e-con e-child\" data-id=\"4b32967\" data-element_type=\"container\" data-e-type=\"container\" data-settings=\"{&quot;background_background&quot;:&quot;classic&quot;}\">\n\t\t\t\t\t<div class=\"e-con-inner\">\n\t\t<div class=\"elementor-element elementor-element-a127ece e-con-full e-flex e-con e-child\" data-id=\"a127ece\" data-element_type=\"container\" data-e-type=\"container\">\n\t\t\t\t<div class=\"elementor-element elementor-element-6e9e2f0 elementor-widget elementor-widget-heading\" data-id=\"6e9e2f0\" data-element_type=\"widget\" data-e-type=\"widget\" data-widget_type=\"heading.default\">\n\t\t\t\t<div class=\"elementor-widget-container\">\n\t\t\t\t\t<h2 class=\"elementor-heading-title elementor-size-default\">Political science<\/h2>\t\t\t\t<\/div>\n\t\t\t\t<\/div>\n\t\t\t\t<div class=\"elementor-element elementor-element-401a5f1 elementor-widget-tablet__width-inherit elementor-widget__width-initial elementor-widget elementor-widget-text-editor\" data-id=\"401a5f1\" data-element_type=\"widget\" data-e-type=\"widget\" data-widget_type=\"text-editor.default\">\n\t\t\t\t<div class=\"elementor-widget-container\">\n\t\t\t\t\t\t\t\t\tPolitical Science Number 1 2022\u00a0\u00a0<a href=\"https:\/\/unt.edu.rs\/wp-content\/uploads\/2024\/04\/\u041f\u043e\u043b\u0438\u0442\u0438\u043a\u043e\u043b\u043e\u0433\u0438\u0458\u0430-\u0431\u0440\u043e\u0458-1.pdf\" target=\"_blank\" rel=\"noopener\"><span style=\"text-decoration: underline;\"><strong>THE WHOLE MAGAZINE<\/strong><\/span>.<\/a>\n<ol>\n \t<li>Milo\u0161 Petrovi\u0107\u00a0<a href=\"https:\/\/unt.edu.rs\/wp-content\/uploads\/2024\/04\/\u041f\u043e\u043b\u0438\u0442\u0438\u043a\u043e\u043b\u043e\u0433\u0438\u0458\u0430-\u0431\u043e\u0440\u0458-1-\u041c\u0438\u043b\u043e\u0448-\u041f\u0435\u0442\u0440\u043e\u0432\u0438\u045b-\u0447\u043b\u0430\u043d\u0430\u043a.pdf\" target=\"_blank\" rel=\"noopener\"><strong><span style=\"text-decoration: underline;\">UNFAVORABLE PERSPECTIVE OF THE EASTERN PARTNERSHIP IN CERTAIN COUNTRIES OF THE &quot;EUROPEAN NEIGHBORHOOD&quot;<\/span><\/strong><\/a><\/li>\n \t<li>Dragan Stanar <a href=\"https:\/\/unt.edu.rs\/wp-content\/uploads\/2024\/04\/\u041f\u043e\u043b\u0438\u0442\u0438\u043a\u043e\u043b\u043e\u0433\u0438\u0458\u0430-\u0431\u0440\u043e\u0458-1-\u0414\u0440\u0430\u0433\u0430\u043d-\u0421\u0442\u0430\u043d\u0430\u0440-\u0447\u043b\u0430\u043d\u0430\u043a.pdf\" target=\"_blank\" rel=\"noopener\"><strong><span style=\"text-decoration: underline;\">MODERN DEMOCRACIES AND &quot;POLITICAL IDIOTS&quot;<\/span><\/strong><\/a><\/li>\n \t<li>Marko Ralic <a href=\"https:\/\/unt.edu.rs\/wp-content\/uploads\/2024\/04\/\u041f\u043e\u043b\u0438\u0442\u0438\u043a\u043e\u043b\u043e\u0433\u0438\u0458\u0430-\u0431\u0440\u043e\u0458-1-\u041c\u0430\u0440\u043a\u043e-\u0420\u0430\u043b\u0438\u045b-\u0447\u043b\u0430\u043d\u0430\u043a.pdf\" target=\"_blank\" rel=\"noopener\"><span style=\"text-decoration: underline;\"><strong>REPUBLIC OF CRIMEA AND THE RIGHT TO SELF-DETERMINATION<\/strong><\/span><\/a><\/li>\n \t<li>Marijana Grbi\u0107 <a href=\"https:\/\/unt.edu.rs\/wp-content\/uploads\/2024\/04\/\u041f\u043e\u043b\u0438\u0442\u0438\u043a\u043e\u043b\u043e\u0433\u0438\u0458\u0430-\u0431\u0440\u043e\u0458-1-\u041c\u0430\u0440\u0438\u0458\u0430\u043d\u0430-\u0413\u0440\u0431\u0438\u045b-\u0447\u043b\u0430\u043d\u0430\u043a.pdf\" target=\"_blank\" rel=\"noopener\"><span style=\"text-decoration: underline;\"><strong>JUDAISM AND ISRAEL&#039;S RELATIONSHIP WITH THE ARAB COUNTRIES<\/strong><\/span><\/a><\/li>\n \t<li>Srdjana \u0110ura\u0161evi\u0107 <a href=\"https:\/\/unt.edu.rs\/wp-content\/uploads\/2024\/04\/\u041f\u043e\u043b\u0438\u0442\u0438\u043a\u043e\u043b\u043e\u0433\u0438\u0458\u0430-\u0431\u0440\u043e\u0458-1-\u0421\u0440\u0452\u0430\u043d\u0430-\u0402\u0443\u0440\u0430\u0448\u0435\u0432\u0438\u045b-\u0447\u043b\u0430\u043d\u0430\u043a.pdf\" target=\"_blank\" rel=\"noopener\"><span style=\"text-decoration: underline;\"><strong>SECURITY AND INTELLIGENCE AGENCIES IN THE REPUBLIC OF SERBIA<\/strong><\/span><\/a><\/li>\n<\/ol>\t\t\t\t\t\t\t\t<\/div>\n\t\t\t\t<\/div>\n\t\t\t\t<div class=\"elementor-element elementor-element-375dbda elementor-widget-tablet__width-inherit elementor-widget__width-initial elementor-widget elementor-widget-text-editor\" data-id=\"375dbda\" data-element_type=\"widget\" data-e-type=\"widget\" data-widget_type=\"text-editor.default\">\n\t\t\t\t<div class=\"elementor-widget-container\">\n\t\t\t\t\t\t\t\t\t<span style=\"white-space-collapse: preserve; color: var( --e-global-color-secondary ); text-align: var(--text-align); background-color: var( --e-global-color-text );\">Political Science Number 2 202<\/span>2\u00a0\u00a0<a href=\"https:\/\/unt.edu.rs\/wp-content\/uploads\/2024\/04\/\u041f\u043e\u043b\u0438\u0442\u0438\u043a\u043e\u043b\u043e\u0433\u0438\u0458\u0430-\u0431\u0440\u043e\u0458-2.pdf\" target=\"_blank\"><span style=\"text-decoration: underline;\"><strong>THE WHOLE MAGAZINE<\/strong><\/span>.<\/a>\n<ol>\n \t<li>Slobodan An\u0111elkovi\u0107\u00a0<a href=\"https:\/\/unt.edu.rs\/wp-content\/uploads\/2024\/04\/\u041f\u043e\u043b\u0438\u0442\u0438\u043a\u043e\u043b\u043e\u0433\u0438\u0458\u0430-\u0431\u0440\u043e\u0458-2-\u0421\u043b\u043e\u0431\u043e\u0434\u0430\u043d-\u0410\u043d\u0452\u0435\u043b\u043a\u043e\u0432\u0438\u045b-\u0447\u043b\u0430\u043d\u0430\u043a.pdf\" target=\"_blank\"><strong><span style=\"text-decoration: underline;\">SECURITY PRIVATIZATION AND ITS IMPACT ON CHANGING INTERNATIONAL RELATIONS<\/span><\/strong><\/a><\/li>\n \t<li>Nevena Jovanovic <a href=\"https:\/\/unt.edu.rs\/wp-content\/uploads\/2024\/04\/\u041f\u043e\u043b\u0438\u0442\u0438\u043a\u043e\u043b\u043e\u0433\u0438\u0458\u0430-\u0431\u0440\u043e\u0458-2-\u041d\u0435\u0432\u0435\u043d\u0430-\u0408\u043e\u0432\u0430\u043d\u043e\u0432\u0438\u045b-\u0447\u043b\u0430\u043d\u0430\u043a.pdf\" target=\"_blank\"><span style=\"text-decoration: underline;\"><strong>THE CONCEPT OF SOVEREIGNTY IN THE CONTEXT OF MODERN INTERNATIONAL RELATIONS<\/strong><\/span><\/a><\/li>\n \t<li>Ivan Petrovi\u0107 <a href=\"https:\/\/unt.edu.rs\/wp-content\/uploads\/2024\/04\/\u041f\u043e\u043b\u0438\u0442\u0438\u043a\u043e\u043b\u043e\u0433\u0438\u0458\u0430-\u0431\u0440\u043e\u0458-2-\u0418\u0432\u0430\u043d-\u041f\u0435\u0442\u0440\u043e\u0432\u0438\u045b-\u0447\u043b\u0430\u043d\u0430\u043a.pdf\" target=\"_blank\">I<span style=\"text-decoration: underline;\"><strong>IDENTIFYING CHANGES CAUSED BY COVID-19 AND DETERMINING INTERNATIONAL RELATIONS OF THE BALANCE OF POWER<\/strong><\/span><\/a><\/li>\n \t<li>Ilija Kaitez <a href=\"https:\/\/unt.edu.rs\/wp-content\/uploads\/2024\/04\/\u041f\u043e\u043b\u0438\u0442\u0438\u043a\u043e\u043b\u043e\u0433\u0438\u0458\u0430-\u0431\u0440\u043e\u0458-2-\u0418\u043b\u0438\u0458\u0430-\u041a\u0430\u0458\u0442\u0435\u0437-\u0447\u043b\u0430\u043d\u0430\u043a.pdf\" target=\"_blank\"><span style=\"text-decoration: underline;\"><strong>THEORETICAL DETERMINATION AND SIGNIFICANCE OF PARADIGM CHANGE - CASE STUDY OF THOMAS KUN<\/strong><\/span><\/a><\/li>\n \t<li>Zoran Krsmanovi\u0107 <a href=\"https:\/\/unt.edu.rs\/wp-content\/uploads\/2024\/04\/\u041f\u043e\u043b\u0438\u0442\u0438\u043a\u043e\u043b\u043e\u0433\u0438\u0458\u0430-\u0431\u0440\u043e\u0458-2-\u0417\u043e\u0440\u0430\u043d-\u041a\u0440\u0441\u043c\u0430\u043d\u043e\u0432\u0438\u045b-\u0447\u043b\u0430\u043d\u0430\u043a.pdf\" target=\"_blank\"><span style=\"text-decoration: underline;\"><strong>A TEACHING RESEARCH PROJECT MODEL<\/strong><\/span><\/a><\/li>\n \t<li>Srdjan Starcevic \u00a0<a href=\"https:\/\/unt.edu.rs\/wp-content\/uploads\/2024\/04\/\u041f\u043e\u043b\u0438\u0442\u0438\u043a\u043b\u043e\u0433\u0438\u0458\u0430-\u0431\u0440\u043e\u0458-2-\u0421\u0440\u0452\u0430\u043d-\u0421\u0442\u0430\u0440\u0447\u0435\u0432\u0438\u045b-\u0447\u043b\u0430\u043d\u0430\u043a.pdf\" target=\"_blank\"><span style=\"text-decoration: underline;\"><strong>THE INFLUENCE OF DIFFERENT CULTURAL STRATEGIES ON THE DESIRABILITY OF MILITARY CONScription<\/strong><\/span><\/a><\/li>\n<\/ol>\t\t\t\t\t\t\t\t<\/div>\n\t\t\t\t<\/div>\n\t\t\t\t<div class=\"elementor-element elementor-element-8f06d76 elementor-widget-tablet__width-inherit elementor-widget__width-initial elementor-widget elementor-widget-text-editor\" data-id=\"8f06d76\" data-element_type=\"widget\" data-e-type=\"widget\" data-widget_type=\"text-editor.default\">\n\t\t\t\t<div class=\"elementor-widget-container\">\n\t\t\t\t\t\t\t\t\t<p><span style=\"white-space-collapse: preserve; color: var( --e-global-color-secondary ); text-align: var(--text-align); background-color: var( --e-global-color-text );\">Political Science Number 3 2023<\/span>\u00a0\u00a0<a href=\"https:\/\/unt.edu.rs\/wp-content\/uploads\/2024\/04\/Politikologija-bro\u0458-3.pdf\" target=\"_blank\" rel=\"noopener\"><span style=\"text-decoration: underline;\"><strong>THE WHOLE MAGAZINE<\/strong><\/span>.\u00a0<\/a><\/p><p>Imprint<\/p><p>POLITICOLOGY<br \/>&#8212;&#8212;&#8212;&#8212;&#8212;&#8212;&#8212;&#8212;&#8212;&#8212;&#8212;&#8212;-<br \/>POLITICOLOGY<br \/>Publisher: &quot;Union-Nikola Tesla&quot; University<br \/>Address: Cara Du\u0161ana 62-64, 11158 Belgrade<br \/>Phone: 011 2180-271<br \/>E-mail: info@unionnikolatesla.edu.rs<br \/>Website: https:\/\/www.unionnikolatesla.edu.rs\/sr<br \/>ISSN: 2812-9889, Issue 1\/2022, vol. 1, year I<\/p><p>Editor in chief<br \/>Violeta Ra\u0161kovi\u0107 Talovi\u0107<\/p><p>Deputy editor-in-chief and editor-in-chief<br \/>Dragan Stanar and Mi\u0161a Stojadinovi\u0107<\/p><p>Editorial office of the magazine<br \/>Dragan Stanar, Marija \u0110ori\u0107, Slobodan An\u0111elkovi\u0107, Dragan Trailovi\u0107, Ivan Petrovi\u0107, Sr\u0111an Peri\u0161i\u0107, Zoran Krsmanovi\u0107<\/p><p>Secretary of the magazine<br \/>Nevena Jovanovic<\/p><p>Magazine Council<br \/>prof. Dr. Jovanka \u0160aranovi\u0107 (Institute for Strategic Research), prof. Dr. Dragan Simeunovi\u0107 (Faculty of Political Sciences), prof. Dr. Branislav \u0110or\u0111evi\u0107 (Institute for International Politics and Economy), prof. Dr. Miroslav Mladenovi\u0107 (Faculty of Security), prof. Dr. Sr\u0111an Star\u010devi\u0107 (Military Academy)<\/p><p>Council members from abroad<br \/>Andrej Vladimirovich Baranov (Kuban State University, Krasnodar), Marijan Premovi\u0107 (Faculty of Philosophy, Podgorica), Bozhenko Ekaterina Sergeevna (Southern Federal University, Rostov)<\/p><p>The magazine is published twice a year electronically, in July and November, and works are published in Serbian and English<\/p><p>&#8212;&#8212;&#8212;&#8212;&#8212;&#8212;&#8212;&#8212;&#8212;&#8212;&#8212;&#8212;&#8212;&#8212;&#8212;&#8212;&#8212;&#8212;&#8212;&#8212;&#8212;&#8212;&#8212;&#8212;&#8212;&#8212;&#8212;&#8212;&#8212;&#8212;&#8212;&#8212;&#8212;&#8212;&#8212;&#8211;<br \/>Papers published in this journal may not be reprinted, either in whole or in parts, without the express consent of the publisher. The ratings expressed in the articles are the personal views of their writers and do not express the opinion of the editors or the institutions where the authors are employed.<\/p>\t\t\t\t\t\t\t\t<\/div>\n\t\t\t\t<\/div>\n\t\t\t\t<\/div>\n\t\t\t\t\t<\/div>\n\t\t\t\t<\/div>\n\t\t\t\t<\/main>\n\t\t\t\t<\/div>","protected":false},"excerpt":{"rendered":"<p>Politikologija Politikologija Broj 1 2022\u00a0\u00a0CEO \u010cASOPIS. Milo\u0161 Petrovi\u0107\u00a0NEPOVOLjNA PERSPEKTIVA ISTO\u010cNOG PARTNERSTVA U POJEDINIM ZEMLjAMA \u201eEVROPSKOG SUSEDSTVA\u201c Dragan Stanar SAVREMENE DEMOKRATIJE I \u201ePOLITI\u010cKI IDIOTI\u201c Marko Rali\u0107 REPUBLIKA KRIM I PRAVO NA SAMOOPREDELjENjE Marijana Grbi\u0107 JUDAIZAM I ODNOS IZRAELA SA ARAPSKIM ZEMLjAMA Sr\u0111ana \u0110ura\u0161evi\u0107 BEZBJEDNOSNO-OBAVJE\u0160TAJNE AGENCIJE U REPUBLICI SRBIJI Politikologija Broj 2 2022\u00a0\u00a0CEO \u010cASOPIS. Slobodan An\u0111elkovi\u0107\u00a0PRIVATIZACIJA BEZBEDNOSTI [&hellip;]<\/p>\n","protected":false},"author":1,"featured_media":0,"parent":1894,"menu_order":0,"comment_status":"closed","ping_status":"closed","template":"elementor_header_footer","meta":{"_acf_changed":false,"_monsterinsights_skip_tracking":false,"_monsterinsights_sitenote_active":false,"_monsterinsights_sitenote_note":"","_monsterinsights_sitenote_category":0,"footnotes":""},"class_list":["post-1902","page","type-page","status-publish","hentry"],"acf":[],"aioseo_notices":[],"_links":{"self":[{"href":"https:\/\/unt.edu.rs\/en\/wp-json\/wp\/v2\/pages\/1902","targetHints":{"allow":["GET"]}}],"collection":[{"href":"https:\/\/unt.edu.rs\/en\/wp-json\/wp\/v2\/pages"}],"about":[{"href":"https:\/\/unt.edu.rs\/en\/wp-json\/wp\/v2\/types\/page"}],"author":[{"embeddable":true,"href":"https:\/\/unt.edu.rs\/en\/wp-json\/wp\/v2\/users\/1"}],"replies":[{"embeddable":true,"href":"https:\/\/unt.edu.rs\/en\/wp-json\/wp\/v2\/comments?post=1902"}],"version-history":[{"count":0,"href":"https:\/\/unt.edu.rs\/en\/wp-json\/wp\/v2\/pages\/1902\/revisions"}],"up":[{"embeddable":true,"href":"https:\/\/unt.edu.rs\/en\/wp-json\/wp\/v2\/pages\/1894"}],"wp:attachment":[{"href":"https:\/\/unt.edu.rs\/en\/wp-json\/wp\/v2\/media?parent=1902"}],"curies":[{"name":"wp","href":"https:\/\/api.w.org\/{rel}","templated":true}]}}