{"id":1906,"date":"2024-03-25T16:51:53","date_gmt":"2024-03-25T15:51:53","guid":{"rendered":"https:\/\/unt.edu.rs\/?page_id=1906"},"modified":"2025-02-12T12:52:16","modified_gmt":"2025-02-12T11:52:16","slug":"monografije-i-udzbenici","status":"publish","type":"page","link":"https:\/\/unt.edu.rs\/en\/nauka\/izdavastvo\/monografije-i-udzbenici\/","title":{"rendered":"Monographs and textbooks"},"content":{"rendered":"<div data-elementor-type=\"wp-page\" data-elementor-id=\"1906\" class=\"elementor elementor-1906\" data-elementor-post-type=\"page\">\n\t\t\t\t<main class=\"elementor-element elementor-element-ffaaf6b e-con-full e-flex e-con e-parent\" data-id=\"ffaaf6b\" data-element_type=\"container\" data-e-type=\"container\" data-settings=\"{&quot;background_background&quot;:&quot;classic&quot;}\">\n\t\t<div class=\"elementor-element elementor-element-fb9e720 e-con-full e-flex e-con e-child\" data-id=\"fb9e720\" data-element_type=\"container\" data-e-type=\"container\">\n\t\t\t\t<div class=\"elementor-element elementor-element-bb6d117 elementor-widget elementor-widget-template\" data-id=\"bb6d117\" data-element_type=\"widget\" data-e-type=\"widget\" data-widget_type=\"template.default\">\n\t\t\t\t<div class=\"elementor-widget-container\">\n\t\t\t\t\t\t\t<div class=\"elementor-template\">\n\t\t\t\t\t<div data-elementor-type=\"container\" data-elementor-id=\"1711\" class=\"elementor elementor-1711\" data-elementor-post-type=\"elementor_library\">\n\t\t\t\t<section class=\"elementor-element elementor-element-30524144 e-con-full e-flex e-con e-child\" data-id=\"30524144\" data-element_type=\"container\" data-e-type=\"container\">\n\t\t<div class=\"elementor-element elementor-element-4bca8df3 e-con-full e-flex e-con e-child\" data-id=\"4bca8df3\" data-element_type=\"container\" data-e-type=\"container\" data-settings=\"{&quot;background_background&quot;:&quot;classic&quot;}\">\n\t\t<div class=\"elementor-element elementor-element-62683539 e-flex e-con-boxed e-con e-child\" data-id=\"62683539\" data-element_type=\"container\" data-e-type=\"container\">\n\t\t\t\t\t<div class=\"e-con-inner\">\n\t\t\t\t<div class=\"elementor-element elementor-element-24b9f11 elementor-widget elementor-widget-heading\" data-id=\"24b9f11\" data-element_type=\"widget\" data-e-type=\"widget\" data-widget_type=\"heading.default\">\n\t\t\t\t<div class=\"elementor-widget-container\">\n\t\t\t\t\t<h1 class=\"elementor-heading-title elementor-size-default\">Monographs and textbooks<\/h1>\t\t\t\t<\/div>\n\t\t\t\t<\/div>\n\t\t\t\t\t<\/div>\n\t\t\t\t<\/div>\n\t\t\t\t<\/div>\n\t\t<div class=\"elementor-element elementor-element-21437c9a e-flex e-con-boxed e-con e-child\" data-id=\"21437c9a\" data-element_type=\"container\" data-e-type=\"container\">\n\t\t\t\t\t<div class=\"e-con-inner\">\n\t\t<div class=\"elementor-element elementor-element-7435cc29 e-con-full e-flex e-con e-child\" data-id=\"7435cc29\" data-element_type=\"container\" data-e-type=\"container\">\n\t\t\t\t<div class=\"elementor-element elementor-element-408b0d06 elementor-widget__width-inherit elementor-widget elementor-widget-shortcode\" data-id=\"408b0d06\" data-element_type=\"widget\" data-e-type=\"widget\" data-widget_type=\"shortcode.default\">\n\t\t\t\t<div class=\"elementor-widget-container\">\n\t\t\t\t\t\t\t<div class=\"elementor-shortcode\"><span property=\"itemListElement\" typeof=\"ListItem\"><a property=\"item\" typeof=\"WebPage\" title=\"Go to Union Nikola Tesla University.\" href=\"https:\/\/unt.edu.rs\/en\" class=\"home\" ><span property=\"name\">University of \"Union-Nikola Tesla\"<\/span><\/a><meta property=\"position\" content=\"1\"><\/span> &gt; <span property=\"itemListElement\" typeof=\"ListItem\"><a property=\"item\" typeof=\"WebPage\" title=\"Go to News.\" href=\"https:\/\/unt.edu.rs\/en\/vesti\/\" class=\"post-root post post-post\" aria-current=\"page\"><span property=\"name\">News<\/span><\/a><meta property=\"position\" content=\"2\"><\/span><\/div>\n\t\t\t\t\t\t<\/div>\n\t\t\t\t<\/div>\n\t\t\t\t<\/div>\n\t\t\t\t\t<\/div>\n\t\t\t\t<\/div>\n\t\t\t\t<\/section>\n\t\t\t\t<\/div>\n\t\t\t\t<\/div>\n\t\t\t\t\t\t<\/div>\n\t\t\t\t<\/div>\n\t\t\t\t<\/div>\n\t\t<section class=\"elementor-element elementor-element-fb0fd97 e-flex e-con-boxed e-con e-child\" data-id=\"fb0fd97\" data-element_type=\"container\" data-e-type=\"container\" data-settings=\"{&quot;background_background&quot;:&quot;classic&quot;}\">\n\t\t\t\t\t<div class=\"e-con-inner\">\n\t\t<div class=\"elementor-element elementor-element-d665df2 e-con-full e-flex e-con e-child\" data-id=\"d665df2\" data-element_type=\"container\" data-e-type=\"container\">\n\t\t\t\t<div class=\"elementor-element elementor-element-64b8709 elementor-widget elementor-widget-heading\" data-id=\"64b8709\" data-element_type=\"widget\" data-e-type=\"widget\" data-widget_type=\"heading.default\">\n\t\t\t\t<div class=\"elementor-widget-container\">\n\t\t\t\t\t<h2 class=\"elementor-heading-title elementor-size-default\">Archive of numbers<\/h2>\t\t\t\t<\/div>\n\t\t\t\t<\/div>\n\t\t\t\t<div class=\"elementor-element elementor-element-613a1da elementor-widget-tablet__width-inherit elementor-widget elementor-widget-text-editor\" data-id=\"613a1da\" data-element_type=\"widget\" data-e-type=\"widget\" data-widget_type=\"text-editor.default\">\n\t\t\t\t<div class=\"elementor-widget-container\">\n\t\t\t\t\t\t\t\t\t<span style=\"white-space-collapse: preserve; color: var( --e-global-color-secondary ); text-align: var(--text-align); background-color: var( --e-global-color-text );\">You can see the publishing activity of the teaching staff of Faultet for construction management at<\/span>\u00a0<a href=\"https:\/\/unt.edu.rs\/wp-content\/uploads\/2024\/04\/Gradevina-i-arhitektura.pdf\" target=\"_blank\"><u><span style=\"font-weight: bold;\">LINK<\/span><\/u>.<\/a>\t\t\t\t\t\t\t\t<\/div>\n\t\t\t\t<\/div>\n\t\t\t\t<div class=\"elementor-element elementor-element-58d08bc elementor-widget-tablet__width-inherit elementor-widget elementor-widget-text-editor\" data-id=\"58d08bc\" data-element_type=\"widget\" data-e-type=\"widget\" data-widget_type=\"text-editor.default\">\n\t\t\t\t<div class=\"elementor-widget-container\">\n\t\t\t\t\t\t\t\t\t<span style=\"white-space-collapse: preserve; color: var( --e-global-color-secondary ); text-align: var(--text-align); background-color: var( --e-global-color-text );\">You can see the publishing activity of Faultet&#039;s economics and finance teaching staff <\/span><span style=\"white-space-collapse: preserve; color: var( --e-global-color-secondary ); text-align: var(--text-align); background-color: var( --e-global-color-text );\">on the<\/span>\u00a0<a href=\"https:\/\/unt.edu.rs\/wp-content\/uploads\/2024\/04\/Ekonomija-i-finansije.pdf\" target=\"_blank\"><u><span style=\"font-weight: bold;\">LINK<\/span><\/u>.<\/a>\t\t\t\t\t\t\t\t<\/div>\n\t\t\t\t<\/div>\n\t\t\t\t<div class=\"elementor-element elementor-element-51e9cea elementor-widget-tablet__width-inherit elementor-widget elementor-widget-text-editor\" data-id=\"51e9cea\" data-element_type=\"widget\" data-e-type=\"widget\" data-widget_type=\"text-editor.default\">\n\t\t\t\t<div class=\"elementor-widget-container\">\n\t\t\t\t\t\t\t\t\t<span style=\"white-space-collapse: preserve; color: var( --e-global-color-secondary ); text-align: var(--text-align); background-color: var( --e-global-color-text );\">You can see the publishing activity of the Faultet teaching staff on international politics and security <\/span><span style=\"white-space-collapse: preserve; color: var( --e-global-color-secondary ); text-align: var(--text-align); background-color: var( --e-global-color-text );\">on the<\/span>\u00a0<a href=\"https:\/\/unt.edu.rs\/wp-content\/uploads\/2024\/04\/Medunarodna-politika-i-bezbednost.pdf\" target=\"_blank\"><u><span style=\"font-weight: bold;\">LINK<\/span><\/u>.<\/a>\t\t\t\t\t\t\t\t<\/div>\n\t\t\t\t<\/div>\n\t\t\t\t<div class=\"elementor-element elementor-element-29b43a2 elementor-widget-tablet__width-inherit elementor-widget elementor-widget-text-editor\" data-id=\"29b43a2\" data-element_type=\"widget\" data-e-type=\"widget\" data-widget_type=\"text-editor.default\">\n\t\t\t\t<div class=\"elementor-widget-container\">\n\t\t\t\t\t\t\t\t\t<p><span style=\"white-space-collapse: preserve; color: var( --e-global-color-secondary ); text-align: var(--text-align); background-color: var( --e-global-color-text );\">You can see the publishing activity of the Faultet teaching staff for entrepreneurial business and real estate management<\/span><span style=\"white-space-collapse: preserve; color: var( --e-global-color-secondary ); text-align: var(--text-align); background-color: var( --e-global-color-text );\"> on the<\/span><a href=\"https:\/\/unt.edu.rs\/wp-content\/uploads\/2025\/02\/Preduzetnicki-biznis-i-menadment3.pdf\" target=\"_blank\" rel=\"noopener\">\u00a0<u><span style=\"font-weight: bold;\">LINK<\/span><\/u>.<\/a><\/p>\t\t\t\t\t\t\t\t<\/div>\n\t\t\t\t<\/div>\n\t\t\t\t<div class=\"elementor-element elementor-element-e6b94b5 elementor-widget-tablet__width-inherit elementor-widget elementor-widget-text-editor\" data-id=\"e6b94b5\" data-element_type=\"widget\" data-e-type=\"widget\" data-widget_type=\"text-editor.default\">\n\t\t\t\t<div class=\"elementor-widget-container\">\n\t\t\t\t\t\t\t\t\t<span style=\"white-space-collapse: preserve; color: var( --e-global-color-secondary ); text-align: var(--text-align); background-color: var( --e-global-color-text );\">You can see the publishing activity of Faultet teaching staff for ecology and environmental protection<\/span><span style=\"white-space-collapse: preserve; color: var( --e-global-color-secondary ); text-align: var(--text-align); background-color: var( --e-global-color-text );\"> on the<\/span>\u00a0<a href=\"https:\/\/unt.edu.rs\/wp-content\/uploads\/2024\/04\/Zastita-zivotne-sredine.pdf\" target=\"_blank\"><u><span style=\"font-weight: bold;\">LINK<\/span><\/u>.<\/a>\t\t\t\t\t\t\t\t<\/div>\n\t\t\t\t<\/div>\n\t\t\t\t<div class=\"elementor-element elementor-element-1b922ba elementor-widget-tablet__width-inherit elementor-widget elementor-widget-text-editor\" data-id=\"1b922ba\" data-element_type=\"widget\" data-e-type=\"widget\" data-widget_type=\"text-editor.default\">\n\t\t\t\t<div class=\"elementor-widget-container\">\n\t\t\t\t\t\t\t\t\t<span style=\"white-space-collapse: preserve; color: var( --e-global-color-secondary ); text-align: var(--text-align); background-color: var( --e-global-color-text );\">You can see the publishing activity of the teaching staff of Faultet for informatics and computing<\/span><span style=\"white-space-collapse: preserve; color: var( --e-global-color-secondary ); text-align: var(--text-align); background-color: var( --e-global-color-text );\"> on the<\/span>\u00a0<a href=\"https:\/\/unt.edu.rs\/wp-content\/uploads\/2024\/04\/Fakultet-za-informatiku-i-racunarstvo.pdf\" target=\"_blank\"><u><span style=\"font-weight: bold;\">LINK<\/span><\/u>.<\/a>\t\t\t\t\t\t\t\t<\/div>\n\t\t\t\t<\/div>\n\t\t\t\t<\/div>\n\t\t\t\t\t<\/div>\n\t\t\t\t<\/section>\n\t\t\t\t<\/main>\n\t\t\t\t<\/div>","protected":false},"excerpt":{"rendered":"<p>Arhiva brojeva Izdava\u010dku delatnost nastavnog osoblja Faulteta za graditeljski menad\u017ement mo\u017eete videti na\u00a0LINKU.Izdava\u010dku delatnost nastavnog osoblja Faulteta za ekonomiju i finansije mo\u017eete videti na\u00a0LINKU.Izdava\u010dku delatnost nastavnog osoblja Faulteta za me\u0111unardonu politiku i bezbednost mo\u017eete videti na\u00a0LINKU. Izdava\u010dku delatnost nastavnog osoblja Faulteta za preduzetni\u010dki biznis i menad\u017ement nekretnina mo\u017eete videti na\u00a0LINKU. Izdava\u010dku delatnost nastavnog osoblja Faulteta [&hellip;]<\/p>\n","protected":false},"author":1,"featured_media":0,"parent":1892,"menu_order":0,"comment_status":"closed","ping_status":"closed","template":"elementor_header_footer","meta":{"_acf_changed":false,"_monsterinsights_skip_tracking":false,"_monsterinsights_sitenote_active":false,"_monsterinsights_sitenote_note":"","_monsterinsights_sitenote_category":0,"footnotes":""},"class_list":["post-1906","page","type-page","status-publish","hentry"],"acf":[],"aioseo_notices":[],"_links":{"self":[{"href":"https:\/\/unt.edu.rs\/en\/wp-json\/wp\/v2\/pages\/1906","targetHints":{"allow":["GET"]}}],"collection":[{"href":"https:\/\/unt.edu.rs\/en\/wp-json\/wp\/v2\/pages"}],"about":[{"href":"https:\/\/unt.edu.rs\/en\/wp-json\/wp\/v2\/types\/page"}],"author":[{"embeddable":true,"href":"https:\/\/unt.edu.rs\/en\/wp-json\/wp\/v2\/users\/1"}],"replies":[{"embeddable":true,"href":"https:\/\/unt.edu.rs\/en\/wp-json\/wp\/v2\/comments?post=1906"}],"version-history":[{"count":6,"href":"https:\/\/unt.edu.rs\/en\/wp-json\/wp\/v2\/pages\/1906\/revisions"}],"predecessor-version":[{"id":15115,"href":"https:\/\/unt.edu.rs\/en\/wp-json\/wp\/v2\/pages\/1906\/revisions\/15115"}],"up":[{"embeddable":true,"href":"https:\/\/unt.edu.rs\/en\/wp-json\/wp\/v2\/pages\/1892"}],"wp:attachment":[{"href":"https:\/\/unt.edu.rs\/en\/wp-json\/wp\/v2\/media?parent=1906"}],"curies":[{"name":"wp","href":"https:\/\/api.w.org\/{rel}","templated":true}]}}