{"id":1908,"date":"2024-03-25T16:52:08","date_gmt":"2024-03-25T15:52:08","guid":{"rendered":"https:\/\/unt.edu.rs\/?page_id=1908"},"modified":"2025-06-09T19:28:01","modified_gmt":"2025-06-09T17:28:01","slug":"projekti","status":"publish","type":"page","link":"https:\/\/unt.edu.rs\/en\/nauka\/izdavastvo\/projekti\/","title":{"rendered":"Projects"},"content":{"rendered":"<div data-elementor-type=\"wp-page\" data-elementor-id=\"1908\" class=\"elementor elementor-1908\" data-elementor-post-type=\"page\">\n\t\t\t\t<main class=\"elementor-element elementor-element-29e54d3 e-con-full e-flex e-con e-parent\" data-id=\"29e54d3\" data-element_type=\"container\" data-e-type=\"container\" data-settings=\"{&quot;background_background&quot;:&quot;classic&quot;}\">\n\t\t<div class=\"elementor-element elementor-element-6dff4c7 e-con-full e-flex e-con e-child\" data-id=\"6dff4c7\" data-element_type=\"container\" data-e-type=\"container\">\n\t\t\t\t<div class=\"elementor-element elementor-element-3fdab4f elementor-widget elementor-widget-template\" data-id=\"3fdab4f\" data-element_type=\"widget\" data-e-type=\"widget\" data-widget_type=\"template.default\">\n\t\t\t\t<div class=\"elementor-widget-container\">\n\t\t\t\t\t\t\t<div class=\"elementor-template\">\n\t\t\t\t\t<div data-elementor-type=\"container\" data-elementor-id=\"1711\" class=\"elementor elementor-1711\" data-elementor-post-type=\"elementor_library\">\n\t\t\t\t<section class=\"elementor-element elementor-element-30524144 e-con-full e-flex e-con e-child\" data-id=\"30524144\" data-element_type=\"container\" data-e-type=\"container\">\n\t\t<div class=\"elementor-element elementor-element-4bca8df3 e-con-full e-flex e-con e-child\" data-id=\"4bca8df3\" data-element_type=\"container\" data-e-type=\"container\" data-settings=\"{&quot;background_background&quot;:&quot;classic&quot;}\">\n\t\t<div class=\"elementor-element elementor-element-62683539 e-flex e-con-boxed e-con e-child\" data-id=\"62683539\" data-element_type=\"container\" data-e-type=\"container\">\n\t\t\t\t\t<div class=\"e-con-inner\">\n\t\t\t\t<div class=\"elementor-element elementor-element-24b9f11 elementor-widget elementor-widget-heading\" data-id=\"24b9f11\" data-element_type=\"widget\" data-e-type=\"widget\" data-widget_type=\"heading.default\">\n\t\t\t\t<div class=\"elementor-widget-container\">\n\t\t\t\t\t<h1 class=\"elementor-heading-title elementor-size-default\">Projects<\/h1>\t\t\t\t<\/div>\n\t\t\t\t<\/div>\n\t\t\t\t\t<\/div>\n\t\t\t\t<\/div>\n\t\t\t\t<\/div>\n\t\t<div class=\"elementor-element elementor-element-21437c9a e-flex e-con-boxed e-con e-child\" data-id=\"21437c9a\" data-element_type=\"container\" data-e-type=\"container\">\n\t\t\t\t\t<div class=\"e-con-inner\">\n\t\t<div class=\"elementor-element elementor-element-7435cc29 e-con-full e-flex e-con e-child\" data-id=\"7435cc29\" data-element_type=\"container\" data-e-type=\"container\">\n\t\t\t\t<div class=\"elementor-element elementor-element-408b0d06 elementor-widget__width-inherit elementor-widget elementor-widget-shortcode\" data-id=\"408b0d06\" data-element_type=\"widget\" data-e-type=\"widget\" data-widget_type=\"shortcode.default\">\n\t\t\t\t<div class=\"elementor-widget-container\">\n\t\t\t\t\t\t\t<div class=\"elementor-shortcode\"><span property=\"itemListElement\" typeof=\"ListItem\"><a property=\"item\" typeof=\"WebPage\" title=\"Go to Union Nikola Tesla University.\" href=\"https:\/\/unt.edu.rs\/en\" class=\"home\" ><span property=\"name\">University of \"Union-Nikola Tesla\"<\/span><\/a><meta property=\"position\" content=\"1\"><\/span> &gt; <span property=\"itemListElement\" typeof=\"ListItem\"><a property=\"item\" typeof=\"WebPage\" title=\"Go to News.\" href=\"https:\/\/unt.edu.rs\/en\/vesti\/\" class=\"post-root post post-post\" aria-current=\"page\"><span property=\"name\">News<\/span><\/a><meta property=\"position\" content=\"2\"><\/span><\/div>\n\t\t\t\t\t\t<\/div>\n\t\t\t\t<\/div>\n\t\t\t\t<\/div>\n\t\t\t\t\t<\/div>\n\t\t\t\t<\/div>\n\t\t\t\t<\/section>\n\t\t\t\t<\/div>\n\t\t\t\t<\/div>\n\t\t\t\t\t\t<\/div>\n\t\t\t\t<\/div>\n\t\t\t\t<\/div>\n\t\t<section class=\"elementor-element elementor-element-7665b24 e-flex e-con-boxed e-con e-child\" data-id=\"7665b24\" data-element_type=\"container\" data-e-type=\"container\" data-settings=\"{&quot;background_background&quot;:&quot;classic&quot;}\">\n\t\t\t\t\t<div class=\"e-con-inner\">\n\t\t<div class=\"elementor-element elementor-element-c9e43f0 e-con-full e-flex e-con e-child\" data-id=\"c9e43f0\" data-element_type=\"container\" data-e-type=\"container\">\n\t\t\t\t<div class=\"elementor-element elementor-element-1233455 elementor-widget elementor-widget-heading\" data-id=\"1233455\" data-element_type=\"widget\" data-e-type=\"widget\" data-widget_type=\"heading.default\">\n\t\t\t\t<div class=\"elementor-widget-container\">\n\t\t\t\t\t<h2 class=\"elementor-heading-title elementor-size-default\">Projects with the participation of &quot;Union-Nikola Tesla&quot; University<\/h2>\t\t\t\t<\/div>\n\t\t\t\t<\/div>\n\t\t\t\t<div class=\"elementor-element elementor-element-cdd3ea3 elementor-widget-tablet__width-inherit elementor-widget elementor-widget-text-editor\" data-id=\"cdd3ea3\" data-element_type=\"widget\" data-e-type=\"widget\" data-widget_type=\"text-editor.default\">\n\t\t\t\t<div class=\"elementor-widget-container\">\n\t\t\t\t\t\t\t\t\t<p><span style=\"text-decoration: underline;\"><a href=\"https:\/\/unt.edu.rs\/wp-content\/uploads\/2024\/05\/\u041c\u0435\u0452\u0443\u043d\u0430\u0440\u043e\u0434\u043d\u0438-\u043d\u0430\u0443\u0447\u043d\u043e\u0438\u0441\u0442\u0440\u0430\u0436\u0438\u0432\u0430\u0447\u043a\u0438-\u043f\u0440\u043e\u0458\u0435\u043a\u0442\u0438-\u0441\u0430-\u0443\u0447\u0435\u0448\u045b\u0435\u043c-\u0423\u0423\u041d\u0422.pdf\" target=\"_blank\" rel=\"noopener\">Me\u0111unarodni nau\u010dno-istra\u017eiva\u010dki projekti<\/a><\/span><\/p><p><span style=\"text-decoration: underline;\"><a href=\"https:\/\/unt.edu.rs\/wp-content\/uploads\/2024\/04\/\u041d\u0430\u0443\u0447\u043d\u043e-\u0438\u0441\u0442\u0440\u0430\u0436\u0438\u0432\u0430\u0447\u043a\u0438-\u043f\u0440\u043e\u0458\u0435\u043a\u0442\u0438-\u043a\u043e\u0458\u0435-\u0458\u0435-\u0444\u0438\u043d\u0430\u043d\u0441\u0438\u0440\u0430\u043b\u043e-\u041c\u041f\u041d\u0422\u0420-\u0420\u0421.pdf\" target=\"_blank\" rel=\"noopener\">Scientific research projects financed by MPNTR RS<br \/><\/a><\/span><\/p><p><span style=\"text-decoration: underline;\"><a href=\"https:\/\/unt.edu.rs\/wp-content\/uploads\/2024\/04\/\u041e\u0441\u0442\u0430\u043b\u0438-\u043f\u0440\u043e\u0458\u0435\u043a\u0442\u0438-\u0441\u0430-\u0443\u0447\u0435\u0448\u045b\u0435\u043c-\u0423\u0423\u041d\u0422.pdf\" target=\"_blank\" rel=\"noopener\">Projects with the economy and other institutions (since 2019)<br \/><\/a><\/span><\/p>\t\t\t\t\t\t\t\t<\/div>\n\t\t\t\t<\/div>\n\t\t\t\t<\/div>\n\t\t<div class=\"elementor-element elementor-element-c7993ca e-con-full e-flex e-con e-child\" data-id=\"c7993ca\" data-element_type=\"container\" data-e-type=\"container\">\n\t\t\t\t<div class=\"elementor-element elementor-element-98afa9b elementor-widget elementor-widget-heading\" data-id=\"98afa9b\" data-element_type=\"widget\" data-e-type=\"widget\" data-widget_type=\"heading.default\">\n\t\t\t\t<div class=\"elementor-widget-container\">\n\t\t\t\t\t<h2 class=\"elementor-heading-title elementor-size-default\">Scientific projects financed by &quot;Union Nikola Tesla&quot; University<\/h2>\t\t\t\t<\/div>\n\t\t\t\t<\/div>\n\t\t\t\t<div class=\"elementor-element elementor-element-8944a3a elementor-widget-tablet__width-inherit elementor-widget elementor-widget-text-editor\" data-id=\"8944a3a\" data-element_type=\"widget\" data-e-type=\"widget\" data-widget_type=\"text-editor.default\">\n\t\t\t\t<div class=\"elementor-widget-container\">\n\t\t\t\t\t\t\t\t\t<p><span style=\"text-decoration: underline\"><a href=\"https:\/\/unt.edu.rs\/wp-content\/uploads\/2024\/04\/Projekat-Ekopor2021.pdf\" target=\"_blank\" rel=\"noopener\">The impact of tax policy on the economic growth of the Republic of Serbia<\/a><\/span><\/p><p><span style=\"text-decoration: underline\"><a href=\"https:\/\/unt.edu.rs\/wp-content\/uploads\/2024\/04\/Projekat-KP.pdf\" target=\"_blank\" rel=\"noopener\">Personnel potential<\/a><\/span><\/p><p><span style=\"text-decoration: underline\"><a href=\"https:\/\/unt.edu.rs\/wp-content\/uploads\/2024\/04\/Projekat-NOPUEPO.pdf\" target=\"_blank\" rel=\"noopener\">Application of advanced numerical optimization techniques in designing and improving the energy performance of buildings in real conditions<\/a><\/span><\/p><p><span style=\"text-decoration: underline\"><a href=\"https:\/\/unt.edu.rs\/wp-content\/uploads\/2024\/04\/Projekat-OMSFPV.pdf\" target=\"_blank\" rel=\"noopener\">Optimization of mechanical joints in facade panels in high-rise buildings<\/a><\/span><\/p><p><span style=\"text-decoration: underline\"><a href=\"https:\/\/unt.edu.rs\/wp-content\/uploads\/2024\/04\/Projekat-UPDPPMO.pdf\" target=\"_blank\" rel=\"noopener\">The impact of changes in social and political paradigms on international relations<\/a><\/span><\/p><p><span style=\"text-decoration: underline\"><a href=\"https:\/\/unt.edu.rs\/wp-content\/uploads\/2024\/04\/Projekat-VKZSKVS.pdf\" target=\"_blank\" rel=\"noopener\">Long-term and seasonal variations of concentrations of the main pollutants in the air at selected air quality monitoring stations in Serbia<\/a><\/span><\/p><p><span style=\"text-decoration: underline\"><a href=\"https:\/\/unt.edu.rs\/wp-content\/uploads\/2024\/04\/Samohodna-robotizovana-laboratorija-1.pdf\" target=\"_blank\" rel=\"noopener\">Self-propelled robotic laboratory<\/a><\/span><\/p><p><span style=\"text-decoration: underline\"><a href=\"https:\/\/unt.edu.rs\/wp-content\/uploads\/2024\/04\/Uticaj-energoprojekta-na-formiranje-standarda-u-industriji-u-periodu-od-1980.-godine-do-danas-1.pdf\" target=\"_blank\" rel=\"noopener\">The influence of the energy project on the formation of standards in the industry in the period from 1980 to the present day<\/a><\/span><\/p><p><span style=\"text-decoration: underline\"><a href=\"https:\/\/unt.edu.rs\/wp-content\/uploads\/2024\/04\/Obloge-za-tretman-inficiranih-rana-na-bazi-hidrogelova-ekoloski-prihvatl\u0458ivih-za-zivotnu-sredinu-1.pdf\" target=\"_blank\" rel=\"noopener\">Dressings for the treatment of infected wounds based on environmentally friendly hydrogels<\/a><\/span><\/p><p><span style=\"text-decoration: underline\"><a href=\"https:\/\/unt.edu.rs\/wp-content\/uploads\/2024\/04\/Cerak-vinogradi-u-kontekstu-vremena-od-70-tih-godina-XX-veka-kao-inovativni-projekat-do-2022.-godine-kao-zasticeno-dobro-istrazivanje-1.pdf\" target=\"_blank\" rel=\"noopener\">Cerak vineyards in the context of time - from the 70s of the 20th century as an innovative project, until 2022 as a protected asset, research\u00a0<\/a><\/span><\/p>\t\t\t\t\t\t\t\t<\/div>\n\t\t\t\t<\/div>\n\t\t\t\t<\/div>\n\t\t<div class=\"elementor-element elementor-element-4f01d0b e-con-full e-flex e-con e-child\" data-id=\"4f01d0b\" data-element_type=\"container\" data-e-type=\"container\">\n\t\t\t\t<div class=\"elementor-element elementor-element-979afd4 elementor-widget elementor-widget-heading\" data-id=\"979afd4\" data-element_type=\"widget\" data-e-type=\"widget\" data-widget_type=\"heading.default\">\n\t\t\t\t<div class=\"elementor-widget-container\">\n\t\t\t\t\t<h2 class=\"elementor-heading-title elementor-size-default\">Current links<\/h2>\t\t\t\t<\/div>\n\t\t\t\t<\/div>\n\t\t\t\t<\/div>\n\t\t<div class=\"elementor-element elementor-element-92e1c6b e-con-full e-flex e-con e-child\" data-id=\"92e1c6b\" data-element_type=\"container\" data-e-type=\"container\">\n\t\t\t\t<div class=\"elementor-element elementor-element-3fb7167 elementor-widget-tablet__width-inherit elementor-widget elementor-widget-text-editor\" data-id=\"3fb7167\" data-element_type=\"widget\" data-e-type=\"widget\" data-widget_type=\"text-editor.default\">\n\t\t\t\t<div class=\"elementor-widget-container\">\n\t\t\t\t\t\t\t\t\t<p>You can read more about current project links\u00a0<a href=\"https:\/\/unt.edu.rs\/wp-content\/uploads\/2024\/04\/Aktuelni-linkovi-za-projekte.pdf\"><strong><span style=\"text-decoration: underline\">HERE.<\/span><\/strong><\/a><\/p>\t\t\t\t\t\t\t\t<\/div>\n\t\t\t\t<\/div>\n\t\t\t\t<\/div>\n\t\t\t\t<div class=\"elementor-element elementor-element-7732a78 elementor-widget-tablet__width-inherit elementor-widget elementor-widget-text-editor\" data-id=\"7732a78\" data-element_type=\"widget\" data-e-type=\"widget\" data-widget_type=\"text-editor.default\">\n\t\t\t\t<div class=\"elementor-widget-container\">\n\t\t\t\t\t\t\t\t\t<p><a href=\"https:\/\/portal.v2.ekonet.solutions\/\"><span style=\"text-decoration: underline;\"><strong>Air quality monitoring station at the location Cara Du\u0161ana 62-64, Belgrade.<\/strong><\/span><\/a><\/p>\t\t\t\t\t\t\t\t<\/div>\n\t\t\t\t<\/div>\n\t\t\t\t<div class=\"elementor-element elementor-element-e0ef4c2 elementor-widget-tablet__width-inherit elementor-widget elementor-widget-text-editor\" data-id=\"e0ef4c2\" data-element_type=\"widget\" data-e-type=\"widget\" data-widget_type=\"text-editor.default\">\n\t\t\t\t<div class=\"elementor-widget-container\">\n\t\t\t\t\t\t\t\t\t<p><a href=\"https:\/\/unt.edu.rs\/en\/forums\/forum\/pitanjaodgovori\/\"><span style=\"text-decoration: underline;\"><strong>Forum \u2013 (Questions and Answers)<\/strong><\/span><\/a><\/p>\t\t\t\t\t\t\t\t<\/div>\n\t\t\t\t<\/div>\n\t\t\t\t<div class=\"elementor-element elementor-element-0b59b54 elementor-widget-tablet__width-inherit elementor-widget elementor-widget-text-editor\" data-id=\"0b59b54\" data-element_type=\"widget\" data-e-type=\"widget\" data-widget_type=\"text-editor.default\">\n\t\t\t\t<div class=\"elementor-widget-container\">\n\t\t\t\t\t\t\t\t\t<p><a href=\"https:\/\/unt.edu.rs\/en\/registracija\/\"><span style=\"text-decoration: underline;\"><strong>Forum Registration<\/strong><\/span><\/a><\/p>\t\t\t\t\t\t\t\t<\/div>\n\t\t\t\t<\/div>\n\t\t\t\t<div class=\"elementor-element elementor-element-b11838a elementor-widget-tablet__width-inherit elementor-widget elementor-widget-text-editor\" data-id=\"b11838a\" data-element_type=\"widget\" data-e-type=\"widget\" data-widget_type=\"text-editor.default\">\n\t\t\t\t<div class=\"elementor-widget-container\">\n\t\t\t\t\t\t\t\t\t<p><a href=\"https:\/\/unt.edu.rs\/en\/login-forum\/\"><span style=\"text-decoration: underline;\"><strong>Forum Login<\/strong><\/span><\/a><\/p>\t\t\t\t\t\t\t\t<\/div>\n\t\t\t\t<\/div>\n\t\t\t\t\t<\/div>\n\t\t\t\t<\/section>\n\t\t\t\t<\/main>\n\t\t\t\t<\/div>","protected":false},"excerpt":{"rendered":"<p>Projekti sa u\u010de\u0161\u0107em Univerzitet \u201cUnion- Nikola Tesla\u201c Me\u0111unarodni nau\u010dno-istra\u017eiva\u010dki projekti Nau\u010dno istra\u017eiva\u010dki projekti koje finansira MPNTR RS Projekti sa privredom i drugim ustanovama (od 2019 godine) Nau\u010dni projekti koje finansira Univerzitet &#8222;Union Nikola Tesla&#8220; Uticaj poreske politike na privredni rast Republike Srbije Kadrovski potential Primena naprednih tehnika numeri\u010dke optimizacije u projektovanju i unapre\u0111enju energetskih performansi [&hellip;]<\/p>\n","protected":false},"author":1,"featured_media":0,"parent":1892,"menu_order":0,"comment_status":"closed","ping_status":"closed","template":"elementor_header_footer","meta":{"_acf_changed":false,"_monsterinsights_skip_tracking":false,"_monsterinsights_sitenote_active":false,"_monsterinsights_sitenote_note":"","_monsterinsights_sitenote_category":0,"footnotes":""},"class_list":["post-1908","page","type-page","status-publish","hentry"],"acf":[],"aioseo_notices":[],"_links":{"self":[{"href":"https:\/\/unt.edu.rs\/en\/wp-json\/wp\/v2\/pages\/1908","targetHints":{"allow":["GET"]}}],"collection":[{"href":"https:\/\/unt.edu.rs\/en\/wp-json\/wp\/v2\/pages"}],"about":[{"href":"https:\/\/unt.edu.rs\/en\/wp-json\/wp\/v2\/types\/page"}],"author":[{"embeddable":true,"href":"https:\/\/unt.edu.rs\/en\/wp-json\/wp\/v2\/users\/1"}],"replies":[{"embeddable":true,"href":"https:\/\/unt.edu.rs\/en\/wp-json\/wp\/v2\/comments?post=1908"}],"version-history":[{"count":12,"href":"https:\/\/unt.edu.rs\/en\/wp-json\/wp\/v2\/pages\/1908\/revisions"}],"predecessor-version":[{"id":16201,"href":"https:\/\/unt.edu.rs\/en\/wp-json\/wp\/v2\/pages\/1908\/revisions\/16201"}],"up":[{"embeddable":true,"href":"https:\/\/unt.edu.rs\/en\/wp-json\/wp\/v2\/pages\/1892"}],"wp:attachment":[{"href":"https:\/\/unt.edu.rs\/en\/wp-json\/wp\/v2\/media?parent=1908"}],"curies":[{"name":"wp","href":"https:\/\/api.w.org\/{rel}","templated":true}]}}