{"id":1917,"date":"2024-03-25T16:53:42","date_gmt":"2024-03-25T15:53:42","guid":{"rendered":"https:\/\/unt.edu.rs\/?page_id=1917"},"modified":"2024-04-04T22:12:41","modified_gmt":"2024-04-04T20:12:41","slug":"konferencija-2022","status":"publish","type":"page","link":"https:\/\/unt.edu.rs\/en\/nauka\/konferencije\/konferencija-2022\/","title":{"rendered":"Conference 2022"},"content":{"rendered":"<div data-elementor-type=\"wp-page\" data-elementor-id=\"1917\" class=\"elementor elementor-1917\" data-elementor-post-type=\"page\">\n\t\t\t\t<main class=\"elementor-element elementor-element-f1fe9eb e-con-full e-flex e-con e-parent\" data-id=\"f1fe9eb\" data-element_type=\"container\" data-e-type=\"container\" data-settings=\"{&quot;background_background&quot;:&quot;classic&quot;}\">\n\t\t<div class=\"elementor-element elementor-element-41715f2 e-con-full e-flex e-con e-child\" data-id=\"41715f2\" data-element_type=\"container\" data-e-type=\"container\">\n\t\t\t\t<div class=\"elementor-element elementor-element-ccdf2ef elementor-widget elementor-widget-template\" data-id=\"ccdf2ef\" data-element_type=\"widget\" data-e-type=\"widget\" data-widget_type=\"template.default\">\n\t\t\t\t<div class=\"elementor-widget-container\">\n\t\t\t\t\t\t\t<div class=\"elementor-template\">\n\t\t\t\t\t<div data-elementor-type=\"container\" data-elementor-id=\"1711\" class=\"elementor elementor-1711\" data-elementor-post-type=\"elementor_library\">\n\t\t\t\t<section class=\"elementor-element elementor-element-30524144 e-con-full e-flex e-con e-child\" data-id=\"30524144\" data-element_type=\"container\" data-e-type=\"container\">\n\t\t<div class=\"elementor-element elementor-element-4bca8df3 e-con-full e-flex e-con e-child\" data-id=\"4bca8df3\" data-element_type=\"container\" data-e-type=\"container\" data-settings=\"{&quot;background_background&quot;:&quot;classic&quot;}\">\n\t\t<div class=\"elementor-element elementor-element-62683539 e-flex e-con-boxed e-con e-child\" data-id=\"62683539\" data-element_type=\"container\" data-e-type=\"container\">\n\t\t\t\t\t<div class=\"e-con-inner\">\n\t\t\t\t<div class=\"elementor-element elementor-element-24b9f11 elementor-widget elementor-widget-heading\" data-id=\"24b9f11\" data-element_type=\"widget\" data-e-type=\"widget\" data-widget_type=\"heading.default\">\n\t\t\t\t<div class=\"elementor-widget-container\">\n\t\t\t\t\t<h1 class=\"elementor-heading-title elementor-size-default\">Conference 2022<\/h1>\t\t\t\t<\/div>\n\t\t\t\t<\/div>\n\t\t\t\t\t<\/div>\n\t\t\t\t<\/div>\n\t\t\t\t<\/div>\n\t\t<div class=\"elementor-element elementor-element-21437c9a e-flex e-con-boxed e-con e-child\" data-id=\"21437c9a\" data-element_type=\"container\" data-e-type=\"container\">\n\t\t\t\t\t<div class=\"e-con-inner\">\n\t\t<div class=\"elementor-element elementor-element-7435cc29 e-con-full e-flex e-con e-child\" data-id=\"7435cc29\" data-element_type=\"container\" data-e-type=\"container\">\n\t\t\t\t<div class=\"elementor-element elementor-element-408b0d06 elementor-widget__width-inherit elementor-widget elementor-widget-shortcode\" data-id=\"408b0d06\" data-element_type=\"widget\" data-e-type=\"widget\" data-widget_type=\"shortcode.default\">\n\t\t\t\t<div class=\"elementor-widget-container\">\n\t\t\t\t\t\t\t<div class=\"elementor-shortcode\"><span property=\"itemListElement\" typeof=\"ListItem\"><a property=\"item\" typeof=\"WebPage\" title=\"Go to Union Nikola Tesla University.\" href=\"https:\/\/unt.edu.rs\/en\" class=\"home\" ><span property=\"name\">University of \"Union-Nikola Tesla\"<\/span><\/a><meta property=\"position\" content=\"1\"><\/span> &gt; <span property=\"itemListElement\" typeof=\"ListItem\"><a property=\"item\" typeof=\"WebPage\" title=\"Go to News.\" href=\"https:\/\/unt.edu.rs\/en\/vesti\/\" class=\"post-root post post-post\" aria-current=\"page\"><span property=\"name\">News<\/span><\/a><meta property=\"position\" content=\"2\"><\/span><\/div>\n\t\t\t\t\t\t<\/div>\n\t\t\t\t<\/div>\n\t\t\t\t<\/div>\n\t\t\t\t\t<\/div>\n\t\t\t\t<\/div>\n\t\t\t\t<\/section>\n\t\t\t\t<\/div>\n\t\t\t\t<\/div>\n\t\t\t\t\t\t<\/div>\n\t\t\t\t<\/div>\n\t\t\t\t<\/div>\n\t\t<div class=\"elementor-element elementor-element-1672213 e-flex e-con-boxed e-con e-child\" data-id=\"1672213\" data-element_type=\"container\" data-e-type=\"container\" data-settings=\"{&quot;background_background&quot;:&quot;classic&quot;}\">\n\t\t\t\t\t<div class=\"e-con-inner\">\n\t\t<div class=\"elementor-element elementor-element-9c49608 e-con-full e-flex e-con e-child\" data-id=\"9c49608\" data-element_type=\"container\" data-e-type=\"container\">\n\t\t\t\t<div class=\"elementor-element elementor-element-d21d5cb elementor-widget elementor-widget-heading\" data-id=\"d21d5cb\" data-element_type=\"widget\" data-e-type=\"widget\" data-widget_type=\"heading.default\">\n\t\t\t\t<div class=\"elementor-widget-container\">\n\t\t\t\t\t<h2 class=\"elementor-heading-title elementor-size-default\">Conference 2022<\/h2>\t\t\t\t<\/div>\n\t\t\t\t<\/div>\n\t\t\t\t<div class=\"elementor-element elementor-element-65b1a25 elementor-widget-tablet__width-inherit elementor-widget elementor-widget-text-editor\" data-id=\"65b1a25\" data-element_type=\"widget\" data-e-type=\"widget\" data-widget_type=\"text-editor.default\">\n\t\t\t\t<div class=\"elementor-widget-container\">\n\t\t\t\t\t\t\t\t\t<p>The second international conference on sustainable environment and technologies &quot;Let&#039;s create a sustainable community&quot; organized by the University &quot;Union - Nikola Tesla&quot; 2022<\/p>\t\t\t\t\t\t\t\t<\/div>\n\t\t\t\t<\/div>\n\t\t\t\t<div class=\"elementor-element elementor-element-b39fba0 elementor-widget-tablet__width-inherit elementor-widget elementor-widget-text-editor\" data-id=\"b39fba0\" data-element_type=\"widget\" data-e-type=\"widget\" data-widget_type=\"text-editor.default\">\n\t\t\t\t<div class=\"elementor-widget-container\">\n\t\t\t\t\t\t\t\t\t<p>Instructions for authors can be found at <a href=\"https:\/\/unt.edu.rs\/wp-content\/uploads\/2024\/04\/01.pdf\" target=\"_blank\" rel=\"noopener\"><strong><span style=\"text-decoration: underline;\">LINK <\/span><\/strong><\/a><\/p>\t\t\t\t\t\t\t\t<\/div>\n\t\t\t\t<\/div>\n\t\t\t\t<div class=\"elementor-element elementor-element-60febb6 elementor-widget-tablet__width-inherit elementor-widget elementor-widget-text-editor\" data-id=\"60febb6\" data-element_type=\"widget\" data-e-type=\"widget\" data-widget_type=\"text-editor.default\">\n\t\t\t\t<div class=\"elementor-widget-container\">\n\t\t\t\t\t\t\t\t\t<p>You can view the decision of the parent committee on the categorization of the conference\u00a0<a href=\"https:\/\/unt.edu.rs\/wp-content\/uploads\/2024\/04\/02.pdf\" target=\"_blank\" rel=\"noopener\"><span style=\"text-decoration: underline;\"><strong>HERE.\u00a0<\/strong><\/span><\/a><\/p>\t\t\t\t\t\t\t\t<\/div>\n\t\t\t\t<\/div>\n\t\t\t\t<div class=\"elementor-element elementor-element-3e175bd elementor-widget-tablet__width-inherit elementor-widget elementor-widget-text-editor\" data-id=\"3e175bd\" data-element_type=\"widget\" data-e-type=\"widget\" data-widget_type=\"text-editor.default\">\n\t\t\t\t<div class=\"elementor-widget-container\">\n\t\t\t\t\t\t\t\t\t<p><span style=\"white-space-collapse: preserve;\">You can see the book of proceedings from the conference at\u00a0<a href=\"https:\/\/unt.edu.rs\/wp-content\/uploads\/2024\/04\/03.pdf\" target=\"_blank\" rel=\"noopener\"><b><u>LINK<\/u><\/b>. <\/a><\/span><\/p>\t\t\t\t\t\t\t\t<\/div>\n\t\t\t\t<\/div>\n\t\t\t\t<div class=\"elementor-element elementor-element-0f916ca elementor-widget-tablet__width-inherit elementor-widget elementor-widget-text-editor\" data-id=\"0f916ca\" data-element_type=\"widget\" data-e-type=\"widget\" data-widget_type=\"text-editor.default\">\n\t\t\t\t<div class=\"elementor-widget-container\">\n\t\t\t\t\t\t\t\t\t<p>You can see photos from the conference at <a href=\"https:\/\/www.unionnikolatesla.edu.rs\/sr\/o-univerzitetu\/galerija\/galerija-fotografija\/medjunarodne-konferencije\/druga-medjunarodna-konferencija-o-odrzivom-razvoju-i-tehnologijama-univerziteta-union-nikola-tesla-2022\" target=\"_blank\" rel=\"noopener\"><span style=\"text-decoration: underline;\"><strong>LINK<\/strong><\/span>.\u00a0<\/a><\/p>\t\t\t\t\t\t\t\t<\/div>\n\t\t\t\t<\/div>\n\t\t\t\t<div class=\"elementor-element elementor-element-870a9cd elementor-widget-tablet__width-inherit elementor-widget elementor-widget-text-editor\" data-id=\"870a9cd\" data-element_type=\"widget\" data-e-type=\"widget\" data-widget_type=\"text-editor.default\">\n\t\t\t\t<div class=\"elementor-widget-container\">\n\t\t\t\t\t\t\t\t\t<p>You can see media writing at <a href=\"https:\/\/www.danas.rs\/vesti\/drustvo\/u-beogradu-odrzana-medjunarodna-konferencija-o-odrzivom-razvoju-i-tehnologijama\/\"><span style=\"text-decoration: underline;\"><strong>LINK<\/strong><\/span>.<\/a><\/p>\t\t\t\t\t\t\t\t<\/div>\n\t\t\t\t<\/div>\n\t\t\t\t<div class=\"elementor-element elementor-element-903f844 elementor-widget-tablet__width-inherit elementor-widget elementor-widget-text-editor\" data-id=\"903f844\" data-element_type=\"widget\" data-e-type=\"widget\" data-widget_type=\"text-editor.default\">\n\t\t\t\t<div class=\"elementor-widget-container\">\n\t\t\t\t\t\t\t\t\t<p>You can see televised guest appearances on the occasion of the conference at <a href=\"https:\/\/www.youtube.com\/watch?v=DZBLmxuUIzA\"><span style=\"text-decoration: underline;\"><strong>LINK<\/strong><\/span>.<\/a><\/p>\t\t\t\t\t\t\t\t<\/div>\n\t\t\t\t<\/div>\n\t\t\t\t<div class=\"elementor-element elementor-element-a49b839 elementor-widget-tablet__width-inherit elementor-widget elementor-widget-text-editor\" data-id=\"a49b839\" data-element_type=\"widget\" data-e-type=\"widget\" data-widget_type=\"text-editor.default\">\n\t\t\t\t<div class=\"elementor-widget-container\">\n\t\t\t\t\t\t\t\t\t<p>You can read more about the plenary speakers and their papers from the conference at <a href=\"https:\/\/unt.edu.rs\/wp-content\/uploads\/2024\/04\/04.pdf\"><span style=\"text-decoration: underline;\"><strong>LINK<\/strong><\/span>.<\/a><\/p>\t\t\t\t\t\t\t\t<\/div>\n\t\t\t\t<\/div>\n\t\t\t\t<div class=\"elementor-element elementor-element-06b5fc6 elementor-widget elementor-widget-gallery\" data-id=\"06b5fc6\" data-element_type=\"widget\" data-e-type=\"widget\" data-settings=\"{&quot;columns&quot;:2,&quot;lazyload&quot;:&quot;yes&quot;,&quot;gallery_layout&quot;:&quot;grid&quot;,&quot;columns_tablet&quot;:2,&quot;columns_mobile&quot;:1,&quot;gap&quot;:{&quot;unit&quot;:&quot;px&quot;,&quot;size&quot;:10,&quot;sizes&quot;:[]},&quot;gap_tablet&quot;:{&quot;unit&quot;:&quot;px&quot;,&quot;size&quot;:10,&quot;sizes&quot;:[]},&quot;gap_mobile&quot;:{&quot;unit&quot;:&quot;px&quot;,&quot;size&quot;:10,&quot;sizes&quot;:[]},&quot;link_to&quot;:&quot;file&quot;,&quot;aspect_ratio&quot;:&quot;3:2&quot;,&quot;overlay_background&quot;:&quot;yes&quot;,&quot;content_hover_animation&quot;:&quot;fade-in&quot;}\" data-widget_type=\"gallery.default\">\n\t\t\t\t<div class=\"elementor-widget-container\">\n\t\t\t\t\t\t\t<div class=\"elementor-gallery__container\">\n\t\t\t\t\t\t\t<a class=\"e-gallery-item elementor-gallery-item elementor-animated-content\" href=\"https:\/\/unt.edu.rs\/wp-content\/uploads\/2024\/03\/01645180070.png\" data-elementor-open-lightbox=\"yes\" data-elementor-lightbox-slideshow=\"06b5fc6\" data-elementor-lightbox-title=\"01645180070\" data-e-action-hash=\"#elementor-action%3Aaction%3Dlightbox%26settings%3DeyJpZCI6NjU0NCwidXJsIjoiaHR0cHM6XC9cL3VudC5lZHUucnNcL3dwLWNvbnRlbnRcL3VwbG9hZHNcLzIwMjRcLzAzXC8wMTY0NTE4MDA3MC5wbmciLCJzbGlkZXNob3ciOiIwNmI1ZmM2In0%3D\">\n\t\t\t\t\t<div class=\"e-gallery-image elementor-gallery-item__image\" data-thumbnail=\"https:\/\/unt.edu.rs\/wp-content\/uploads\/2024\/03\/01645180070-768x542.png\" data-width=\"768\" data-height=\"542\" aria-label=\"\" role=\"img\" ><\/div>\n\t\t\t\t\t\t\t\t\t\t\t<div class=\"elementor-gallery-item__overlay\"><\/div>\n\t\t\t\t\t\t\t\t\t\t\t\t\t\t<\/a>\n\t\t\t\t\t<\/div>\n\t\t\t\t\t<\/div>\n\t\t\t\t<\/div>\n\t\t\t\t<\/div>\n\t\t\t\t\t<\/div>\n\t\t\t\t<\/div>\n\t\t\t\t<\/main>\n\t\t\t\t<\/div>","protected":false},"excerpt":{"rendered":"<p>Konferencija 2022\u200b Druga me\u0111unarodna konferencija o odr\u017eivoj \u017eivotnoj sredini i tehnologijama &#8222;Kreirajmo odr\u017eivu zajednicu&#8220; u organizaciji Univerziteta &#8222;Union &#8211; Nikola Tesla&#8220; 2022 Uputstvo za autore mo\u017eete videti na LINKU Re\u0161enje mati\u010dkog odbora o kategorizaciji konferencije mo\u017eete pogledati\u00a0OVDE.\u00a0 Knjigu\u00a0radova sa\u00a0 konferencije\u00a0mo\u017eete videti na\u00a0LINKU. Fotografije sa konferencije mo\u017eete videti na LINKU.\u00a0 Pisanje medija mo\u017eete videti na LINKU. [&hellip;]<\/p>\n","protected":false},"author":1,"featured_media":0,"parent":1910,"menu_order":0,"comment_status":"closed","ping_status":"closed","template":"elementor_header_footer","meta":{"_acf_changed":false,"_monsterinsights_skip_tracking":false,"_monsterinsights_sitenote_active":false,"_monsterinsights_sitenote_note":"","_monsterinsights_sitenote_category":0,"footnotes":""},"class_list":["post-1917","page","type-page","status-publish","hentry"],"acf":[],"aioseo_notices":[],"_links":{"self":[{"href":"https:\/\/unt.edu.rs\/en\/wp-json\/wp\/v2\/pages\/1917","targetHints":{"allow":["GET"]}}],"collection":[{"href":"https:\/\/unt.edu.rs\/en\/wp-json\/wp\/v2\/pages"}],"about":[{"href":"https:\/\/unt.edu.rs\/en\/wp-json\/wp\/v2\/types\/page"}],"author":[{"embeddable":true,"href":"https:\/\/unt.edu.rs\/en\/wp-json\/wp\/v2\/users\/1"}],"replies":[{"embeddable":true,"href":"https:\/\/unt.edu.rs\/en\/wp-json\/wp\/v2\/comments?post=1917"}],"version-history":[{"count":0,"href":"https:\/\/unt.edu.rs\/en\/wp-json\/wp\/v2\/pages\/1917\/revisions"}],"up":[{"embeddable":true,"href":"https:\/\/unt.edu.rs\/en\/wp-json\/wp\/v2\/pages\/1910"}],"wp:attachment":[{"href":"https:\/\/unt.edu.rs\/en\/wp-json\/wp\/v2\/media?parent=1917"}],"curies":[{"name":"wp","href":"https:\/\/api.w.org\/{rel}","templated":true}]}}