{"id":1919,"date":"2024-03-25T16:54:02","date_gmt":"2024-03-25T15:54:02","guid":{"rendered":"https:\/\/unt.edu.rs\/?page_id=1919"},"modified":"2024-04-04T22:13:38","modified_gmt":"2024-04-04T20:13:38","slug":"konferencija-2021","status":"publish","type":"page","link":"https:\/\/unt.edu.rs\/en\/nauka\/konferencije\/konferencija-2021\/","title":{"rendered":"Conference 2021"},"content":{"rendered":"<div data-elementor-type=\"wp-page\" data-elementor-id=\"1919\" class=\"elementor elementor-1919\" data-elementor-post-type=\"page\">\n\t\t\t\t<main class=\"elementor-element elementor-element-4e23b11 e-con-full e-flex e-con e-parent\" data-id=\"4e23b11\" data-element_type=\"container\" data-e-type=\"container\" data-settings=\"{&quot;background_background&quot;:&quot;classic&quot;}\">\n\t\t<div class=\"elementor-element elementor-element-253b18f e-con-full e-flex e-con e-child\" data-id=\"253b18f\" data-element_type=\"container\" data-e-type=\"container\">\n\t\t\t\t<div class=\"elementor-element elementor-element-a6f69b9 elementor-widget elementor-widget-template\" data-id=\"a6f69b9\" data-element_type=\"widget\" data-e-type=\"widget\" data-widget_type=\"template.default\">\n\t\t\t\t<div class=\"elementor-widget-container\">\n\t\t\t\t\t\t\t<div class=\"elementor-template\">\n\t\t\t\t\t<div data-elementor-type=\"container\" data-elementor-id=\"1711\" class=\"elementor elementor-1711\" data-elementor-post-type=\"elementor_library\">\n\t\t\t\t<section class=\"elementor-element elementor-element-30524144 e-con-full e-flex e-con e-child\" data-id=\"30524144\" data-element_type=\"container\" data-e-type=\"container\">\n\t\t<div class=\"elementor-element elementor-element-4bca8df3 e-con-full e-flex e-con e-child\" data-id=\"4bca8df3\" data-element_type=\"container\" data-e-type=\"container\" data-settings=\"{&quot;background_background&quot;:&quot;classic&quot;}\">\n\t\t<div class=\"elementor-element elementor-element-62683539 e-flex e-con-boxed e-con e-child\" data-id=\"62683539\" data-element_type=\"container\" data-e-type=\"container\">\n\t\t\t\t\t<div class=\"e-con-inner\">\n\t\t\t\t<div class=\"elementor-element elementor-element-24b9f11 elementor-widget elementor-widget-heading\" data-id=\"24b9f11\" data-element_type=\"widget\" data-e-type=\"widget\" data-widget_type=\"heading.default\">\n\t\t\t\t<div class=\"elementor-widget-container\">\n\t\t\t\t\t<h1 class=\"elementor-heading-title elementor-size-default\">Conference 2021<\/h1>\t\t\t\t<\/div>\n\t\t\t\t<\/div>\n\t\t\t\t\t<\/div>\n\t\t\t\t<\/div>\n\t\t\t\t<\/div>\n\t\t<div class=\"elementor-element elementor-element-21437c9a e-flex e-con-boxed e-con e-child\" data-id=\"21437c9a\" data-element_type=\"container\" data-e-type=\"container\">\n\t\t\t\t\t<div class=\"e-con-inner\">\n\t\t<div class=\"elementor-element elementor-element-7435cc29 e-con-full e-flex e-con e-child\" data-id=\"7435cc29\" data-element_type=\"container\" data-e-type=\"container\">\n\t\t\t\t<div class=\"elementor-element elementor-element-408b0d06 elementor-widget__width-inherit elementor-widget elementor-widget-shortcode\" data-id=\"408b0d06\" data-element_type=\"widget\" data-e-type=\"widget\" data-widget_type=\"shortcode.default\">\n\t\t\t\t<div class=\"elementor-widget-container\">\n\t\t\t\t\t\t\t<div class=\"elementor-shortcode\"><span property=\"itemListElement\" typeof=\"ListItem\"><a property=\"item\" typeof=\"WebPage\" title=\"Go to Union Nikola Tesla University.\" href=\"https:\/\/unt.edu.rs\/en\" class=\"home\" ><span property=\"name\">University of \"Union-Nikola Tesla\"<\/span><\/a><meta property=\"position\" content=\"1\"><\/span> &gt; <span property=\"itemListElement\" typeof=\"ListItem\"><a property=\"item\" typeof=\"WebPage\" title=\"Go to News.\" href=\"https:\/\/unt.edu.rs\/en\/vesti\/\" class=\"post-root post post-post\" aria-current=\"page\"><span property=\"name\">News<\/span><\/a><meta property=\"position\" content=\"2\"><\/span><\/div>\n\t\t\t\t\t\t<\/div>\n\t\t\t\t<\/div>\n\t\t\t\t<\/div>\n\t\t\t\t\t<\/div>\n\t\t\t\t<\/div>\n\t\t\t\t<\/section>\n\t\t\t\t<\/div>\n\t\t\t\t<\/div>\n\t\t\t\t\t\t<\/div>\n\t\t\t\t<\/div>\n\t\t\t\t<\/div>\n\t\t<div class=\"elementor-element elementor-element-63a5ddc e-flex e-con-boxed e-con e-child\" data-id=\"63a5ddc\" data-element_type=\"container\" data-e-type=\"container\" data-settings=\"{&quot;background_background&quot;:&quot;classic&quot;}\">\n\t\t\t\t\t<div class=\"e-con-inner\">\n\t\t<div class=\"elementor-element elementor-element-6854bd5 e-con-full e-flex e-con e-child\" data-id=\"6854bd5\" data-element_type=\"container\" data-e-type=\"container\">\n\t\t\t\t<div class=\"elementor-element elementor-element-015f2a1 elementor-widget elementor-widget-heading\" data-id=\"015f2a1\" data-element_type=\"widget\" data-e-type=\"widget\" data-widget_type=\"heading.default\">\n\t\t\t\t<div class=\"elementor-widget-container\">\n\t\t\t\t\t<h2 class=\"elementor-heading-title elementor-size-default\">Conference 2021<\/h2>\t\t\t\t<\/div>\n\t\t\t\t<\/div>\n\t\t\t\t<div class=\"elementor-element elementor-element-192ae2e elementor-widget-tablet__width-inherit elementor-widget__width-initial elementor-widget elementor-widget-text-editor\" data-id=\"192ae2e\" data-element_type=\"widget\" data-e-type=\"widget\" data-widget_type=\"text-editor.default\">\n\t\t\t\t<div class=\"elementor-widget-container\">\n\t\t\t\t\t\t\t\t\t<p>The first international conference on sustainable environment and technologies &quot;Let&#039;s create a sustainable community&quot; organized by the University &quot;Union - Nikola Tesla&quot; 2021<\/p>\t\t\t\t\t\t\t\t<\/div>\n\t\t\t\t<\/div>\n\t\t\t\t<div class=\"elementor-element elementor-element-47ab24b elementor-widget-tablet__width-inherit elementor-widget elementor-widget-text-editor\" data-id=\"47ab24b\" data-element_type=\"widget\" data-e-type=\"widget\" data-widget_type=\"text-editor.default\">\n\t\t\t\t<div class=\"elementor-widget-container\">\n\t\t\t\t\t\t\t\t\t<p>The current call and instructions for authors can be found at the following <a href=\"https:\/\/unt.edu.rs\/wp-content\/uploads\/2024\/04\/Poziv.pdf\" target=\"_blank\" rel=\"noopener\"><strong><span style=\"text-decoration: underline;\">LINK<\/span><\/strong><\/a>\u00a0<\/p>\t\t\t\t\t\t\t\t<\/div>\n\t\t\t\t<\/div>\n\t\t\t\t<div class=\"elementor-element elementor-element-3d957a1 elementor-widget-tablet__width-inherit elementor-widget elementor-widget-text-editor\" data-id=\"3d957a1\" data-element_type=\"widget\" data-e-type=\"widget\" data-widget_type=\"text-editor.default\">\n\t\t\t\t<div class=\"elementor-widget-container\">\n\t\t\t\t\t\t\t\t\t<p>You can view the decision of the parent committee on the categorization of the conference\u00a0<a href=\"https:\/\/unt.edu.rs\/wp-content\/uploads\/2024\/04\/kategorizacija-konferencije-2022-M30.pdf\" target=\"_blank\" rel=\"noopener\"><span style=\"text-decoration: underline;\"><strong>HERE.<\/strong><\/span><\/a>\u00a0<\/p>\t\t\t\t\t\t\t\t<\/div>\n\t\t\t\t<\/div>\n\t\t\t\t<div class=\"elementor-element elementor-element-2dcc022 elementor-widget-tablet__width-inherit elementor-widget elementor-widget-text-editor\" data-id=\"2dcc022\" data-element_type=\"widget\" data-e-type=\"widget\" data-widget_type=\"text-editor.default\">\n\t\t\t\t<div class=\"elementor-widget-container\">\n\t\t\t\t\t\t\t\t\t<p>You can see the book of proceedings from the first international conference on sustainable development and technologies at <a href=\"https:\/\/unt.edu.rs\/wp-content\/uploads\/2024\/04\/Proceedings1.pdf\" target=\"_blank\" rel=\"noopener\"><span style=\"text-decoration: underline;\"><strong>LINK<\/strong><\/span>.<\/a><\/p>\t\t\t\t\t\t\t\t<\/div>\n\t\t\t\t<\/div>\n\t\t\t\t<div class=\"elementor-element elementor-element-dfc6006 elementor-widget-tablet__width-inherit elementor-widget elementor-widget-text-editor\" data-id=\"dfc6006\" data-element_type=\"widget\" data-e-type=\"widget\" data-widget_type=\"text-editor.default\">\n\t\t\t\t<div class=\"elementor-widget-container\">\n\t\t\t\t\t\t\t\t\t<p>You can see photos from the conference at <a href=\"https:\/\/unt.edu.rs\/wp-content\/uploads\/2024\/04\/Fotografije-sa-konferencije1.pdf\" target=\"_blank\" rel=\"noopener\"><span style=\"text-decoration: underline;\"><strong>LINK<\/strong><\/span>.<\/a> \u00a0<\/p>\t\t\t\t\t\t\t\t<\/div>\n\t\t\t\t<\/div>\n\t\t\t\t<div class=\"elementor-element elementor-element-3196e2f elementor-widget elementor-widget-gallery\" data-id=\"3196e2f\" data-element_type=\"widget\" data-e-type=\"widget\" data-settings=\"{&quot;columns&quot;:2,&quot;lazyload&quot;:&quot;yes&quot;,&quot;gallery_layout&quot;:&quot;grid&quot;,&quot;columns_tablet&quot;:2,&quot;columns_mobile&quot;:1,&quot;gap&quot;:{&quot;unit&quot;:&quot;px&quot;,&quot;size&quot;:10,&quot;sizes&quot;:[]},&quot;gap_tablet&quot;:{&quot;unit&quot;:&quot;px&quot;,&quot;size&quot;:10,&quot;sizes&quot;:[]},&quot;gap_mobile&quot;:{&quot;unit&quot;:&quot;px&quot;,&quot;size&quot;:10,&quot;sizes&quot;:[]},&quot;link_to&quot;:&quot;file&quot;,&quot;aspect_ratio&quot;:&quot;3:2&quot;,&quot;overlay_background&quot;:&quot;yes&quot;,&quot;content_hover_animation&quot;:&quot;fade-in&quot;}\" data-widget_type=\"gallery.default\">\n\t\t\t\t<div class=\"elementor-widget-container\">\n\t\t\t\t\t\t\t<div class=\"elementor-gallery__container\">\n\t\t\t\t\t\t\t<a class=\"e-gallery-item elementor-gallery-item elementor-animated-content\" href=\"https:\/\/unt.edu.rs\/wp-content\/uploads\/2024\/03\/01638440252.png\" data-elementor-open-lightbox=\"yes\" data-elementor-lightbox-slideshow=\"3196e2f\" data-elementor-lightbox-title=\"01638440252\" data-e-action-hash=\"#elementor-action%3Aaction%3Dlightbox%26settings%3DeyJpZCI6NjU0MCwidXJsIjoiaHR0cHM6XC9cL3VudC5lZHUucnNcL3dwLWNvbnRlbnRcL3VwbG9hZHNcLzIwMjRcLzAzXC8wMTYzODQ0MDI1Mi5wbmciLCJzbGlkZXNob3ciOiIzMTk2ZTJmIn0%3D\">\n\t\t\t\t\t<div class=\"e-gallery-image elementor-gallery-item__image\" data-thumbnail=\"https:\/\/unt.edu.rs\/wp-content\/uploads\/2024\/03\/01638440252-768x543.png\" data-width=\"768\" data-height=\"543\" aria-label=\"\" role=\"img\" ><\/div>\n\t\t\t\t\t\t\t\t\t\t\t<div class=\"elementor-gallery-item__overlay\"><\/div>\n\t\t\t\t\t\t\t\t\t\t\t\t\t\t<\/a>\n\t\t\t\t\t<\/div>\n\t\t\t\t\t<\/div>\n\t\t\t\t<\/div>\n\t\t\t\t<\/div>\n\t\t\t\t\t<\/div>\n\t\t\t\t<\/div>\n\t\t\t\t<\/main>\n\t\t\t\t<\/div>","protected":false},"excerpt":{"rendered":"<p>Konferencija 2021 Prva me\u0111unarodna konferencija o odr\u017eivoj \u017eivotnoj sredini i tehnologijama &#8222;Kreirajmo odr\u017eivu zajednicu&#8220; u organizaciji Univerziteta &#8222;Union &#8211; Nikola Tesla&#8220; 2021 Aktuelni poziv i uputstvo za autore mo\u017ee na\u0107i na slede\u0107em LINKU\u00a0 Re\u0161enje mati\u010dkog odbora o kategorizaciji konferencije mo\u017eete pogledati\u00a0OVDE.\u00a0 Knjigu radova sa prve me\u0111unarodne konferencije o odr\u017eivom razvoju i tehnologijama mo\u017eete videti na [&hellip;]<\/p>\n","protected":false},"author":1,"featured_media":0,"parent":1910,"menu_order":0,"comment_status":"closed","ping_status":"closed","template":"elementor_header_footer","meta":{"_acf_changed":false,"_monsterinsights_skip_tracking":false,"_monsterinsights_sitenote_active":false,"_monsterinsights_sitenote_note":"","_monsterinsights_sitenote_category":0,"footnotes":""},"class_list":["post-1919","page","type-page","status-publish","hentry"],"acf":[],"aioseo_notices":[],"_links":{"self":[{"href":"https:\/\/unt.edu.rs\/en\/wp-json\/wp\/v2\/pages\/1919","targetHints":{"allow":["GET"]}}],"collection":[{"href":"https:\/\/unt.edu.rs\/en\/wp-json\/wp\/v2\/pages"}],"about":[{"href":"https:\/\/unt.edu.rs\/en\/wp-json\/wp\/v2\/types\/page"}],"author":[{"embeddable":true,"href":"https:\/\/unt.edu.rs\/en\/wp-json\/wp\/v2\/users\/1"}],"replies":[{"embeddable":true,"href":"https:\/\/unt.edu.rs\/en\/wp-json\/wp\/v2\/comments?post=1919"}],"version-history":[{"count":0,"href":"https:\/\/unt.edu.rs\/en\/wp-json\/wp\/v2\/pages\/1919\/revisions"}],"up":[{"embeddable":true,"href":"https:\/\/unt.edu.rs\/en\/wp-json\/wp\/v2\/pages\/1910"}],"wp:attachment":[{"href":"https:\/\/unt.edu.rs\/en\/wp-json\/wp\/v2\/media?parent=1919"}],"curies":[{"name":"wp","href":"https:\/\/api.w.org\/{rel}","templated":true}]}}