{"id":1923,"date":"2024-03-25T16:55:05","date_gmt":"2024-03-25T15:55:05","guid":{"rendered":"https:\/\/unt.edu.rs\/?page_id=1923"},"modified":"2026-03-05T11:39:25","modified_gmt":"2026-03-05T10:39:25","slug":"doktorske-disertacije","status":"publish","type":"page","link":"https:\/\/unt.edu.rs\/en\/nauka\/doktorske-disertacije\/","title":{"rendered":"Doctoral dissertations"},"content":{"rendered":"<div data-elementor-type=\"wp-page\" data-elementor-id=\"1923\" class=\"elementor elementor-1923\" data-elementor-post-type=\"page\">\n\t\t\t\t<main class=\"elementor-element elementor-element-97feabd e-con-full e-flex e-con e-parent\" data-id=\"97feabd\" data-element_type=\"container\" data-e-type=\"container\" data-settings=\"{&quot;background_background&quot;:&quot;classic&quot;}\">\n\t\t<div class=\"elementor-element elementor-element-0fba96a e-con-full e-flex e-con e-child\" data-id=\"0fba96a\" data-element_type=\"container\" data-e-type=\"container\">\n\t\t\t\t<div class=\"elementor-element elementor-element-926c2a1 elementor-widget elementor-widget-template\" data-id=\"926c2a1\" data-element_type=\"widget\" data-e-type=\"widget\" data-widget_type=\"template.default\">\n\t\t\t\t<div class=\"elementor-widget-container\">\n\t\t\t\t\t\t\t<div class=\"elementor-template\">\n\t\t\t\t\t<div data-elementor-type=\"container\" data-elementor-id=\"1711\" class=\"elementor elementor-1711\" data-elementor-post-type=\"elementor_library\">\n\t\t\t\t<section class=\"elementor-element elementor-element-30524144 e-con-full e-flex e-con e-child\" data-id=\"30524144\" data-element_type=\"container\" data-e-type=\"container\">\n\t\t<div class=\"elementor-element elementor-element-4bca8df3 e-con-full e-flex e-con e-child\" data-id=\"4bca8df3\" data-element_type=\"container\" data-e-type=\"container\" data-settings=\"{&quot;background_background&quot;:&quot;classic&quot;}\">\n\t\t<div class=\"elementor-element elementor-element-62683539 e-flex e-con-boxed e-con e-child\" data-id=\"62683539\" data-element_type=\"container\" data-e-type=\"container\">\n\t\t\t\t\t<div class=\"e-con-inner\">\n\t\t\t\t<div class=\"elementor-element elementor-element-24b9f11 elementor-widget elementor-widget-heading\" data-id=\"24b9f11\" data-element_type=\"widget\" data-e-type=\"widget\" data-widget_type=\"heading.default\">\n\t\t\t\t<div class=\"elementor-widget-container\">\n\t\t\t\t\t<h1 class=\"elementor-heading-title elementor-size-default\">Doctoral dissertations<\/h1>\t\t\t\t<\/div>\n\t\t\t\t<\/div>\n\t\t\t\t\t<\/div>\n\t\t\t\t<\/div>\n\t\t\t\t<\/div>\n\t\t<div class=\"elementor-element elementor-element-21437c9a e-flex e-con-boxed e-con e-child\" data-id=\"21437c9a\" data-element_type=\"container\" data-e-type=\"container\">\n\t\t\t\t\t<div class=\"e-con-inner\">\n\t\t<div class=\"elementor-element elementor-element-7435cc29 e-con-full e-flex e-con e-child\" data-id=\"7435cc29\" data-element_type=\"container\" data-e-type=\"container\">\n\t\t\t\t<div class=\"elementor-element elementor-element-408b0d06 elementor-widget__width-inherit elementor-widget elementor-widget-shortcode\" data-id=\"408b0d06\" data-element_type=\"widget\" data-e-type=\"widget\" data-widget_type=\"shortcode.default\">\n\t\t\t\t<div class=\"elementor-widget-container\">\n\t\t\t\t\t\t\t<div class=\"elementor-shortcode\"><span property=\"itemListElement\" typeof=\"ListItem\"><a property=\"item\" typeof=\"WebPage\" title=\"Go to Union Nikola Tesla University.\" href=\"https:\/\/unt.edu.rs\/en\" class=\"home\" ><span property=\"name\">University of \"Union-Nikola Tesla\"<\/span><\/a><meta property=\"position\" content=\"1\"><\/span> &gt; <span property=\"itemListElement\" typeof=\"ListItem\"><a property=\"item\" typeof=\"WebPage\" title=\"Go to News.\" href=\"https:\/\/unt.edu.rs\/en\/vesti\/\" class=\"post-root post post-post\" aria-current=\"page\"><span property=\"name\">News<\/span><\/a><meta property=\"position\" content=\"2\"><\/span><\/div>\n\t\t\t\t\t\t<\/div>\n\t\t\t\t<\/div>\n\t\t\t\t<\/div>\n\t\t\t\t\t<\/div>\n\t\t\t\t<\/div>\n\t\t\t\t<\/section>\n\t\t\t\t<\/div>\n\t\t\t\t<\/div>\n\t\t\t\t\t\t<\/div>\n\t\t\t\t<\/div>\n\t\t\t\t<\/div>\n\t\t<section class=\"elementor-element elementor-element-9e49740 e-flex e-con-boxed e-con e-child\" data-id=\"9e49740\" data-element_type=\"container\" data-e-type=\"container\" data-settings=\"{&quot;background_background&quot;:&quot;classic&quot;}\">\n\t\t\t\t\t<div class=\"e-con-inner\">\n\t\t<div class=\"elementor-element elementor-element-0fdb220 e-con-full e-flex e-con e-child\" data-id=\"0fdb220\" data-element_type=\"container\" data-e-type=\"container\">\n\t\t\t\t<div class=\"elementor-element elementor-element-bdaa345 elementor-widget elementor-widget-heading\" data-id=\"bdaa345\" data-element_type=\"widget\" data-e-type=\"widget\" data-widget_type=\"heading.default\">\n\t\t\t\t<div class=\"elementor-widget-container\">\n\t\t\t\t\t<h2 class=\"elementor-heading-title elementor-size-default\">Doctoral dissertations<\/h2>\t\t\t\t<\/div>\n\t\t\t\t<\/div>\n\t\t\t\t<div class=\"elementor-element elementor-element-d3b2453 elementor-widget elementor-widget-heading\" data-id=\"d3b2453\" data-element_type=\"widget\" data-e-type=\"widget\" data-widget_type=\"heading.default\">\n\t\t\t\t<div class=\"elementor-widget-container\">\n\t\t\t\t\t<h3 class=\"elementor-heading-title elementor-size-default\">List of defended dissertations:<\/h3>\t\t\t\t<\/div>\n\t\t\t\t<\/div>\n\t\t\t\t<div class=\"elementor-element elementor-element-a15b1cf elementor-widget-tablet__width-inherit elementor-widget elementor-widget-text-editor\" data-id=\"a15b1cf\" data-element_type=\"widget\" data-e-type=\"widget\" data-widget_type=\"text-editor.default\">\n\t\t\t\t<div class=\"elementor-widget-container\">\n\t\t\t\t\t\t\t\t\t<p><a href=\"https:\/\/nardus.mpn.gov.rs\/handle\/123456789\/138\">Link to NARDUS<\/a><\/p>\t\t\t\t\t\t\t\t<\/div>\n\t\t\t\t<\/div>\n\t\t\t\t<div class=\"elementor-element elementor-element-3a03d28 elementor-widget-tablet__width-inherit elementor-widget__width-initial elementor-widget elementor-widget-text-editor\" data-id=\"3a03d28\" data-element_type=\"widget\" data-e-type=\"widget\" data-widget_type=\"text-editor.default\">\n\t\t\t\t<div class=\"elementor-widget-container\">\n\t\t\t\t\t\t\t\t\t<ol><li><span style=\"white-space-collapse: preserve;\"><a href=\"https:\/\/nardus.mpn.gov.rs\/handle\/123456789\/9502\" target=\"_blank\" rel=\"noopener\"><strong>The role of energy efficiency in the system of sustainable development on the example of sustainable construction in Libya<\/strong><\/a>, <em>candidate Elesawi, Abdulbaset Mohamed A.<\/em><br \/><\/span><\/li><li><span style=\"white-space-collapse: preserve;\"><a href=\"https:\/\/nardus.mpn.gov.rs\/handle\/123456789\/10043\" target=\"_blank\" rel=\"noopener\"><strong>Dissipation of the mechanical energy of the overflow jet using the opposite flow<\/strong><\/a>, <em>candidate Alghwail, Amad.Deen Abdusalam S.<\/em><br \/><\/span><\/li><li><span style=\"white-space-collapse: preserve;\"><a href=\"https:\/\/nardus.mpn.gov.rs\/handle\/123456789\/10041\" target=\"_blank\" rel=\"noopener\"><strong>The role of local self-government in the economic development of the Republic of Serbia - opportunities and limitations<\/strong><\/a>, <em>candidate Du\u0161an J. Ani\u010di\u0107<\/em><br \/><\/span><\/li><li><span style=\"white-space-collapse: preserve;\"><a href=\"https:\/\/nardus.mpn.gov.rs\/handle\/123456789\/8373\" target=\"_blank\" rel=\"noopener\"><strong>Methodology for choosing an adequate calculation method in the optimal design of energy-efficient buildings<\/strong><\/a>, <em>candidate Asharee, Assedeq A.<\/em><br \/><\/span><\/li><li><span style=\"white-space-collapse: preserve;\"><a href=\"https:\/\/nardus.mpn.gov.rs\/handle\/123456789\/11191\" target=\"_blank\" rel=\"noopener\"><strong>Design and positioning of the object using numerical optimization in order to improve its performance in the context of energy efficiency<\/strong><\/a>, <em>candidate Du\u0161an Barovi\u0107<\/em><br \/><\/span><\/li><li><span style=\"white-space-collapse: preserve;\"><a href=\"https:\/\/nardus.mpn.gov.rs\/handle\/123456789\/11490\" target=\"_blank\" rel=\"noopener\"><strong>Floristic and vegetation research aimed at the integral protection of the Msalata nature reserve in Libya<\/strong><\/a>, <em>candidate Ayad Ezarzah, Alhusein M.<\/em><br \/><\/span><\/li><li><span style=\"white-space-collapse: preserve;\"><a href=\"https:\/\/nardus.mpn.gov.rs\/handle\/123456789\/10040\" target=\"_blank\" rel=\"noopener\"><strong>A Holistic Approach to Identifying Factors Affecting the Performance of Construction Projects in Libya<\/strong><\/a>, <em>candidate Elhnaish, Fathi E.<\/em><br \/><\/span><\/li><li><span style=\"white-space-collapse: preserve;\"><a href=\"https:\/\/nardus.mpn.gov.rs\/handle\/123456789\/11192\" target=\"_blank\" rel=\"noopener\"><strong>Methodological approach to the identification of priority target groups in the promotion of renewable energy sources at the local self-government level<\/strong><\/a>, <em>candidate Jovanovi\u0107 Goca<\/em><br \/><\/span><\/li><li><span style=\"white-space-collapse: preserve;\"><a href=\"https:\/\/nardus.mpn.gov.rs\/handle\/123456789\/8576\" target=\"_blank\" rel=\"noopener\"><strong>Assessment of the impact of stress factors and their effects on forests with the aim of environmental protection in Serbia<\/strong><\/a>, <em>candidate \u010ce\u0161ljar, Goran D<\/em>.<br \/><\/span><\/li><li><span style=\"white-space-collapse: preserve;\"><a href=\"https:\/\/nardus.mpn.gov.rs\/handle\/123456789\/11492\" target=\"_blank\" rel=\"noopener\"><strong>Improvement of architectural and constructional elements in the process of renovation of multi-family residential buildings from the period of socialist construction in Belgrade<\/strong><\/a>, <em>candidate Luki\u0107 V. Jasmina<\/em><br \/><\/span><\/li><li><span style=\"white-space-collapse: preserve;\"><a href=\"https:\/\/nardus.mpn.gov.rs\/handle\/123456789\/7395\" target=\"_blank\" rel=\"noopener\"><strong>Investigations of environmental parameters and analysis of the impact on yield quality<\/strong><\/a>, <em>candidate Markovi\u0107 S. Jelena<\/em><br \/><\/span><\/li><li><span style=\"white-space-collapse: preserve;\"><a href=\"https:\/\/nardus.mpn.gov.rs\/handle\/123456789\/9121\" target=\"_blank\" rel=\"noopener\"><strong>Modern methods of monitoring radionuclides and other indicators of the state of the environment in order to optimally manage the protected areas of the P\u010dinj district<\/strong><\/a>, <em>candidate Jovana D\u017eolji\u0107<\/em><br \/><\/span><\/li><li><span style=\"white-space-collapse: preserve;\"><a href=\"https:\/\/nardus.mpn.gov.rs\/handle\/123456789\/9120\" target=\"_blank\" rel=\"noopener\"><strong>Improving the performance of energy-efficient design through experimental simulation research of pcm materials and the installation of photovoltaic systems in the envelopes of construction buildings<\/strong><\/a>, <em>candidate Jovanovi\u0107 \u0110. Jovana<\/em><br \/><\/span><\/li><li><span style=\"white-space-collapse: preserve;\"><a href=\"https:\/\/nardus.mpn.gov.rs\/handle\/123456789\/4145\" target=\"_blank\" rel=\"noopener\"><strong>Accumulation of carbon and nitrogen in organic mats, forest soil and forest biomass<\/strong><\/a>, <em>candidate Hadrovi\u0107, Sabahudin<\/em><br \/><\/span><\/li><li><span style=\"white-space-collapse: preserve;\"><a href=\"https:\/\/nardus.mpn.gov.rs\/handle\/123456789\/8374\" target=\"_blank\" rel=\"noopener\"><strong>Probabilistic norms for planning under conditions of uncertainty<\/strong><\/a>, <em>candidate Khaled, Almayouf O.<\/em><br \/><\/span><\/li><li><span style=\"white-space-collapse: preserve;\"><a href=\"https:\/\/nardus.mpn.gov.rs\/handle\/123456789\/11491\" target=\"_blank\" rel=\"noopener\"><strong>Mathematical model of the diversity of odonates on the territory of the Republic of Serbia depending on the main characteristics of the habitat<\/strong><\/a>, <em>candidate Abulsba, Khalil Salem<\/em><br \/><\/span><\/li><li><span style=\"white-space-collapse: preserve;\"><a href=\"https:\/\/nardus.mpn.gov.rs\/handle\/123456789\/11890\" target=\"_blank\" rel=\"noopener\"><strong>Methods of architectural integration of solar cells on a model example of the materialization of the envelope of energy-efficient buildings in Libya<\/strong><\/a>,<em> candidate Dagali, Khaled K. Salem<\/em><br \/><\/span><\/li><li><span style=\"white-space-collapse: preserve;\"><a href=\"https:\/\/nardus.mpn.gov.rs\/handle\/123456789\/11489\" target=\"_blank\" rel=\"noopener\"><strong>Analysis of an environmentally friendly method of removing heavy metals from contaminated water<\/strong><\/a>, <em>candidate Vojvodi\u0107 G. Kristina<\/em><br \/><\/span><\/li><li><span style=\"white-space-collapse: preserve;\"><a href=\"https:\/\/nardus.mpn.gov.rs\/handle\/123456789\/5082\" target=\"_blank\" rel=\"noopener\"><strong>Comparative analysis of selected drivers of the integrated waste management system based on indicators in municipalities in Serbia<\/strong><\/a>, <em>candidate Nikoli\u0107 T. Magdalena<\/em><br \/><\/span><\/li><li><span style=\"white-space-collapse: preserve;\"><a href=\"https:\/\/nardus.mpn.gov.rs\/handle\/123456789\/10042\" target=\"_blank\" rel=\"noopener\"><strong>Barriers and drivers of female entrepreneurship in Serbia<\/strong><\/a>, <em>candidate Maja A. Vrbanac<\/em><br \/><\/span><\/li><li><span style=\"white-space-collapse: preserve;\"><a href=\"https:\/\/nardus.mpn.gov.rs\/handle\/123456789\/5790\" target=\"_blank\" rel=\"noopener\"><strong>Urban planning of the city coasts in Belgrade through the research of mythology as a driver of the creative economy<\/strong><\/a>, <em>candidate Milovanovi\u0107 Z. Milo\u0161<\/em><br \/><\/span><\/li><li><span style=\"white-space-collapse: preserve;\"><a href=\"https:\/\/nardus.mpn.gov.rs\/handle\/123456789\/5085\" target=\"_blank\" rel=\"noopener\"><strong>Radon migration from building materials and development of software for modeling and mapping<\/strong><\/a>, <em>candidate Nikoli\u0107 D. Mladen<\/em><br \/><\/span><\/li><li><span style=\"white-space-collapse: preserve;\"><a href=\"https:\/\/nardus.mpn.gov.rs\/handle\/123456789\/1574\" target=\"_blank\" rel=\"noopener\"><strong>Value management, application of local knowledge and case-based reasoning as support for decision-making on international projects<\/strong><\/a>, <em>candidate \u0160urlan V. Neboj\u0161a<\/em><br \/><\/span><\/li><li><span style=\"white-space-collapse: preserve;\"><a href=\"https:\/\/nardus.mpn.gov.rs\/handle\/123456789\/11193\" target=\"_blank\" rel=\"noopener\"><strong>Qualitative and quantitative analysis of the causes of failure of construction projects<\/strong><\/a>, <em>candidate Nikola \u010culi\u0107<\/em><br \/><\/span><\/li><li><span style=\"white-space-collapse: preserve;\"><a href=\"https:\/\/nardus.mpn.gov.rs\/handle\/123456789\/11194\" target=\"_blank\" rel=\"noopener\"><strong>Contribution to the study of financial statements and evaluation of the economic effects and performance of the entity based on accounting, control and audit functions<\/strong><\/a>, <em>candidate Prokopovi\u0107 D. Tijana<\/em><br \/><\/span><\/li><li><span style=\"white-space-collapse: preserve;\"><a href=\"https:\/\/nardus.mpn.gov.rs\/handle\/123456789\/18433\" target=\"_blank\" rel=\"noopener\"><strong>Assessment and risk management of technical and technological systems in the context of sustainable development of the wider social community and system<\/strong><\/a>, <em>candidate of the Milo\u0161evi\u0107 Rada<\/em><br \/><\/span><\/li><li><span style=\"white-space-collapse: preserve;\"><a href=\"https:\/\/nardus.mpn.gov.rs\/handle\/123456789\/7394\" target=\"_blank\" rel=\"noopener\"><strong>The leadership concept of business - the function of creating a high-performance organization<\/strong><\/a>, <em>candidate Mileti\u0107 S. Vuk<\/em><br \/><\/span><\/li><li><span style=\"white-space-collapse: preserve;\"><a href=\"https:\/\/nardus.mpn.gov.rs\/handle\/123456789\/5081\" target=\"_blank\" rel=\"noopener\"><strong>Vibrations of light steel mezzanine structures in prefabricated buildings and the influence of non-structural walls on their modal characteristics<\/strong><\/a>, <em>candidate Kotur P. Smiljana<\/em><br \/><\/span><\/li><li><span style=\"white-space-collapse: preserve;\"><a href=\"https:\/\/nardus.mpn.gov.rs\/handle\/123456789\/20826\" target=\"_blank\" rel=\"noopener\"><strong>Application of multi-criteria optimization in choosing a constructive solution for landslide rehabilitation<\/strong><\/a>, <em>candidate Nikola Gvozdovi\u0107<\/em><br \/><\/span><\/li><li><span style=\"white-space-collapse: preserve;\"><a href=\"https:\/\/nardus.mpn.gov.rs\/handle\/123456789\/21157\" target=\"_blank\" rel=\"noopener\"><strong>The effect of modern construction systems and materials on the functional and aesthetic performance of the interior on a model example of a restaurant<\/strong><\/a>, <em>candidate Salem I. Shwika<\/em><br \/><\/span><\/li><li><span style=\"white-space-collapse: preserve;\"><a href=\"https:\/\/nardus.mpn.gov.rs\/handle\/123456789\/21156\" target=\"_blank\" rel=\"noopener\"><strong>Building material as a performance of sustainable architecture in the function of evaluating the neighborhood unit<\/strong><\/a>, <em>candidate Khaled Ben Omran<\/em><br \/><\/span><\/li><li><span style=\"white-space-collapse: preserve;\"><a href=\"https:\/\/nardus.mpn.gov.rs\/handle\/123456789\/21399\" target=\"_blank\" rel=\"noopener\"><strong>Interdependence of branding of public companies and the state as a destination<\/strong><\/a>, <em>candidate Raki\u0107 Sandra<\/em><br \/><\/span><\/li><li><span style=\"white-space-collapse: preserve;\"><a href=\"https:\/\/nardus.mpn.gov.rs\/handle\/123456789\/21752\" target=\"_blank\" rel=\"noopener\"><strong>Monitoring and analysis of air quality and meteorological parameters at the construction site via IOT<\/strong><\/a>, <em>candidate Milivojevi\u0107 Lazar<\/em><br \/><\/span><\/li><li><span style=\"white-space-collapse: preserve;\"><a href=\"https:\/\/nardus.mpn.gov.rs\/handle\/123456789\/21753\" target=\"_blank\" rel=\"noopener\"><strong>Synthesis, characterization and application of carbon materials obtained from cigarette butts<\/strong><\/a>, <em>candidate Bojana Z. Bozilovi\u0107<\/em><br \/><\/span><\/li><li><span style=\"white-space-collapse: preserve;\"><a href=\"https:\/\/nardus.mpn.gov.rs\/handle\/123456789\/22251\" target=\"_blank\" rel=\"noopener\"><strong>Assessment of the quality of groundwater supply in Libya<\/strong><\/a>, <em>candidate Salem Saleh Aleja<\/em><\/span><\/li><li><a href=\"https:\/\/nardus.mpn.gov.rs\/handle\/123456789\/22921\"><strong>Zna\u010daj kontraobave\u0161tajne za\u0161tite vitalnih nacionalnih vrednosti dr\u017eave<\/strong>, kandidat Milo\u0161 Azdejkovi\u0107<\/a><\/li><li><a href=\"https:\/\/nardus.mpn.gov.rs\/handle\/123456789\/23630\"><strong>Izazovi pri definisanju pojma terorizam u 21. veku<\/strong>, kandidat \u0110ura\u0161evi\u0107, Sr\u0111ana V.<\/a><\/li><li><a href=\"https:\/\/nardus.mpn.gov.rs\/handle\/123456789\/23631\"><strong>Savremeni trendovi migracija u Evropi \u2013 politi\u010dke i bezbednosne refleksije, <\/strong>kandidat Petrovi\u0107, Zoran M.<\/a><\/li><\/ol>\t\t\t\t\t\t\t\t<\/div>\n\t\t\t\t<\/div>\n\t\t\t\t<\/div>\n\t\t\t\t\t<\/div>\n\t\t\t\t<\/section>\n\t\t\t\t<\/main>\n\t\t\t\t<\/div>","protected":false},"excerpt":{"rendered":"<p>Doktorske disertacije Spisak odbranjenih disertacija: Link ka NARDUS-u Uloga energetske efikasnosti u sistemu odr\u017eivog razvoja na primeru odr\u017eive izgradnje u Libiji, kandidat Elesawi, Abdulbaset Mohamed A. Disipacija mehani\u010dke energije prelivnog mlaza pomo\u0107u suprotnog toka, kandidat Alghwail, Amad.Deen Abdusalam S. Uloga lokalne samouprave u privrednom razvoju Republike Srbije \u2013 mogu\u0107nosti i ograni\u010denja, kandidat Du\u0161an J. Ani\u010di\u0107 [&hellip;]<\/p>\n","protected":false},"author":1,"featured_media":0,"parent":105,"menu_order":0,"comment_status":"closed","ping_status":"closed","template":"elementor_header_footer","meta":{"_acf_changed":false,"_monsterinsights_skip_tracking":false,"_monsterinsights_sitenote_active":false,"_monsterinsights_sitenote_note":"","_monsterinsights_sitenote_category":0,"footnotes":""},"class_list":["post-1923","page","type-page","status-publish","hentry"],"acf":[],"aioseo_notices":[],"_links":{"self":[{"href":"https:\/\/unt.edu.rs\/en\/wp-json\/wp\/v2\/pages\/1923","targetHints":{"allow":["GET"]}}],"collection":[{"href":"https:\/\/unt.edu.rs\/en\/wp-json\/wp\/v2\/pages"}],"about":[{"href":"https:\/\/unt.edu.rs\/en\/wp-json\/wp\/v2\/types\/page"}],"author":[{"embeddable":true,"href":"https:\/\/unt.edu.rs\/en\/wp-json\/wp\/v2\/users\/1"}],"replies":[{"embeddable":true,"href":"https:\/\/unt.edu.rs\/en\/wp-json\/wp\/v2\/comments?post=1923"}],"version-history":[{"count":9,"href":"https:\/\/unt.edu.rs\/en\/wp-json\/wp\/v2\/pages\/1923\/revisions"}],"predecessor-version":[{"id":19517,"href":"https:\/\/unt.edu.rs\/en\/wp-json\/wp\/v2\/pages\/1923\/revisions\/19517"}],"up":[{"embeddable":true,"href":"https:\/\/unt.edu.rs\/en\/wp-json\/wp\/v2\/pages\/105"}],"wp:attachment":[{"href":"https:\/\/unt.edu.rs\/en\/wp-json\/wp\/v2\/media?parent=1923"}],"curies":[{"name":"wp","href":"https:\/\/api.w.org\/{rel}","templated":true}]}}