{"id":9502,"date":"2024-04-05T16:47:11","date_gmt":"2024-04-05T14:47:11","guid":{"rendered":"https:\/\/unt.edu.rs\/?page_id=9502"},"modified":"2024-04-17T17:26:58","modified_gmt":"2024-04-17T15:26:58","slug":"politika-privatnosti","status":"publish","type":"page","link":"https:\/\/unt.edu.rs\/en\/politika-privatnosti\/","title":{"rendered":"Privacy Policy"},"content":{"rendered":"<div data-elementor-type=\"wp-page\" data-elementor-id=\"9502\" class=\"elementor elementor-9502\" data-elementor-post-type=\"page\">\n\t\t\t\t<main class=\"elementor-element elementor-element-d95ad29 e-con-full e-flex e-con e-parent\" data-id=\"d95ad29\" data-element_type=\"container\" data-e-type=\"container\" data-settings=\"{&quot;background_background&quot;:&quot;classic&quot;}\">\n\t\t<section class=\"elementor-element elementor-element-93d104d e-con-full e-flex e-con e-child\" data-id=\"93d104d\" data-element_type=\"container\" data-e-type=\"container\">\n\t\t<div class=\"elementor-element elementor-element-8d09b19 e-con-full e-flex e-con e-child\" data-id=\"8d09b19\" data-element_type=\"container\" data-e-type=\"container\" data-settings=\"{&quot;background_background&quot;:&quot;classic&quot;}\">\n\t\t<div class=\"elementor-element elementor-element-c6f1c7b e-flex e-con-boxed e-con e-child\" data-id=\"c6f1c7b\" data-element_type=\"container\" data-e-type=\"container\">\n\t\t\t\t\t<div class=\"e-con-inner\">\n\t\t\t\t<div class=\"elementor-element elementor-element-f87bc98 elementor-widget elementor-widget-heading\" data-id=\"f87bc98\" data-element_type=\"widget\" data-e-type=\"widget\" data-widget_type=\"heading.default\">\n\t\t\t\t<div class=\"elementor-widget-container\">\n\t\t\t\t\t<h1 class=\"elementor-heading-title elementor-size-default\">University of \"Union-Nikola Tesla\"<\/h1>\t\t\t\t<\/div>\n\t\t\t\t<\/div>\n\t\t\t\t<div class=\"elementor-element elementor-element-df3e633 elementor-widget elementor-widget-heading\" data-id=\"df3e633\" data-element_type=\"widget\" data-e-type=\"widget\" data-widget_type=\"heading.default\">\n\t\t\t\t<div class=\"elementor-widget-container\">\n\t\t\t\t\t<h1 class=\"elementor-heading-title elementor-size-default\">Privacy Policy<\/h1>\t\t\t\t<\/div>\n\t\t\t\t<\/div>\n\t\t\t\t\t<\/div>\n\t\t\t\t<\/div>\n\t\t\t\t<\/div>\n\t\t\t\t<\/section>\n\t\t<div class=\"elementor-element elementor-element-1c70eaa e-flex e-con-boxed e-con e-child\" data-id=\"1c70eaa\" data-element_type=\"container\" data-e-type=\"container\" data-settings=\"{&quot;background_background&quot;:&quot;classic&quot;}\">\n\t\t\t\t\t<div class=\"e-con-inner\">\n\t\t<div class=\"elementor-element elementor-element-66c010b e-con-full e-flex e-con e-child\" data-id=\"66c010b\" data-element_type=\"container\" data-e-type=\"container\">\n\t\t<div class=\"elementor-element elementor-element-a8b10da e-con-full e-flex e-con e-child\" data-id=\"a8b10da\" data-element_type=\"container\" data-e-type=\"container\">\n\t\t\t\t<div class=\"elementor-element elementor-element-637ebb2 elementor-widget-tablet__width-inherit elementor-widget elementor-widget-text-editor\" data-id=\"637ebb2\" data-element_type=\"widget\" data-e-type=\"widget\" data-widget_type=\"text-editor.default\">\n\t\t\t\t<div class=\"elementor-widget-container\">\n\t\t\t\t\t\t\t\t\t<p>Last updated: <strong>05.04.2024.<\/strong><\/p><p>Thank you for visiting the Union Nikola Tesla University website. Your privacy is extremely important to us, and we would like to introduce you to the ways in which we collect, use, disclose and protect your personal data during your visit to our site.<\/p>\t\t\t\t\t\t\t\t<\/div>\n\t\t\t\t<\/div>\n\t\t\t\t<\/div>\n\t\t<div class=\"elementor-element elementor-element-2421c5f e-con-full e-flex e-con e-child\" data-id=\"2421c5f\" data-element_type=\"container\" data-e-type=\"container\">\n\t\t\t\t<div class=\"elementor-element elementor-element-87ed064 elementor-widget elementor-widget-heading\" data-id=\"87ed064\" data-element_type=\"widget\" data-e-type=\"widget\" data-widget_type=\"heading.default\">\n\t\t\t\t<div class=\"elementor-widget-container\">\n\t\t\t\t\t<h2 class=\"elementor-heading-title elementor-size-default\">1. Collection of information<\/h2>\t\t\t\t<\/div>\n\t\t\t\t<\/div>\n\t\t\t\t<div class=\"elementor-element elementor-element-0db0be4 elementor-widget-tablet__width-inherit elementor-widget elementor-widget-text-editor\" data-id=\"0db0be4\" data-element_type=\"widget\" data-e-type=\"widget\" data-widget_type=\"text-editor.default\">\n\t\t\t\t<div class=\"elementor-widget-container\">\n\t\t\t\t\t\t\t\t\t<p>When you visit our site, we may automatically collect certain information, including your IP address, the type of device you are using, your browser, the length of your visit to the site, and the like. This information is used solely for the purpose of analyzing traffic on the site and improving the user experience.<\/p>\t\t\t\t\t\t\t\t<\/div>\n\t\t\t\t<\/div>\n\t\t\t\t<\/div>\n\t\t<div class=\"elementor-element elementor-element-d1c02a5 e-con-full e-flex e-con e-child\" data-id=\"d1c02a5\" data-element_type=\"container\" data-e-type=\"container\">\n\t\t\t\t<div class=\"elementor-element elementor-element-f73d473 elementor-widget elementor-widget-heading\" data-id=\"f73d473\" data-element_type=\"widget\" data-e-type=\"widget\" data-widget_type=\"heading.default\">\n\t\t\t\t<div class=\"elementor-widget-container\">\n\t\t\t\t\t<h2 class=\"elementor-heading-title elementor-size-default\">2. Personal data<\/h2>\t\t\t\t<\/div>\n\t\t\t\t<\/div>\n\t\t\t\t<div class=\"elementor-element elementor-element-dba003f elementor-widget-tablet__width-inherit elementor-widget elementor-widget-text-editor\" data-id=\"dba003f\" data-element_type=\"widget\" data-e-type=\"widget\" data-widget_type=\"text-editor.default\">\n\t\t\t\t<div class=\"elementor-widget-container\">\n\t\t\t\t\t\t\t\t\t<p>If you voluntarily provide us with personal data such as name, e-mail address, telephone number or contact address via a form or e-mail, we collect this data only with your express consent. The data is used exclusively for the purpose for which it was collected.<\/p>\t\t\t\t\t\t\t\t<\/div>\n\t\t\t\t<\/div>\n\t\t\t\t<\/div>\n\t\t<div class=\"elementor-element elementor-element-bbb161e e-con-full e-flex e-con e-child\" data-id=\"bbb161e\" data-element_type=\"container\" data-e-type=\"container\">\n\t\t\t\t<div class=\"elementor-element elementor-element-480fabc elementor-widget elementor-widget-heading\" data-id=\"480fabc\" data-element_type=\"widget\" data-e-type=\"widget\" data-widget_type=\"heading.default\">\n\t\t\t\t<div class=\"elementor-widget-container\">\n\t\t\t\t\t<h2 class=\"elementor-heading-title elementor-size-default\">3. Use of information<\/h2>\t\t\t\t<\/div>\n\t\t\t\t<\/div>\n\t\t\t\t<div class=\"elementor-element elementor-element-bf34229 elementor-widget-tablet__width-inherit elementor-widget elementor-widget-text-editor\" data-id=\"bf34229\" data-element_type=\"widget\" data-e-type=\"widget\" data-widget_type=\"text-editor.default\">\n\t\t\t\t<div class=\"elementor-widget-container\">\n\t\t\t\t\t\t\t\t\t<p>The personal data you provide to us will only be used for the purposes for which it was collected. This may include sending you information about the University, responding to your questions or requests, and registering for certain events. We promise that your data will not be sold or shared with third parties without your express consent, unless required by law.<\/p>\t\t\t\t\t\t\t\t<\/div>\n\t\t\t\t<\/div>\n\t\t\t\t<\/div>\n\t\t<div class=\"elementor-element elementor-element-b35575e e-con-full e-flex e-con e-child\" data-id=\"b35575e\" data-element_type=\"container\" data-e-type=\"container\">\n\t\t\t\t<div class=\"elementor-element elementor-element-5256d8a elementor-widget elementor-widget-heading\" data-id=\"5256d8a\" data-element_type=\"widget\" data-e-type=\"widget\" data-widget_type=\"heading.default\">\n\t\t\t\t<div class=\"elementor-widget-container\">\n\t\t\t\t\t<h2 class=\"elementor-heading-title elementor-size-default\">4. Data security<\/h2>\t\t\t\t<\/div>\n\t\t\t\t<\/div>\n\t\t\t\t<div class=\"elementor-element elementor-element-bb0958b elementor-widget-tablet__width-inherit elementor-widget elementor-widget-text-editor\" data-id=\"bb0958b\" data-element_type=\"widget\" data-e-type=\"widget\" data-widget_type=\"text-editor.default\">\n\t\t\t\t<div class=\"elementor-widget-container\">\n\t\t\t\t\t\t\t\t\t<p>Union Nikola Tesla University takes all necessary protection measures to ensure the security of your personal data. However, despite our best efforts, it is important to note that no method of transmission or electronic storage of data is 100% secure.<\/p>\t\t\t\t\t\t\t\t<\/div>\n\t\t\t\t<\/div>\n\t\t\t\t<\/div>\n\t\t<div class=\"elementor-element elementor-element-b77ef14 e-con-full e-flex e-con e-child\" data-id=\"b77ef14\" data-element_type=\"container\" data-e-type=\"container\">\n\t\t\t\t<div class=\"elementor-element elementor-element-ffedee5 elementor-widget elementor-widget-heading\" data-id=\"ffedee5\" data-element_type=\"widget\" data-e-type=\"widget\" data-widget_type=\"heading.default\">\n\t\t\t\t<div class=\"elementor-widget-container\">\n\t\t\t\t\t<h2 class=\"elementor-heading-title elementor-size-default\">5. User rights<\/h2>\t\t\t\t<\/div>\n\t\t\t\t<\/div>\n\t\t\t\t<div class=\"elementor-element elementor-element-b4ca8df elementor-widget-tablet__width-inherit elementor-widget elementor-widget-text-editor\" data-id=\"b4ca8df\" data-element_type=\"widget\" data-e-type=\"widget\" data-widget_type=\"text-editor.default\">\n\t\t\t\t<div class=\"elementor-widget-container\">\n\t\t\t\t\t\t\t\t\t<p>You have the right to access your personal data that we have collected at any time, and to request the correction or deletion of any inaccurate data. You can also withdraw your consent to data processing at any time. If you have any questions or needs regarding your personal data, please feel free to contact us at <a href=\"mailto:info@unionnikolatesla.edu.rs\">info@unionnikolatesla.edu.rs<\/a><\/p>\t\t\t\t\t\t\t\t<\/div>\n\t\t\t\t<\/div>\n\t\t\t\t<\/div>\n\t\t<div class=\"elementor-element elementor-element-c4bcd7f e-con-full e-flex e-con e-child\" data-id=\"c4bcd7f\" data-element_type=\"container\" data-e-type=\"container\">\n\t\t\t\t<div class=\"elementor-element elementor-element-51eb0a1 elementor-widget elementor-widget-heading\" data-id=\"51eb0a1\" data-element_type=\"widget\" data-e-type=\"widget\" data-widget_type=\"heading.default\">\n\t\t\t\t<div class=\"elementor-widget-container\">\n\t\t\t\t\t<h2 class=\"elementor-heading-title elementor-size-default\">6. Privacy Policy Changes<\/h2>\t\t\t\t<\/div>\n\t\t\t\t<\/div>\n\t\t\t\t<div class=\"elementor-element elementor-element-91f7740 elementor-widget-tablet__width-inherit elementor-widget elementor-widget-text-editor\" data-id=\"91f7740\" data-element_type=\"widget\" data-e-type=\"widget\" data-widget_type=\"text-editor.default\">\n\t\t\t\t<div class=\"elementor-widget-container\">\n\t\t\t\t\t\t\t\t\t<p>This privacy policy may be updated from time to time to remain compliant with the law and the ways in which we collect and use personal information. Therefore, we recommend that you regularly check this page in order to be aware of any changes.<\/p>\t\t\t\t\t\t\t\t<\/div>\n\t\t\t\t<\/div>\n\t\t\t\t<\/div>\n\t\t<div class=\"elementor-element elementor-element-3c2da28 e-con-full e-flex e-con e-child\" data-id=\"3c2da28\" data-element_type=\"container\" data-e-type=\"container\">\n\t\t\t\t<div class=\"elementor-element elementor-element-674d9c9 elementor-widget-tablet__width-inherit elementor-widget elementor-widget-text-editor\" data-id=\"674d9c9\" data-element_type=\"widget\" data-e-type=\"widget\" data-widget_type=\"text-editor.default\">\n\t\t\t\t<div class=\"elementor-widget-container\">\n\t\t\t\t\t\t\t\t\t<p>For any additional questions, please contact us at<a href=\"mailto:info@unionnikolatesla.edu.rs\"><strong> info@unionnikolatesla.edu.rs<\/strong><\/a><\/p>\t\t\t\t\t\t\t\t<\/div>\n\t\t\t\t<\/div>\n\t\t\t\t<\/div>\n\t\t\t\t<\/div>\n\t\t\t\t\t<\/div>\n\t\t\t\t<\/div>\n\t\t\t\t<\/main>\n\t\t\t\t<\/div>","protected":false},"excerpt":{"rendered":"<p>Univerzitet Union Nikola Tesla Poslednje a\u017eurirano: 05.04.2024. Zahvaljujemo \u0161to ste posetili sajt Univerziteta Union Nikola Tesla. Va\u0161a privatnost je od izuzetnog zna\u010daja za nas, te ovim putem \u017eelimo da vas upoznamo sa na\u010dinima na koje prikupljamo, koristimo, otkrivamo i \u0161titimo va\u0161e li\u010dne podatke tokom posete na\u0161em sajtu. 1. Prikupljanje informacija Kada posetite na\u0161 sajt, automatski [&hellip;]<\/p>\n","protected":false},"author":1,"featured_media":0,"parent":0,"menu_order":0,"comment_status":"closed","ping_status":"closed","template":"elementor_header_footer","meta":{"_acf_changed":false,"_monsterinsights_skip_tracking":false,"_monsterinsights_sitenote_active":false,"_monsterinsights_sitenote_note":"","_monsterinsights_sitenote_category":0,"footnotes":""},"class_list":["post-9502","page","type-page","status-publish","hentry"],"acf":[],"aioseo_notices":[],"_links":{"self":[{"href":"https:\/\/unt.edu.rs\/en\/wp-json\/wp\/v2\/pages\/9502","targetHints":{"allow":["GET"]}}],"collection":[{"href":"https:\/\/unt.edu.rs\/en\/wp-json\/wp\/v2\/pages"}],"about":[{"href":"https:\/\/unt.edu.rs\/en\/wp-json\/wp\/v2\/types\/page"}],"author":[{"embeddable":true,"href":"https:\/\/unt.edu.rs\/en\/wp-json\/wp\/v2\/users\/1"}],"replies":[{"embeddable":true,"href":"https:\/\/unt.edu.rs\/en\/wp-json\/wp\/v2\/comments?post=9502"}],"version-history":[{"count":0,"href":"https:\/\/unt.edu.rs\/en\/wp-json\/wp\/v2\/pages\/9502\/revisions"}],"wp:attachment":[{"href":"https:\/\/unt.edu.rs\/en\/wp-json\/wp\/v2\/media?parent=9502"}],"curies":[{"name":"wp","href":"https:\/\/api.w.org\/{rel}","templated":true}]}}