{"id":9512,"date":"2024-04-05T17:00:27","date_gmt":"2024-04-05T15:00:27","guid":{"rendered":"https:\/\/unt.edu.rs\/?page_id=9512"},"modified":"2025-04-07T17:18:12","modified_gmt":"2025-04-07T15:18:12","slug":"kolacici","status":"publish","type":"page","link":"https:\/\/unt.edu.rs\/en\/kolacici\/","title":{"rendered":"Cookies"},"content":{"rendered":"<div data-elementor-type=\"wp-page\" data-elementor-id=\"9512\" class=\"elementor elementor-9512\" data-elementor-post-type=\"page\">\n\t\t\t\t<main class=\"elementor-element elementor-element-aa3d336 e-con-full e-flex e-con e-parent\" data-id=\"aa3d336\" data-element_type=\"container\" data-e-type=\"container\" data-settings=\"{&quot;background_background&quot;:&quot;classic&quot;}\">\n\t\t<section class=\"elementor-element elementor-element-451c502 e-con-full e-flex e-con e-child\" data-id=\"451c502\" data-element_type=\"container\" data-e-type=\"container\">\n\t\t<div class=\"elementor-element elementor-element-b75be2b e-con-full e-flex e-con e-child\" data-id=\"b75be2b\" data-element_type=\"container\" data-e-type=\"container\" data-settings=\"{&quot;background_background&quot;:&quot;classic&quot;}\">\n\t\t<div class=\"elementor-element elementor-element-5d23455 e-flex e-con-boxed e-con e-child\" data-id=\"5d23455\" data-element_type=\"container\" data-e-type=\"container\">\n\t\t\t\t\t<div class=\"e-con-inner\">\n\t\t\t\t<div class=\"elementor-element elementor-element-2779339 elementor-widget elementor-widget-heading\" data-id=\"2779339\" data-element_type=\"widget\" data-e-type=\"widget\" data-widget_type=\"heading.default\">\n\t\t\t\t<div class=\"elementor-widget-container\">\n\t\t\t\t\t<h1 class=\"elementor-heading-title elementor-size-default\">University of \"Union-Nikola Tesla\"<\/h1>\t\t\t\t<\/div>\n\t\t\t\t<\/div>\n\t\t\t\t<div class=\"elementor-element elementor-element-7cd23a0 elementor-widget elementor-widget-heading\" data-id=\"7cd23a0\" data-element_type=\"widget\" data-e-type=\"widget\" data-widget_type=\"heading.default\">\n\t\t\t\t<div class=\"elementor-widget-container\">\n\t\t\t\t\t<h1 class=\"elementor-heading-title elementor-size-default\"> Cookies<\/h1>\t\t\t\t<\/div>\n\t\t\t\t<\/div>\n\t\t\t\t\t<\/div>\n\t\t\t\t<\/div>\n\t\t\t\t<\/div>\n\t\t\t\t<\/section>\n\t\t<div class=\"elementor-element elementor-element-3a0f64c e-flex e-con-boxed e-con e-child\" data-id=\"3a0f64c\" data-element_type=\"container\" data-e-type=\"container\" data-settings=\"{&quot;background_background&quot;:&quot;classic&quot;}\">\n\t\t\t\t\t<div class=\"e-con-inner\">\n\t\t<div class=\"elementor-element elementor-element-a8988bd e-con-full e-flex e-con e-child\" data-id=\"a8988bd\" data-element_type=\"container\" data-e-type=\"container\">\n\t\t<div class=\"elementor-element elementor-element-a083de6 e-con-full e-flex e-con e-child\" data-id=\"a083de6\" data-element_type=\"container\" data-e-type=\"container\">\n\t\t\t\t<div class=\"elementor-element elementor-element-b1d0c37 elementor-widget-tablet__width-inherit elementor-widget elementor-widget-text-editor\" data-id=\"b1d0c37\" data-element_type=\"widget\" data-e-type=\"widget\" data-widget_type=\"text-editor.default\">\n\t\t\t\t<div class=\"elementor-widget-container\">\n\t\t\t\t\t\t\t\t\t<p>Cookies on the Union Nikola Tesla University website This page provides information about how we use cookies on our website. By accessing and using our site, you consent to the use of cookies in accordance with this policy.<\/p>\t\t\t\t\t\t\t\t<\/div>\n\t\t\t\t<\/div>\n\t\t\t\t<\/div>\n\t\t<div class=\"elementor-element elementor-element-dd3e039 e-con-full e-flex e-con e-child\" data-id=\"dd3e039\" data-element_type=\"container\" data-e-type=\"container\">\n\t\t\t\t<div class=\"elementor-element elementor-element-1df798e elementor-widget elementor-widget-heading\" data-id=\"1df798e\" data-element_type=\"widget\" data-e-type=\"widget\" data-widget_type=\"heading.default\">\n\t\t\t\t<div class=\"elementor-widget-container\">\n\t\t\t\t\t<h2 class=\"elementor-heading-title elementor-size-default\">1. What are cookies<\/h2>\t\t\t\t<\/div>\n\t\t\t\t<\/div>\n\t\t\t\t<div class=\"elementor-element elementor-element-cea5f61 elementor-widget-tablet__width-inherit elementor-widget elementor-widget-text-editor\" data-id=\"cea5f61\" data-element_type=\"widget\" data-e-type=\"widget\" data-widget_type=\"text-editor.default\">\n\t\t\t\t<div class=\"elementor-widget-container\">\n\t\t\t\t\t\t\t\t\t<p>Cookies are small text files that are stored on your device (such as a computer, mobile phone or tablet) when you visit a website. They allow a website to remember your preferences and actions (such as login, language selection) for a period of time, which allows you not to have to re-enter that information every time you visit the site or navigate between different pages.<\/p>\t\t\t\t\t\t\t\t<\/div>\n\t\t\t\t<\/div>\n\t\t\t\t<\/div>\n\t\t<div class=\"elementor-element elementor-element-2ec343f e-con-full e-flex e-con e-child\" data-id=\"2ec343f\" data-element_type=\"container\" data-e-type=\"container\">\n\t\t\t\t<div class=\"elementor-element elementor-element-183c13f elementor-widget elementor-widget-heading\" data-id=\"183c13f\" data-element_type=\"widget\" data-e-type=\"widget\" data-widget_type=\"heading.default\">\n\t\t\t\t<div class=\"elementor-widget-container\">\n\t\t\t\t\t<h2 class=\"elementor-heading-title elementor-size-default\">2. How we use cookies<\/h2>\t\t\t\t<\/div>\n\t\t\t\t<\/div>\n\t\t\t\t<div class=\"elementor-element elementor-element-af26073 elementor-widget-tablet__width-inherit elementor-widget elementor-widget-text-editor\" data-id=\"af26073\" data-element_type=\"widget\" data-e-type=\"widget\" data-widget_type=\"text-editor.default\">\n\t\t\t\t<div class=\"elementor-widget-container\">\n\t\t\t\t\t\t\t\t\t<p>On our site, cookies are used to improve your user experience. Their application includes:<\/p><ul><li>Monitoring visit statistics and analyzing how you use our site, which helps us improve.<\/li><li>Adapting the site&#039;s content and functionality to your preferences.<\/li><li>Facilitating the process of logging in to the site and maintaining the user&#039;s session.<\/li><\/ul>\t\t\t\t\t\t\t\t<\/div>\n\t\t\t\t<\/div>\n\t\t\t\t<\/div>\n\t\t<div class=\"elementor-element elementor-element-fcfc0c9 e-con-full e-flex e-con e-child\" data-id=\"fcfc0c9\" data-element_type=\"container\" data-e-type=\"container\">\n\t\t\t\t<div class=\"elementor-element elementor-element-b25f71c elementor-widget elementor-widget-heading\" data-id=\"b25f71c\" data-element_type=\"widget\" data-e-type=\"widget\" data-widget_type=\"heading.default\">\n\t\t\t\t<div class=\"elementor-widget-container\">\n\t\t\t\t\t<h2 class=\"elementor-heading-title elementor-size-default\">3. Cookie control<\/h2>\t\t\t\t<\/div>\n\t\t\t\t<\/div>\n\t\t\t\t<div class=\"elementor-element elementor-element-5a4f2e2 elementor-widget-tablet__width-inherit elementor-widget elementor-widget-text-editor\" data-id=\"5a4f2e2\" data-element_type=\"widget\" data-e-type=\"widget\" data-widget_type=\"text-editor.default\">\n\t\t\t\t<div class=\"elementor-widget-container\">\n\t\t\t\t\t\t\t\t\t<p>Most web browsers allow you to manage cookies through their settings. For details on how to adjust or change cookie settings, see your browser&#039;s instructions or help.<\/p>\t\t\t\t\t\t\t\t<\/div>\n\t\t\t\t<\/div>\n\t\t\t\t<\/div>\n\t\t<div class=\"elementor-element elementor-element-a097149 e-con-full e-flex e-con e-child\" data-id=\"a097149\" data-element_type=\"container\" data-e-type=\"container\">\n\t\t\t\t<div class=\"elementor-element elementor-element-650a513 elementor-widget elementor-widget-heading\" data-id=\"650a513\" data-element_type=\"widget\" data-e-type=\"widget\" data-widget_type=\"heading.default\">\n\t\t\t\t<div class=\"elementor-widget-container\">\n\t\t\t\t\t<h2 class=\"elementor-heading-title elementor-size-default\">4. Third-party cookies<\/h2>\t\t\t\t<\/div>\n\t\t\t\t<\/div>\n\t\t\t\t<div class=\"elementor-element elementor-element-96a2daa elementor-widget-tablet__width-inherit elementor-widget elementor-widget-text-editor\" data-id=\"96a2daa\" data-element_type=\"widget\" data-e-type=\"widget\" data-widget_type=\"text-editor.default\">\n\t\t\t\t<div class=\"elementor-widget-container\">\n\t\t\t\t\t\t\t\t\t<p>Our website may contain links to other websites that use their own cookies. We do not control these cookies and therefore recommend that you familiarize yourself with the privacy policies of those sites to better understand how they use cookies.<\/p>\t\t\t\t\t\t\t\t<\/div>\n\t\t\t\t<\/div>\n\t\t\t\t<\/div>\n\t\t\t\t<\/div>\n\t\t\t\t\t<\/div>\n\t\t\t\t<\/div>\n\t\t\t\t<\/main>\n\t\t\t\t<\/div>","protected":false},"excerpt":{"rendered":"<p>Univerzitet Union Nikola Tesla Kola\u010di\u0107i na sajtu Univerziteta Union Nikola Tesla Ova stranica pru\u017ea informacije o tome kako koristimo kola\u010di\u0107e na na\u0161em sajtu. Pristupom i kori\u0161\u0107enjem na\u0161eg sajta, izra\u017eavate saglasnost sa kori\u0161\u0107enjem kola\u010di\u0107a u skladu sa ovom politikom. 1. \u0160ta su kola\u010di\u0107i Kola\u010di\u0107i su male tekstualne datoteke koje se \u010duvaju na va\u0161em ure\u0111aju (kao \u0161to [&hellip;]<\/p>\n","protected":false},"author":1,"featured_media":0,"parent":0,"menu_order":0,"comment_status":"closed","ping_status":"closed","template":"elementor_header_footer","meta":{"_acf_changed":false,"_monsterinsights_skip_tracking":false,"_monsterinsights_sitenote_active":false,"_monsterinsights_sitenote_note":"","_monsterinsights_sitenote_category":0,"footnotes":""},"class_list":["post-9512","page","type-page","status-publish","hentry"],"acf":[],"aioseo_notices":[],"_links":{"self":[{"href":"https:\/\/unt.edu.rs\/en\/wp-json\/wp\/v2\/pages\/9512","targetHints":{"allow":["GET"]}}],"collection":[{"href":"https:\/\/unt.edu.rs\/en\/wp-json\/wp\/v2\/pages"}],"about":[{"href":"https:\/\/unt.edu.rs\/en\/wp-json\/wp\/v2\/types\/page"}],"author":[{"embeddable":true,"href":"https:\/\/unt.edu.rs\/en\/wp-json\/wp\/v2\/users\/1"}],"replies":[{"embeddable":true,"href":"https:\/\/unt.edu.rs\/en\/wp-json\/wp\/v2\/comments?post=9512"}],"version-history":[{"count":3,"href":"https:\/\/unt.edu.rs\/en\/wp-json\/wp\/v2\/pages\/9512\/revisions"}],"predecessor-version":[{"id":15710,"href":"https:\/\/unt.edu.rs\/en\/wp-json\/wp\/v2\/pages\/9512\/revisions\/15710"}],"wp:attachment":[{"href":"https:\/\/unt.edu.rs\/en\/wp-json\/wp\/v2\/media?parent=9512"}],"curies":[{"name":"wp","href":"https:\/\/api.w.org\/{rel}","templated":true}]}}