{"id":9517,"date":"2024-04-05T17:33:02","date_gmt":"2024-04-05T15:33:02","guid":{"rendered":"https:\/\/unt.edu.rs\/?page_id=9517"},"modified":"2024-04-17T17:27:31","modified_gmt":"2024-04-17T15:27:31","slug":"pravila-koriscenja-sajta","status":"publish","type":"page","link":"https:\/\/unt.edu.rs\/en\/pravila-koriscenja-sajta\/","title":{"rendered":"Terms of use of the site"},"content":{"rendered":"<div data-elementor-type=\"wp-page\" data-elementor-id=\"9517\" class=\"elementor elementor-9517\" data-elementor-post-type=\"page\">\n\t\t\t\t<main class=\"elementor-element elementor-element-93b7a03 e-con-full e-flex e-con e-parent\" data-id=\"93b7a03\" data-element_type=\"container\" data-e-type=\"container\" data-settings=\"{&quot;background_background&quot;:&quot;classic&quot;}\">\n\t\t<section class=\"elementor-element elementor-element-3edd015 e-con-full e-flex e-con e-child\" data-id=\"3edd015\" data-element_type=\"container\" data-e-type=\"container\">\n\t\t<div class=\"elementor-element elementor-element-a74dc01 e-con-full e-flex e-con e-child\" data-id=\"a74dc01\" data-element_type=\"container\" data-e-type=\"container\" data-settings=\"{&quot;background_background&quot;:&quot;classic&quot;}\">\n\t\t<div class=\"elementor-element elementor-element-f2db1ad e-flex e-con-boxed e-con e-child\" data-id=\"f2db1ad\" data-element_type=\"container\" data-e-type=\"container\">\n\t\t\t\t\t<div class=\"e-con-inner\">\n\t\t\t\t<div class=\"elementor-element elementor-element-1f3bbe9 elementor-widget elementor-widget-heading\" data-id=\"1f3bbe9\" data-element_type=\"widget\" data-e-type=\"widget\" data-widget_type=\"heading.default\">\n\t\t\t\t<div class=\"elementor-widget-container\">\n\t\t\t\t\t<h1 class=\"elementor-heading-title elementor-size-default\">University of \"Union-Nikola Tesla\"<\/h1>\t\t\t\t<\/div>\n\t\t\t\t<\/div>\n\t\t\t\t<div class=\"elementor-element elementor-element-3cf311a elementor-widget elementor-widget-heading\" data-id=\"3cf311a\" data-element_type=\"widget\" data-e-type=\"widget\" data-widget_type=\"heading.default\">\n\t\t\t\t<div class=\"elementor-widget-container\">\n\t\t\t\t\t<h1 class=\"elementor-heading-title elementor-size-default\">Terms of use of the site<\/h1>\t\t\t\t<\/div>\n\t\t\t\t<\/div>\n\t\t\t\t\t<\/div>\n\t\t\t\t<\/div>\n\t\t\t\t<\/div>\n\t\t\t\t<\/section>\n\t\t<div class=\"elementor-element elementor-element-0f33e65 e-flex e-con-boxed e-con e-child\" data-id=\"0f33e65\" data-element_type=\"container\" data-e-type=\"container\" data-settings=\"{&quot;background_background&quot;:&quot;classic&quot;}\">\n\t\t\t\t\t<div class=\"e-con-inner\">\n\t\t<div class=\"elementor-element elementor-element-9ee04f5 e-con-full e-flex e-con e-child\" data-id=\"9ee04f5\" data-element_type=\"container\" data-e-type=\"container\">\n\t\t<div class=\"elementor-element elementor-element-de89629 e-con-full e-flex e-con e-child\" data-id=\"de89629\" data-element_type=\"container\" data-e-type=\"container\">\n\t\t\t\t<div class=\"elementor-element elementor-element-78c5327 elementor-widget-tablet__width-inherit elementor-widget elementor-widget-text-editor\" data-id=\"78c5327\" data-element_type=\"widget\" data-e-type=\"widget\" data-widget_type=\"text-editor.default\">\n\t\t\t\t<div class=\"elementor-widget-container\">\n\t\t\t\t\t\t\t\t\t<p>Last updated: <strong>05.04.2024.<\/strong><\/p><p>Please read these terms of use carefully before continuing to use our site. By accessing and using the Union Nikola Tesla University website, you accept and undertake to comply with the following terms and conditions:<\/p>\t\t\t\t\t\t\t\t<\/div>\n\t\t\t\t<\/div>\n\t\t\t\t<\/div>\n\t\t<div class=\"elementor-element elementor-element-e3edec8 e-con-full e-flex e-con e-child\" data-id=\"e3edec8\" data-element_type=\"container\" data-e-type=\"container\">\n\t\t\t\t<div class=\"elementor-element elementor-element-58ed6b8 elementor-widget elementor-widget-heading\" data-id=\"58ed6b8\" data-element_type=\"widget\" data-e-type=\"widget\" data-widget_type=\"heading.default\">\n\t\t\t\t<div class=\"elementor-widget-container\">\n\t\t\t\t\t<h2 class=\"elementor-heading-title elementor-size-default\">1. Terms of use<\/h2>\t\t\t\t<\/div>\n\t\t\t\t<\/div>\n\t\t\t\t<div class=\"elementor-element elementor-element-db2e06c elementor-widget-tablet__width-inherit elementor-widget elementor-widget-text-editor\" data-id=\"db2e06c\" data-element_type=\"widget\" data-e-type=\"widget\" data-widget_type=\"text-editor.default\">\n\t\t\t\t<div class=\"elementor-widget-container\">\n\t\t\t\t\t\t\t\t\t<p><strong>1.1.<\/strong> Access and use of the University&#039;s website are regulated by these terms of use, as well as by all applicable laws and regulations.<\/p>\t\t\t\t\t\t\t\t<\/div>\n\t\t\t\t<\/div>\n\t\t\t\t<div class=\"elementor-element elementor-element-8e7cb80 elementor-widget-tablet__width-inherit elementor-widget elementor-widget-text-editor\" data-id=\"8e7cb80\" data-element_type=\"widget\" data-e-type=\"widget\" data-widget_type=\"text-editor.default\">\n\t\t\t\t<div class=\"elementor-widget-container\">\n\t\t\t\t\t\t\t\t\t<p><strong>1.2.<\/strong> You agree not to take any actions that could negatively affect the functionality of the site or interfere with the access and use of the site by other users.<\/p>\t\t\t\t\t\t\t\t<\/div>\n\t\t\t\t<\/div>\n\t\t\t\t<\/div>\n\t\t<div class=\"elementor-element elementor-element-f303ace e-con-full e-flex e-con e-child\" data-id=\"f303ace\" data-element_type=\"container\" data-e-type=\"container\">\n\t\t\t\t<div class=\"elementor-element elementor-element-8e5a554 elementor-widget elementor-widget-heading\" data-id=\"8e5a554\" data-element_type=\"widget\" data-e-type=\"widget\" data-widget_type=\"heading.default\">\n\t\t\t\t<div class=\"elementor-widget-container\">\n\t\t\t\t\t<h2 class=\"elementor-heading-title elementor-size-default\">2. Intellectual property<\/h2>\t\t\t\t<\/div>\n\t\t\t\t<\/div>\n\t\t\t\t<div class=\"elementor-element elementor-element-60f3ae3 elementor-widget-tablet__width-inherit elementor-widget elementor-widget-text-editor\" data-id=\"60f3ae3\" data-element_type=\"widget\" data-e-type=\"widget\" data-widget_type=\"text-editor.default\">\n\t\t\t\t<div class=\"elementor-widget-container\">\n\t\t\t\t\t\t\t\t\t<p><strong>2.1.<\/strong> All materials and content on the site, including texts, images, video materials, graphics and others, are protected by copyright law and other intellectual property regulations.<\/p>\t\t\t\t\t\t\t\t<\/div>\n\t\t\t\t<\/div>\n\t\t\t\t<div class=\"elementor-element elementor-element-f252e2f elementor-widget-tablet__width-inherit elementor-widget elementor-widget-text-editor\" data-id=\"f252e2f\" data-element_type=\"widget\" data-e-type=\"widget\" data-widget_type=\"text-editor.default\">\n\t\t\t\t<div class=\"elementor-widget-container\">\n\t\t\t\t\t\t\t\t\t<p><strong>2.2.<\/strong> You are permitted to download and print materials from the Site solely for your personal, non-commercial use, subject to all rights and obligations.<\/p>\t\t\t\t\t\t\t\t<\/div>\n\t\t\t\t<\/div>\n\t\t\t\t<\/div>\n\t\t<div class=\"elementor-element elementor-element-57b3b57 e-con-full e-flex e-con e-child\" data-id=\"57b3b57\" data-element_type=\"container\" data-e-type=\"container\">\n\t\t\t\t<div class=\"elementor-element elementor-element-a7be592 elementor-widget elementor-widget-heading\" data-id=\"a7be592\" data-element_type=\"widget\" data-e-type=\"widget\" data-widget_type=\"heading.default\">\n\t\t\t\t<div class=\"elementor-widget-container\">\n\t\t\t\t\t<h2 class=\"elementor-heading-title elementor-size-default\">3. Limitations of Liability<\/h2>\t\t\t\t<\/div>\n\t\t\t\t<\/div>\n\t\t\t\t<div class=\"elementor-element elementor-element-8bcb60f elementor-widget-tablet__width-inherit elementor-widget elementor-widget-text-editor\" data-id=\"8bcb60f\" data-element_type=\"widget\" data-e-type=\"widget\" data-widget_type=\"text-editor.default\">\n\t\t\t\t<div class=\"elementor-widget-container\">\n\t\t\t\t\t\t\t\t\t<p><strong>3.1.<\/strong> The University endeavors to provide accurate and up-to-date information on the Site, but assumes no responsibility for its completeness, accuracy or timeliness. Use the information at your own risk.<\/p>\t\t\t\t\t\t\t\t<\/div>\n\t\t\t\t<\/div>\n\t\t\t\t<div class=\"elementor-element elementor-element-5b195fb elementor-widget-tablet__width-inherit elementor-widget elementor-widget-text-editor\" data-id=\"5b195fb\" data-element_type=\"widget\" data-e-type=\"widget\" data-widget_type=\"text-editor.default\">\n\t\t\t\t<div class=\"elementor-widget-container\">\n\t\t\t\t\t\t\t\t\t<p><strong>3.2.<\/strong>\u00a0The University is not responsible for any damage or loss that may occur as a result of using the site or third-party sites that may be referred to.<\/p>\t\t\t\t\t\t\t\t<\/div>\n\t\t\t\t<\/div>\n\t\t\t\t<\/div>\n\t\t<div class=\"elementor-element elementor-element-ad835d0 e-con-full e-flex e-con e-child\" data-id=\"ad835d0\" data-element_type=\"container\" data-e-type=\"container\">\n\t\t\t\t<div class=\"elementor-element elementor-element-ca657dd elementor-widget elementor-widget-heading\" data-id=\"ca657dd\" data-element_type=\"widget\" data-e-type=\"widget\" data-widget_type=\"heading.default\">\n\t\t\t\t<div class=\"elementor-widget-container\">\n\t\t\t\t\t<h2 class=\"elementor-heading-title elementor-size-default\">4. Links to third parties<\/h2>\t\t\t\t<\/div>\n\t\t\t\t<\/div>\n\t\t\t\t<div class=\"elementor-element elementor-element-84f89bc elementor-widget-tablet__width-inherit elementor-widget elementor-widget-text-editor\" data-id=\"84f89bc\" data-element_type=\"widget\" data-e-type=\"widget\" data-widget_type=\"text-editor.default\">\n\t\t\t\t<div class=\"elementor-widget-container\">\n\t\t\t\t\t\t\t\t\t<p><strong>4.1.<\/strong> The Site may contain links to third party sites, which are provided for your convenience. The University is not responsible for the content or privacy policies of those sites.<\/p>\t\t\t\t\t\t\t\t<\/div>\n\t\t\t\t<\/div>\n\t\t\t\t<\/div>\n\t\t<div class=\"elementor-element elementor-element-82ac559 e-con-full e-flex e-con e-child\" data-id=\"82ac559\" data-element_type=\"container\" data-e-type=\"container\">\n\t\t\t\t<div class=\"elementor-element elementor-element-7d0b0ef elementor-widget elementor-widget-heading\" data-id=\"7d0b0ef\" data-element_type=\"widget\" data-e-type=\"widget\" data-widget_type=\"heading.default\">\n\t\t\t\t<div class=\"elementor-widget-container\">\n\t\t\t\t\t<h2 class=\"elementor-heading-title elementor-size-default\">5. Registration and user accounts<\/h2>\t\t\t\t<\/div>\n\t\t\t\t<\/div>\n\t\t\t\t<div class=\"elementor-element elementor-element-a5b67ab elementor-widget-tablet__width-inherit elementor-widget elementor-widget-text-editor\" data-id=\"a5b67ab\" data-element_type=\"widget\" data-e-type=\"widget\" data-widget_type=\"text-editor.default\">\n\t\t\t\t<div class=\"elementor-widget-container\">\n\t\t\t\t\t\t\t\t\t<p><strong>5.1.<\/strong> Access to certain parts of the site may require registration or the creation of an account. Those parts of the site are governed by special terms of use that apply to user accounts.<\/p>\t\t\t\t\t\t\t\t<\/div>\n\t\t\t\t<\/div>\n\t\t\t\t<\/div>\n\t\t<div class=\"elementor-element elementor-element-1cd7c78 e-con-full e-flex e-con e-child\" data-id=\"1cd7c78\" data-element_type=\"container\" data-e-type=\"container\">\n\t\t\t\t<div class=\"elementor-element elementor-element-b7f0ba1 elementor-widget elementor-widget-heading\" data-id=\"b7f0ba1\" data-element_type=\"widget\" data-e-type=\"widget\" data-widget_type=\"heading.default\">\n\t\t\t\t<div class=\"elementor-widget-container\">\n\t\t\t\t\t<h2 class=\"elementor-heading-title elementor-size-default\">6. Modification of the rules of use<\/h2>\t\t\t\t<\/div>\n\t\t\t\t<\/div>\n\t\t\t\t<div class=\"elementor-element elementor-element-790031a elementor-widget-tablet__width-inherit elementor-widget elementor-widget-text-editor\" data-id=\"790031a\" data-element_type=\"widget\" data-e-type=\"widget\" data-widget_type=\"text-editor.default\">\n\t\t\t\t<div class=\"elementor-widget-container\">\n\t\t\t\t\t\t\t\t\t<p><strong>6.1.<\/strong> The University reserves the right to update or modify these rules at any time without prior notice. By regularly checking the terms of use, you will be informed of any changes.<\/p>\t\t\t\t\t\t\t\t<\/div>\n\t\t\t\t<\/div>\n\t\t\t\t<\/div>\n\t\t<div class=\"elementor-element elementor-element-41d17c1 e-con-full e-flex e-con e-child\" data-id=\"41d17c1\" data-element_type=\"container\" data-e-type=\"container\">\n\t\t\t\t<div class=\"elementor-element elementor-element-6f4f8f6 elementor-widget elementor-widget-heading\" data-id=\"6f4f8f6\" data-element_type=\"widget\" data-e-type=\"widget\" data-widget_type=\"heading.default\">\n\t\t\t\t<div class=\"elementor-widget-container\">\n\t\t\t\t\t<h2 class=\"elementor-heading-title elementor-size-default\">7. Contact<\/h2>\t\t\t\t<\/div>\n\t\t\t\t<\/div>\n\t\t\t\t<div class=\"elementor-element elementor-element-11e1b27 elementor-widget-tablet__width-inherit elementor-widget elementor-widget-text-editor\" data-id=\"11e1b27\" data-element_type=\"widget\" data-e-type=\"widget\" data-widget_type=\"text-editor.default\">\n\t\t\t\t<div class=\"elementor-widget-container\">\n\t\t\t\t\t\t\t\t\t<p><strong>7.1.<\/strong> For any questions or comments related to the terms of use, please feel free to contact us at\u00a0<a style=\"font-family: var( --e-global-typography-38c4286-font-family ), Sans-serif; font-size: var( --e-global-typography-38c4286-font-size ); font-weight: var( --e-global-typography-38c4286-font-weight ); letter-spacing: var( --e-global-typography-38c4286-letter-spacing ); word-spacing: var( --e-global-typography-38c4286-word-spacing ); text-align: var(--text-align);\" href=\"mailto:info@unionnikolatesla.edu.rs\"><strong>info@unionnikolatesla.edu.rs<\/strong><\/a><\/p>\t\t\t\t\t\t\t\t<\/div>\n\t\t\t\t<\/div>\n\t\t\t\t<\/div>\n\t\t<div class=\"elementor-element elementor-element-5ca55f2 e-con-full e-flex e-con e-child\" data-id=\"5ca55f2\" data-element_type=\"container\" data-e-type=\"container\">\n\t\t\t\t<div class=\"elementor-element elementor-element-6102ac8 elementor-widget-tablet__width-inherit elementor-widget elementor-widget-text-editor\" data-id=\"6102ac8\" data-element_type=\"widget\" data-e-type=\"widget\" data-widget_type=\"text-editor.default\">\n\t\t\t\t<div class=\"elementor-widget-container\">\n\t\t\t\t\t\t\t\t\t<p>This confirms your understanding and agreement with the stated terms of use of the Union Nikola Tesla University website<\/p>\t\t\t\t\t\t\t\t<\/div>\n\t\t\t\t<\/div>\n\t\t\t\t<\/div>\n\t\t\t\t<\/div>\n\t\t\t\t\t<\/div>\n\t\t\t\t<\/div>\n\t\t\t\t<\/main>\n\t\t\t\t<\/div>","protected":false},"excerpt":{"rendered":"<p>Univerzitet Union Nikola Tesla Poslednje a\u017eurirano: 05.04.2024. Molimo vas da pa\u017eljivo pro\u010ditate ove uslove kori\u0161\u0107enja pre nego \u0161to nastavite sa kori\u0161\u0107enjem na\u0161eg sajta. Pristupanjem i kori\u0161\u0107enjem sajta Univerziteta Union Nikola Tesla, prihvatate i obavezujete se da \u0107ete se pridr\u017eavati slede\u0107ih uslova i obaveza: 1. Uslovi kori\u0161\u0107enja 1.1. Pristup i kori\u0161\u0107enje sajta Univerziteta su regulisani ovim [&hellip;]<\/p>\n","protected":false},"author":1,"featured_media":0,"parent":0,"menu_order":0,"comment_status":"closed","ping_status":"closed","template":"elementor_header_footer","meta":{"_acf_changed":false,"_monsterinsights_skip_tracking":false,"_monsterinsights_sitenote_active":false,"_monsterinsights_sitenote_note":"","_monsterinsights_sitenote_category":0,"footnotes":""},"class_list":["post-9517","page","type-page","status-publish","hentry"],"acf":[],"aioseo_notices":[],"_links":{"self":[{"href":"https:\/\/unt.edu.rs\/en\/wp-json\/wp\/v2\/pages\/9517","targetHints":{"allow":["GET"]}}],"collection":[{"href":"https:\/\/unt.edu.rs\/en\/wp-json\/wp\/v2\/pages"}],"about":[{"href":"https:\/\/unt.edu.rs\/en\/wp-json\/wp\/v2\/types\/page"}],"author":[{"embeddable":true,"href":"https:\/\/unt.edu.rs\/en\/wp-json\/wp\/v2\/users\/1"}],"replies":[{"embeddable":true,"href":"https:\/\/unt.edu.rs\/en\/wp-json\/wp\/v2\/comments?post=9517"}],"version-history":[{"count":0,"href":"https:\/\/unt.edu.rs\/en\/wp-json\/wp\/v2\/pages\/9517\/revisions"}],"wp:attachment":[{"href":"https:\/\/unt.edu.rs\/en\/wp-json\/wp\/v2\/media?parent=9517"}],"curies":[{"name":"wp","href":"https:\/\/api.w.org\/{rel}","templated":true}]}}